{"id":5996,"date":"2025-09-24T19:52:52","date_gmt":"2025-09-24T19:52:52","guid":{"rendered":"https:\/\/modest-napier.216-250-124-103.plesk.page\/index.php\/producto\/solucion-colodial-plata-500-ml-sunatura\/"},"modified":"2025-09-24T20:45:26","modified_gmt":"2025-09-24T20:45:26","slug":"solucion-colodial-plata-500-ml-sunatura","status":"publish","type":"product","link":"https:\/\/modest-napier.216-250-124-103.plesk.page\/index.php\/producto\/solucion-colodial-plata-500-ml-sunatura\/","title":{"rendered":"Plata Coloidal Soluci\u00f3n 500 ml Sunatura"},"content":{"rendered":"<p><strong>Descripci\u00f3n:<\/strong><\/p>\n<p>La <strong>soluci\u00f3n de plata coloidal<\/strong> es un antibi\u00f3tico natural de amplio espectro, es un germicida capaz de eliminar cualquier tipo de virus, par\u00e1sito, bacteria, hongo y todo tipo de pat\u00f3geno da\u00f1ino para el organismo, por otro lado contrario a los antibi\u00f3ticos convencionales, no destruye la flora intestinal ben\u00e9fica, adem\u00e1s act\u00faa como un segundo sistema inmunol\u00f3gico.<\/p>\n<p><strong>Modo de uso:<\/strong><\/p>\n<p>Adultos: 1 cucharada sopera (10ml), conserve la soluci\u00f3n bajo la lengua y mezcle con la saliva durante 60 segundos antes de pasar.<\/p>\n<p>Ni\u00f1os menores de 35 kg: 1 cucharaditas (5ml).<\/p>\n<p>Mascotas: 2 cucharaditas (10ml).<\/p>\n<p><strong>Contenido:<\/strong><\/p>\n<p>500 ml.<\/p>\n","protected":false},"excerpt":{"rendered":"<p>Descripci\u00f3n: La soluci\u00f3n de plata coloidal es un antibi\u00f3tico natural de amplio espectro, es un germicida capaz de eliminar cualquier tipo de virus, par\u00e1sito, bacteria, hongo y todo tipo de [&hellip;]<\/p>\n","protected":false},"featured_media":2548,"comment_status":"open","ping_status":"closed","template":"","meta":[],"product_brand":[388],"product_cat":[337,318],"product_tag":[257],"class_list":{"0":"post-5996","1":"product","2":"type-product","3":"status-publish","4":"has-post-thumbnail","6":"product_brand-naterra","7":"product_cat-productos","8":"product_cat-salud","9":"product_tag-plata-coloidal","11":"first","12":"instock","13":"shipping-taxable","14":"purchasable","15":"product-type-simple"},"_links":{"self":[{"href":"https:\/\/modest-napier.216-250-124-103.plesk.page\/index.php\/wp-json\/wp\/v2\/product\/5996","targetHints":{"allow":["GET"]}}],"collection":[{"href":"https:\/\/modest-napier.216-250-124-103.plesk.page\/index.php\/wp-json\/wp\/v2\/product"}],"about":[{"href":"https:\/\/modest-napier.216-250-124-103.plesk.page\/index.php\/wp-json\/wp\/v2\/types\/product"}],"replies":[{"embeddable":true,"href":"https:\/\/modest-napier.216-250-124-103.plesk.page\/index.php\/wp-json\/wp\/v2\/comments?post=5996"}],"wp:featuredmedia":[{"embeddable":true,"href":"https:\/\/modest-napier.216-250-124-103.plesk.page\/index.php\/wp-json\/wp\/v2\/media\/2548"}],"wp:attachment":[{"href":"https:\/\/modest-napier.216-250-124-103.plesk.page\/index.php\/wp-json\/wp\/v2\/media?parent=5996"}],"wp:term":[{"taxonomy":"product_brand","embeddable":true,"href":"https:\/\/modest-napier.216-250-124-103.plesk.page\/index.php\/wp-json\/wp\/v2\/product_brand?post=5996"},{"taxonomy":"product_cat","embeddable":true,"href":"https:\/\/modest-napier.216-250-124-103.plesk.page\/index.php\/wp-json\/wp\/v2\/product_cat?post=5996"},{"taxonomy":"product_tag","embeddable":true,"href":"https:\/\/modest-napier.216-250-124-103.plesk.page\/index.php\/wp-json\/wp\/v2\/product_tag?post=5996"}],"curies":[{"name":"wp","href":"https:\/\/api.w.org\/{rel}","templated":true}]}}