{"id":5997,"date":"2025-09-24T19:52:55","date_gmt":"2025-09-24T19:52:55","guid":{"rendered":"https:\/\/modest-napier.216-250-124-103.plesk.page\/index.php\/producto\/solucion-fiserul-c-30-ml-gliser\/"},"modified":"2025-09-24T20:44:18","modified_gmt":"2025-09-24T20:44:18","slug":"solucion-fiserul-c-30-ml-gliser","status":"publish","type":"product","link":"https:\/\/modest-napier.216-250-124-103.plesk.page\/index.php\/producto\/solucion-fiserul-c-30-ml-gliser\/","title":{"rendered":"Fiserul Soluci\u00f3n 30 ml Gliser"},"content":{"rendered":"<p data-mce-fragment=\"1\"><strong data-mce-fragment=\"1\">Descripci\u00f3n:<\/strong><\/p>\n<p data-mce-fragment=\"1\"><span>La <strong>soluci\u00f3n Fiserul<\/strong> es auxiliar en el tratamiento de algunos casos de c\u00e1lculos biliares y renales, niveles altos de colesterol y l\u00edpidos en la sangre.<\/span><\/p>\n<p data-mce-fragment=\"1\"><strong>Ingredientes:<\/strong><\/p>\n<p data-mce-fragment=\"1\"><span>Guatteria Gaumeri, Berberis Vulgaris, Hydrangea Arborescens, Calcarea Carbonica.<\/span><\/p>\n<p data-mce-fragment=\"1\"><strong data-mce-fragment=\"1\">Modo de uso:<\/strong><\/p>\n<p data-mce-fragment=\"1\">Tomar 10 gotas disueltas en medio vaso de agua antes de los alimentos.<\/p>\n<p data-mce-fragment=\"1\"><strong data-mce-fragment=\"1\">Contenido:<\/strong><\/p>\n<p data-mce-fragment=\"1\">30 ml.<\/p>\n","protected":false},"excerpt":{"rendered":"<p>Descripci\u00f3n: La soluci\u00f3n Fiserul es auxiliar en el tratamiento de algunos casos de c\u00e1lculos biliares y renales, niveles altos de colesterol y l\u00edpidos en la sangre. Ingredientes: Guatteria Gaumeri, Berberis [&hellip;]<\/p>\n","protected":false},"featured_media":2549,"comment_status":"open","ping_status":"closed","template":"","meta":[],"product_brand":[506],"product_cat":[308,337,318],"product_tag":[],"class_list":{"0":"post-5997","1":"product","2":"type-product","3":"status-publish","4":"has-post-thumbnail","6":"product_brand-gliser","7":"product_cat-nutricion","8":"product_cat-productos","9":"product_cat-salud","11":"first","12":"outofstock","13":"shipping-taxable","14":"purchasable","15":"product-type-simple"},"_links":{"self":[{"href":"https:\/\/modest-napier.216-250-124-103.plesk.page\/index.php\/wp-json\/wp\/v2\/product\/5997","targetHints":{"allow":["GET"]}}],"collection":[{"href":"https:\/\/modest-napier.216-250-124-103.plesk.page\/index.php\/wp-json\/wp\/v2\/product"}],"about":[{"href":"https:\/\/modest-napier.216-250-124-103.plesk.page\/index.php\/wp-json\/wp\/v2\/types\/product"}],"replies":[{"embeddable":true,"href":"https:\/\/modest-napier.216-250-124-103.plesk.page\/index.php\/wp-json\/wp\/v2\/comments?post=5997"}],"wp:featuredmedia":[{"embeddable":true,"href":"https:\/\/modest-napier.216-250-124-103.plesk.page\/index.php\/wp-json\/wp\/v2\/media\/2549"}],"wp:attachment":[{"href":"https:\/\/modest-napier.216-250-124-103.plesk.page\/index.php\/wp-json\/wp\/v2\/media?parent=5997"}],"wp:term":[{"taxonomy":"product_brand","embeddable":true,"href":"https:\/\/modest-napier.216-250-124-103.plesk.page\/index.php\/wp-json\/wp\/v2\/product_brand?post=5997"},{"taxonomy":"product_cat","embeddable":true,"href":"https:\/\/modest-napier.216-250-124-103.plesk.page\/index.php\/wp-json\/wp\/v2\/product_cat?post=5997"},{"taxonomy":"product_tag","embeddable":true,"href":"https:\/\/modest-napier.216-250-124-103.plesk.page\/index.php\/wp-json\/wp\/v2\/product_tag?post=5997"}],"curies":[{"name":"wp","href":"https:\/\/api.w.org\/{rel}","templated":true}]}}