{"id":5999,"date":"2025-09-24T19:52:57","date_gmt":"2025-09-24T19:52:57","guid":{"rendered":"https:\/\/modest-napier.216-250-124-103.plesk.page\/index.php\/producto\/soluto-vital-gotero-con-15-ml-cotefasa\/"},"modified":"2025-09-24T20:47:13","modified_gmt":"2025-09-24T20:47:13","slug":"soluto-vital-gotero-con-15-ml-cotefasa","status":"publish","type":"product","link":"https:\/\/modest-napier.216-250-124-103.plesk.page\/index.php\/producto\/soluto-vital-gotero-con-15-ml-cotefasa\/","title":{"rendered":"Soluto Vital (T\u00e1rtaro em\u00e9tico) 15 ml Cotefasa"},"content":{"rendered":"<p><strong>Descripci\u00f3n:<\/strong><\/p>\n<p><!--\n\n<p>Produce v\u00f3mito (em\u00e9tico), indicado para personas que abusen de las bebidas alcoh\u00f3licas.<\/p>\n\n--><\/p>\n<p><strong>Soluto Vital (t\u00e1rtaro em\u00e9tico)<\/strong>, es una herramienta para aquellas personas que luchan con el abuso de bebidas alcoh\u00f3licas. <em>Soluto vital se utiliza para inducir el v\u00f3mito.<\/em> Si est\u00e1s decidido a tomar medidas para controlar tu consumo de alcohol, consulta con un profesional de la salud antes de usar este producto. Recuerda que tu bienestar y salud son lo m\u00e1s importante.<\/p>\n<p><strong>Modo de uso:<\/strong><\/p>\n<p>Tomar 20 a 25 gotas diarias en ayunas en una copita de aguardiente o cualquier licor.<\/p>\n<p><strong>Contenido:<\/strong><\/p>\n<p>15 ml.<\/p>\n","protected":false},"excerpt":{"rendered":"<p>Descripci\u00f3n: Soluto Vital (t\u00e1rtaro em\u00e9tico), es una herramienta para aquellas personas que luchan con el abuso de bebidas alcoh\u00f3licas. Soluto vital se utiliza para inducir el v\u00f3mito. Si est\u00e1s decidido [&hellip;]<\/p>\n","protected":false},"featured_media":2551,"comment_status":"open","ping_status":"closed","template":"","meta":[],"product_brand":[618],"product_cat":[337,318],"product_tag":[],"class_list":{"0":"post-5999","1":"product","2":"type-product","3":"status-publish","4":"has-post-thumbnail","6":"product_brand-cotefasa","7":"product_cat-productos","8":"product_cat-salud","10":"first","11":"outofstock","12":"shipping-taxable","13":"purchasable","14":"product-type-simple"},"_links":{"self":[{"href":"https:\/\/modest-napier.216-250-124-103.plesk.page\/index.php\/wp-json\/wp\/v2\/product\/5999","targetHints":{"allow":["GET"]}}],"collection":[{"href":"https:\/\/modest-napier.216-250-124-103.plesk.page\/index.php\/wp-json\/wp\/v2\/product"}],"about":[{"href":"https:\/\/modest-napier.216-250-124-103.plesk.page\/index.php\/wp-json\/wp\/v2\/types\/product"}],"replies":[{"embeddable":true,"href":"https:\/\/modest-napier.216-250-124-103.plesk.page\/index.php\/wp-json\/wp\/v2\/comments?post=5999"}],"wp:featuredmedia":[{"embeddable":true,"href":"https:\/\/modest-napier.216-250-124-103.plesk.page\/index.php\/wp-json\/wp\/v2\/media\/2551"}],"wp:attachment":[{"href":"https:\/\/modest-napier.216-250-124-103.plesk.page\/index.php\/wp-json\/wp\/v2\/media?parent=5999"}],"wp:term":[{"taxonomy":"product_brand","embeddable":true,"href":"https:\/\/modest-napier.216-250-124-103.plesk.page\/index.php\/wp-json\/wp\/v2\/product_brand?post=5999"},{"taxonomy":"product_cat","embeddable":true,"href":"https:\/\/modest-napier.216-250-124-103.plesk.page\/index.php\/wp-json\/wp\/v2\/product_cat?post=5999"},{"taxonomy":"product_tag","embeddable":true,"href":"https:\/\/modest-napier.216-250-124-103.plesk.page\/index.php\/wp-json\/wp\/v2\/product_tag?post=5999"}],"curies":[{"name":"wp","href":"https:\/\/api.w.org\/{rel}","templated":true}]}}