{"id":6002,"date":"2025-09-24T19:53:02","date_gmt":"2025-09-24T19:53:02","guid":{"rendered":"https:\/\/modest-napier.216-250-124-103.plesk.page\/index.php\/producto\/spray-de-reishi-y-propoleo-c-25ml-shelo-nabel\/"},"modified":"2025-09-24T20:45:31","modified_gmt":"2025-09-24T20:45:31","slug":"spray-de-reishi-y-propoleo-c-25ml-shelo-nabel","status":"publish","type":"product","link":"https:\/\/modest-napier.216-250-124-103.plesk.page\/index.php\/producto\/spray-de-reishi-y-propoleo-c-25ml-shelo-nabel\/","title":{"rendered":"Spray de Reishi y Prop\u00f3leo 25 ml Shelo Nabel"},"content":{"rendered":"<p data-mce-fragment=\"1\"><strong data-mce-fragment=\"1\">Descripci\u00f3n:<\/strong><\/p>\n<p><span data-offset-key=\"8bmbq-0-0\">El <strong>spray de reishi y prop\u00f3leo<\/strong> tiene los siguientes beneficios:<\/span><\/p>\n<ul>\n<li class=\"public-DraftStyleDefault-block public-DraftStyleDefault-ltr\" data-offset-key=\"8bmbq-0-0\">\n<span data-offset-key=\"8bmbq-0-0\">Ayuda a disminuir el dolor de garganta y ronquera, a<\/span>dem\u00e1s a desinflamar enc\u00edas.<\/li>\n<li class=\"public-DraftStyleDefault-block public-DraftStyleDefault-ltr\" data-offset-key=\"8bmbq-0-0\">\n<span data-offset-key=\"6kqf6-0-0\">Auxiliar en la limpieza bucal, por lo tanto\u00a0<\/span><span data-offset-key=\"crhvv-0-0\">\u00a0es bactericida y antiviral.<\/span>\n<\/li>\n<li class=\"public-DraftStyleDefault-block public-DraftStyleDefault-ltr\" data-offset-key=\"8bmbq-0-0\">Tambi\u00e9n contiene propiedades antioxidantes y regeneradoras.<\/li>\n<\/ul>\n<p data-mce-fragment=\"1\"><strong data-mce-fragment=\"1\">Modo de uso:<\/strong><\/p>\n<p data-mce-fragment=\"1\"><span>Aplicar de 1 a 3 atomizaciones en el interior de la boca, 2 o 3 veces al d\u00eda.<\/span><\/p>\n<p data-mce-fragment=\"1\"><strong data-mce-fragment=\"1\">Contenido:<\/strong><\/p>\n<p data-mce-fragment=\"1\">25 ml.<\/p>\n","protected":false},"excerpt":{"rendered":"<p>Descripci\u00f3n: El spray de reishi y prop\u00f3leo tiene los siguientes beneficios: Ayuda a disminuir el dolor de garganta y ronquera, adem\u00e1s a desinflamar enc\u00edas. Auxiliar en la limpieza bucal, por [&hellip;]<\/p>\n","protected":false},"featured_media":2554,"comment_status":"open","ping_status":"closed","template":"","meta":[],"product_brand":[538],"product_cat":[337,318,327],"product_tag":[84],"class_list":{"0":"post-6002","1":"product","2":"type-product","3":"status-publish","4":"has-post-thumbnail","6":"product_brand-honey-celaya","7":"product_cat-productos","8":"product_cat-salud","9":"product_cat-sistema-respiratorio","10":"product_tag-propoleo","12":"first","13":"instock","14":"shipping-taxable","15":"purchasable","16":"product-type-simple"},"_links":{"self":[{"href":"https:\/\/modest-napier.216-250-124-103.plesk.page\/index.php\/wp-json\/wp\/v2\/product\/6002","targetHints":{"allow":["GET"]}}],"collection":[{"href":"https:\/\/modest-napier.216-250-124-103.plesk.page\/index.php\/wp-json\/wp\/v2\/product"}],"about":[{"href":"https:\/\/modest-napier.216-250-124-103.plesk.page\/index.php\/wp-json\/wp\/v2\/types\/product"}],"replies":[{"embeddable":true,"href":"https:\/\/modest-napier.216-250-124-103.plesk.page\/index.php\/wp-json\/wp\/v2\/comments?post=6002"}],"wp:featuredmedia":[{"embeddable":true,"href":"https:\/\/modest-napier.216-250-124-103.plesk.page\/index.php\/wp-json\/wp\/v2\/media\/2554"}],"wp:attachment":[{"href":"https:\/\/modest-napier.216-250-124-103.plesk.page\/index.php\/wp-json\/wp\/v2\/media?parent=6002"}],"wp:term":[{"taxonomy":"product_brand","embeddable":true,"href":"https:\/\/modest-napier.216-250-124-103.plesk.page\/index.php\/wp-json\/wp\/v2\/product_brand?post=6002"},{"taxonomy":"product_cat","embeddable":true,"href":"https:\/\/modest-napier.216-250-124-103.plesk.page\/index.php\/wp-json\/wp\/v2\/product_cat?post=6002"},{"taxonomy":"product_tag","embeddable":true,"href":"https:\/\/modest-napier.216-250-124-103.plesk.page\/index.php\/wp-json\/wp\/v2\/product_tag?post=6002"}],"curies":[{"name":"wp","href":"https:\/\/api.w.org\/{rel}","templated":true}]}}