{"id":6003,"date":"2025-09-24T19:53:03","date_gmt":"2025-09-24T19:53:03","guid":{"rendered":"https:\/\/modest-napier.216-250-124-103.plesk.page\/index.php\/producto\/spray-pink-gel-femenino-c-4-5-ml-blinlabeliminado\/"},"modified":"2025-09-24T19:53:04","modified_gmt":"2025-09-24T19:53:04","slug":"spray-pink-gel-femenino-c-4-5-ml-blinlabeliminado","status":"publish","type":"product","link":"https:\/\/modest-napier.216-250-124-103.plesk.page\/index.php\/producto\/spray-pink-gel-femenino-c-4-5-ml-blinlabeliminado\/","title":{"rendered":"SPRAY PINK GEL FEMENINO C\/4.5 ML BLINLAB(ELIMINADO)"},"content":{"rendered":"<p data-mce-fragment=\"1\"><strong data-mce-fragment=\"1\">Descripci\u00f3n:<\/strong><\/p>\n<p data-mce-fragment=\"1\"><span>Es un Gel Lubricante Femenino que aumenta la sensibilidad del Cl\u00edtoris y la zona Vaginal para obtener un Orgasmo m\u00e1s intenso. Pink Gel Femenino\u00ae contiene una f\u00f3rmula org\u00e1nica dise\u00f1ada a base de coco, libre de agentes qu\u00edmicos, que sirve como un Lubricante Natural, la f\u00f3rmula contiene un m\u00ednimo grado de Mentol Org\u00e1nico que aumenta la sensibilidad en el cl\u00edtoris.<\/span><\/p>\n<p data-mce-fragment=\"1\"><strong data-mce-fragment=\"1\">Modo de uso:<\/strong><\/p>\n<p data-mce-fragment=\"1\"><span>Aplicar una cantidad generosa y untar suavemente, alcanzar el \u00e9xtasis con sensaciones \u00fanicas.<\/span><\/p>\n<p data-mce-fragment=\"1\"><strong data-mce-fragment=\"1\">Contenido:<\/strong><\/p>\n<p data-mce-fragment=\"1\">4.5 ML.<\/p>\n","protected":false},"excerpt":{"rendered":"<p>Descripci\u00f3n: Es un Gel Lubricante Femenino que aumenta la sensibilidad del Cl\u00edtoris y la zona Vaginal para obtener un Orgasmo m\u00e1s intenso. Pink Gel Femenino\u00ae contiene una f\u00f3rmula org\u00e1nica dise\u00f1ada [&hellip;]<\/p>\n","protected":false},"featured_media":2555,"comment_status":"open","ping_status":"closed","template":"","meta":[],"product_brand":[],"product_cat":[337],"product_tag":[],"class_list":{"0":"post-6003","1":"product","2":"type-product","3":"status-publish","4":"has-post-thumbnail","6":"product_cat-productos","8":"first","9":"outofstock","10":"shipping-taxable","11":"purchasable","12":"product-type-simple"},"_links":{"self":[{"href":"https:\/\/modest-napier.216-250-124-103.plesk.page\/index.php\/wp-json\/wp\/v2\/product\/6003","targetHints":{"allow":["GET"]}}],"collection":[{"href":"https:\/\/modest-napier.216-250-124-103.plesk.page\/index.php\/wp-json\/wp\/v2\/product"}],"about":[{"href":"https:\/\/modest-napier.216-250-124-103.plesk.page\/index.php\/wp-json\/wp\/v2\/types\/product"}],"replies":[{"embeddable":true,"href":"https:\/\/modest-napier.216-250-124-103.plesk.page\/index.php\/wp-json\/wp\/v2\/comments?post=6003"}],"wp:featuredmedia":[{"embeddable":true,"href":"https:\/\/modest-napier.216-250-124-103.plesk.page\/index.php\/wp-json\/wp\/v2\/media\/2555"}],"wp:attachment":[{"href":"https:\/\/modest-napier.216-250-124-103.plesk.page\/index.php\/wp-json\/wp\/v2\/media?parent=6003"}],"wp:term":[{"taxonomy":"product_brand","embeddable":true,"href":"https:\/\/modest-napier.216-250-124-103.plesk.page\/index.php\/wp-json\/wp\/v2\/product_brand?post=6003"},{"taxonomy":"product_cat","embeddable":true,"href":"https:\/\/modest-napier.216-250-124-103.plesk.page\/index.php\/wp-json\/wp\/v2\/product_cat?post=6003"},{"taxonomy":"product_tag","embeddable":true,"href":"https:\/\/modest-napier.216-250-124-103.plesk.page\/index.php\/wp-json\/wp\/v2\/product_tag?post=6003"}],"curies":[{"name":"wp","href":"https:\/\/api.w.org\/{rel}","templated":true}]}}