{"id":6004,"date":"2025-09-24T19:53:04","date_gmt":"2025-09-24T19:53:04","guid":{"rendered":"https:\/\/modest-napier.216-250-124-103.plesk.page\/index.php\/producto\/spray-prolong-pocket-retardante-c-4-5-ml-blinlab\/"},"modified":"2025-09-24T19:53:06","modified_gmt":"2025-09-24T19:53:06","slug":"spray-prolong-pocket-retardante-c-4-5-ml-blinlab","status":"publish","type":"product","link":"https:\/\/modest-napier.216-250-124-103.plesk.page\/index.php\/producto\/spray-prolong-pocket-retardante-c-4-5-ml-blinlab\/","title":{"rendered":"SPRAY PROLONG POCKET RETARDANTE C\/4.5 ML BLINLAB"},"content":{"rendered":"<p data-mce-fragment=\"1\"><strong data-mce-fragment=\"1\">Descripci\u00f3n:<\/strong><\/p>\n<p>Para mejorar la experiencia, Blinlab ha creado este <strong>Spray Desensibilizarte Retardante Prolong Pocket<\/strong>, justo lo que necesitas para maximizar tu encuentro sexual. Conseguir\u00e1s durar m\u00e1s, adem\u00e1s de obtener una mejor intensidad y dureza, el empuje que necesitabas.<\/p>\n<p>A diferencia del\u00a0cond\u00f3n retardante, este solo tienes que\u00a0rociar tu pene, al rededor de 3 atomizaciones deber\u00eda bastar, recomendamos probar poco a poco la primera vez para conocer tu dosis,\u00a0esperar 5 a 10 minutos antes de tener relaciones sexuales. No exceder m\u00e1s de 10 aplicaciones diarias. ya no tendr\u00e1s que pensar en la\u00a0eyaculaci\u00f3n precoz.\u00a0<\/p>\n<p data-mce-fragment=\"1\"><strong data-mce-fragment=\"1\">Modo de uso:<\/strong><\/p>\n<ol>\n<li>Retira la tapa<\/li>\n<li>Presione el atomizador y aplique en la zona deseada al menos 3 veces.<\/li>\n<li>Dejar que actu\u00e9 por 5 minutos antes de tener relaciones.<\/li>\n<li>Lavarse al final del acto.<\/li>\n<\/ol>\n<p data-mce-fragment=\"1\"><strong data-mce-fragment=\"1\">Contenido:<\/strong><\/p>\n<p data-mce-fragment=\"1\">4.5 ml.<\/p>\n","protected":false},"excerpt":{"rendered":"<p>Descripci\u00f3n: Para mejorar la experiencia, Blinlab ha creado este Spray Desensibilizarte Retardante Prolong Pocket, justo lo que necesitas para maximizar tu encuentro sexual. Conseguir\u00e1s durar m\u00e1s, adem\u00e1s de obtener una [&hellip;]<\/p>\n","protected":false},"featured_media":2556,"comment_status":"open","ping_status":"closed","template":"","meta":[],"product_brand":[],"product_cat":[337,324],"product_tag":[],"class_list":{"0":"post-6004","1":"product","2":"type-product","3":"status-publish","4":"has-post-thumbnail","6":"product_cat-productos","7":"product_cat-sexualidad","9":"first","10":"outofstock","11":"shipping-taxable","12":"purchasable","13":"product-type-simple"},"_links":{"self":[{"href":"https:\/\/modest-napier.216-250-124-103.plesk.page\/index.php\/wp-json\/wp\/v2\/product\/6004","targetHints":{"allow":["GET"]}}],"collection":[{"href":"https:\/\/modest-napier.216-250-124-103.plesk.page\/index.php\/wp-json\/wp\/v2\/product"}],"about":[{"href":"https:\/\/modest-napier.216-250-124-103.plesk.page\/index.php\/wp-json\/wp\/v2\/types\/product"}],"replies":[{"embeddable":true,"href":"https:\/\/modest-napier.216-250-124-103.plesk.page\/index.php\/wp-json\/wp\/v2\/comments?post=6004"}],"wp:featuredmedia":[{"embeddable":true,"href":"https:\/\/modest-napier.216-250-124-103.plesk.page\/index.php\/wp-json\/wp\/v2\/media\/2556"}],"wp:attachment":[{"href":"https:\/\/modest-napier.216-250-124-103.plesk.page\/index.php\/wp-json\/wp\/v2\/media?parent=6004"}],"wp:term":[{"taxonomy":"product_brand","embeddable":true,"href":"https:\/\/modest-napier.216-250-124-103.plesk.page\/index.php\/wp-json\/wp\/v2\/product_brand?post=6004"},{"taxonomy":"product_cat","embeddable":true,"href":"https:\/\/modest-napier.216-250-124-103.plesk.page\/index.php\/wp-json\/wp\/v2\/product_cat?post=6004"},{"taxonomy":"product_tag","embeddable":true,"href":"https:\/\/modest-napier.216-250-124-103.plesk.page\/index.php\/wp-json\/wp\/v2\/product_tag?post=6004"}],"curies":[{"name":"wp","href":"https:\/\/api.w.org\/{rel}","templated":true}]}}