{"id":6006,"date":"2025-09-24T19:53:07","date_gmt":"2025-09-24T19:53:07","guid":{"rendered":"https:\/\/modest-napier.216-250-124-103.plesk.page\/index.php\/producto\/stevia-liquida-c-50-ml-azukre\/"},"modified":"2025-09-24T20:44:51","modified_gmt":"2025-09-24T20:44:51","slug":"stevia-liquida-50-ml-azukre","status":"publish","type":"product","link":"https:\/\/modest-napier.216-250-124-103.plesk.page\/index.php\/producto\/stevia-liquida-50-ml-azukre\/","title":{"rendered":"Stevia L\u00edquida 50 ml Azukre"},"content":{"rendered":"<p data-mce-fragment=\"1\"><strong data-mce-fragment=\"1\">Descripci\u00f3n:<\/strong><\/p>\n<p data-mce-fragment=\"1\">El <strong>endulzande de Stevia l\u00edquida<\/strong> es de \u00edndice<span>\u00a0glic\u00e9mico\u00a00, sin calor\u00edas\u00a0ni gluten, ideal para\u00a0<\/span>diab\u00e9ticos<\/p>\n<p data-mce-fragment=\"1\"><strong data-mce-fragment=\"1\">Modo de uso:<\/strong><\/p>\n<p data-mce-fragment=\"1\"><span>Agitar antes de usar, ideal para bebidas fr\u00edas\u00a0o calientes, usar de gota en gota hasta obtener el dulzor deseado.<\/span><\/p>\n<p data-mce-fragment=\"1\"><strong data-mce-fragment=\"1\">Contenido:<\/strong><\/p>\n<p data-mce-fragment=\"1\">50 ml.<\/p>\n","protected":false},"excerpt":{"rendered":"<p>Descripci\u00f3n: El endulzande de Stevia l\u00edquida es de \u00edndice\u00a0glic\u00e9mico\u00a00, sin calor\u00edas\u00a0ni gluten, ideal para\u00a0diab\u00e9ticos Modo de uso: Agitar antes de usar, ideal para bebidas fr\u00edas\u00a0o calientes, usar de gota en [&hellip;]<\/p>\n","protected":false},"featured_media":2558,"comment_status":"open","ping_status":"closed","template":"","meta":[],"product_brand":[528],"product_cat":[306,308,337],"product_tag":[99],"class_list":{"0":"post-6006","1":"product","2":"type-product","3":"status-publish","4":"has-post-thumbnail","6":"product_brand-azukre","7":"product_cat-mieles-dulces-y-endulzantes","8":"product_cat-nutricion","9":"product_cat-productos","10":"product_tag-stevia","12":"first","13":"outofstock","14":"shipping-taxable","15":"purchasable","16":"product-type-simple"},"_links":{"self":[{"href":"https:\/\/modest-napier.216-250-124-103.plesk.page\/index.php\/wp-json\/wp\/v2\/product\/6006","targetHints":{"allow":["GET"]}}],"collection":[{"href":"https:\/\/modest-napier.216-250-124-103.plesk.page\/index.php\/wp-json\/wp\/v2\/product"}],"about":[{"href":"https:\/\/modest-napier.216-250-124-103.plesk.page\/index.php\/wp-json\/wp\/v2\/types\/product"}],"replies":[{"embeddable":true,"href":"https:\/\/modest-napier.216-250-124-103.plesk.page\/index.php\/wp-json\/wp\/v2\/comments?post=6006"}],"wp:featuredmedia":[{"embeddable":true,"href":"https:\/\/modest-napier.216-250-124-103.plesk.page\/index.php\/wp-json\/wp\/v2\/media\/2558"}],"wp:attachment":[{"href":"https:\/\/modest-napier.216-250-124-103.plesk.page\/index.php\/wp-json\/wp\/v2\/media?parent=6006"}],"wp:term":[{"taxonomy":"product_brand","embeddable":true,"href":"https:\/\/modest-napier.216-250-124-103.plesk.page\/index.php\/wp-json\/wp\/v2\/product_brand?post=6006"},{"taxonomy":"product_cat","embeddable":true,"href":"https:\/\/modest-napier.216-250-124-103.plesk.page\/index.php\/wp-json\/wp\/v2\/product_cat?post=6006"},{"taxonomy":"product_tag","embeddable":true,"href":"https:\/\/modest-napier.216-250-124-103.plesk.page\/index.php\/wp-json\/wp\/v2\/product_tag?post=6006"}],"curies":[{"name":"wp","href":"https:\/\/api.w.org\/{rel}","templated":true}]}}