{"id":6009,"date":"2025-09-24T19:53:12","date_gmt":"2025-09-24T19:53:12","guid":{"rendered":"https:\/\/modest-napier.216-250-124-103.plesk.page\/index.php\/producto\/tab-dolo-campolon-oro-c-100-the-king\/"},"modified":"2025-09-24T20:43:51","modified_gmt":"2025-09-24T20:43:51","slug":"dolo-campolon-oro","status":"publish","type":"product","link":"https:\/\/modest-napier.216-250-124-103.plesk.page\/index.php\/producto\/dolo-campolon-oro\/","title":{"rendered":"Dolo Campol\u00f3n Oro 100 c\u00e1psulas The King"},"content":{"rendered":"<p><strong>Descripci\u00f3n:<\/strong><br \/>El suplemento <strong>Dolo Campol\u00f3n Oro<\/strong> es auxiliar para dolores y contracturas musculares.<\/p>\n<p><strong>Ingredientes:<\/strong><br \/>Diclofenaco y naproxeno s\u00f3dico.<\/p>\n<p><strong>Modo de uso:<\/strong><br \/>Tomar dos tabletas antes de cada alimento.<\/p>\n<p><strong>Contenido:<\/strong><br \/> 100 Tab.<\/p>\n","protected":false},"excerpt":{"rendered":"<p>Descripci\u00f3n:El suplemento Dolo Campol\u00f3n Oro es auxiliar para dolores y contracturas musculares. Ingredientes:Diclofenaco y naproxeno s\u00f3dico. Modo de uso:Tomar dos tabletas antes de cada alimento. Contenido: 100 Tab.<\/p>\n","protected":false},"featured_media":2561,"comment_status":"open","ping_status":"closed","template":"","meta":[],"product_brand":[391],"product_cat":[337,318],"product_tag":[],"class_list":{"0":"post-6009","1":"product","2":"type-product","3":"status-publish","4":"has-post-thumbnail","6":"product_brand-the-king","7":"product_cat-productos","8":"product_cat-salud","10":"first","11":"instock","12":"shipping-taxable","13":"purchasable","14":"product-type-simple"},"_links":{"self":[{"href":"https:\/\/modest-napier.216-250-124-103.plesk.page\/index.php\/wp-json\/wp\/v2\/product\/6009","targetHints":{"allow":["GET"]}}],"collection":[{"href":"https:\/\/modest-napier.216-250-124-103.plesk.page\/index.php\/wp-json\/wp\/v2\/product"}],"about":[{"href":"https:\/\/modest-napier.216-250-124-103.plesk.page\/index.php\/wp-json\/wp\/v2\/types\/product"}],"replies":[{"embeddable":true,"href":"https:\/\/modest-napier.216-250-124-103.plesk.page\/index.php\/wp-json\/wp\/v2\/comments?post=6009"}],"wp:featuredmedia":[{"embeddable":true,"href":"https:\/\/modest-napier.216-250-124-103.plesk.page\/index.php\/wp-json\/wp\/v2\/media\/2561"}],"wp:attachment":[{"href":"https:\/\/modest-napier.216-250-124-103.plesk.page\/index.php\/wp-json\/wp\/v2\/media?parent=6009"}],"wp:term":[{"taxonomy":"product_brand","embeddable":true,"href":"https:\/\/modest-napier.216-250-124-103.plesk.page\/index.php\/wp-json\/wp\/v2\/product_brand?post=6009"},{"taxonomy":"product_cat","embeddable":true,"href":"https:\/\/modest-napier.216-250-124-103.plesk.page\/index.php\/wp-json\/wp\/v2\/product_cat?post=6009"},{"taxonomy":"product_tag","embeddable":true,"href":"https:\/\/modest-napier.216-250-124-103.plesk.page\/index.php\/wp-json\/wp\/v2\/product_tag?post=6009"}],"curies":[{"name":"wp","href":"https:\/\/api.w.org\/{rel}","templated":true}]}}