{"id":6015,"date":"2025-09-24T19:53:20","date_gmt":"2025-09-24T19:53:20","guid":{"rendered":"https:\/\/modest-napier.216-250-124-103.plesk.page\/index.php\/producto\/tab-acido-glutamico-c-90-vidanat\/"},"modified":"2025-09-24T20:44:03","modified_gmt":"2025-09-24T20:44:03","slug":"tab-acido-glutamico-c-90-vidanat","status":"publish","type":"product","link":"https:\/\/modest-napier.216-250-124-103.plesk.page\/index.php\/producto\/tab-acido-glutamico-c-90-vidanat\/","title":{"rendered":"\u00c1cido Glut\u00e1mico 90 c\u00e1psulas Vidanat"},"content":{"rendered":"<p><meta charset=\"utf-8\"><\/p>\n<p><span data-sheets-userformat='{\"2\":14913,\"3\":{\"1\":0},\"9\":1,\"12\":0,\"14\":{\"1\":2,\"2\":2173750},\"15\":\"Arial\",\"16\":9}' data-sheets-value='{\"1\":2,\"2\":\"Descripci\u00f3n:n Es un estimualte del sistema neurologico y nervioso que ayuda a mejorar el rendimineto cognitivo y fisicoa, aportando energia .n.nModo de uso:nnTomar 1 tableta 3 veces al dia. nnContenido:nn90 Tabletas\"}'><strong>Descripci\u00f3n:\u00a0<\/strong><\/span><\/p>\n<p><span data-sheets-userformat='{\"2\":14913,\"3\":{\"1\":0},\"9\":1,\"12\":0,\"14\":{\"1\":2,\"2\":2173750},\"15\":\"Arial\",\"16\":9}' data-sheets-value='{\"1\":2,\"2\":\"Descripci\u00f3n:n Es un estimualte del sistema neurologico y nervioso que ayuda a mejorar el rendimineto cognitivo y fisicoa, aportando energia .n.nModo de uso:nnTomar 1 tableta 3 veces al dia. nnContenido:nn90 Tabletas\"}'>El <strong>\u00e1cido glut\u00e1mico en tabletas<\/strong> es un estimulante del sistema neurol\u00f3gico y nervioso que ayuda a mejorar el rendimiento cognitivo y f\u00edsico, aportando energ\u00eda.<\/span><\/p>\n<p><span data-sheets-userformat='{\"2\":14913,\"3\":{\"1\":0},\"9\":1,\"12\":0,\"14\":{\"1\":2,\"2\":2173750},\"15\":\"Arial\",\"16\":9}' data-sheets-value='{\"1\":2,\"2\":\"Descripci\u00f3n:n Es un estimualte del sistema neurologico y nervioso que ayuda a mejorar el rendimineto cognitivo y fisicoa, aportando energia .n.nModo de uso:nnTomar 1 tableta 3 veces al dia. nnContenido:nn90 Tabletas\"}'><strong>Modo de uso:<\/strong><\/span><\/p>\n<p><span data-sheets-userformat='{\"2\":14913,\"3\":{\"1\":0},\"9\":1,\"12\":0,\"14\":{\"1\":2,\"2\":2173750},\"15\":\"Arial\",\"16\":9}' data-sheets-value='{\"1\":2,\"2\":\"Descripci\u00f3n:n Es un estimualte del sistema neurologico y nervioso que ayuda a mejorar el rendimineto cognitivo y fisicoa, aportando energia .n.nModo de uso:nnTomar 1 tableta 3 veces al dia. nnContenido:nn90 Tabletas\"}'>Tomar 1 tableta 3 veces al d\u00eda.<\/span><\/p>\n<p><span data-sheets-userformat='{\"2\":14913,\"3\":{\"1\":0},\"9\":1,\"12\":0,\"14\":{\"1\":2,\"2\":2173750},\"15\":\"Arial\",\"16\":9}' data-sheets-value='{\"1\":2,\"2\":\"Descripci\u00f3n:n Es un estimualte del sistema neurologico y nervioso que ayuda a mejorar el rendimineto cognitivo y fisicoa, aportando energia .n.nModo de uso:nnTomar 1 tableta 3 veces al dia. nnContenido:nn90 Tabletas\"}'><strong>Contenido:\u00a0<\/strong><\/span><\/p>\n<p><span data-sheets-userformat='{\"2\":14913,\"3\":{\"1\":0},\"9\":1,\"12\":0,\"14\":{\"1\":2,\"2\":2173750},\"15\":\"Arial\",\"16\":9}' data-sheets-value='{\"1\":2,\"2\":\"Descripci\u00f3n:n Es un estimualte del sistema neurologico y nervioso que ayuda a mejorar el rendimineto cognitivo y fisicoa, aportando energia .n.nModo de uso:nnTomar 1 tableta 3 veces al dia. nnContenido:nn90 Tabletas\"}'>90 tabletas.<\/span><\/p>\n","protected":false},"excerpt":{"rendered":"<p>Descripci\u00f3n:\u00a0 El \u00e1cido glut\u00e1mico en tabletas es un estimulante del sistema neurol\u00f3gico y nervioso que ayuda a mejorar el rendimiento cognitivo y f\u00edsico, aportando energ\u00eda. Modo de uso: Tomar 1 [&hellip;]<\/p>\n","protected":false},"featured_media":2568,"comment_status":"open","ping_status":"closed","template":"","meta":[],"product_brand":[354],"product_cat":[290,337,318],"product_tag":[81],"class_list":{"0":"post-6015","1":"product","2":"type-product","3":"status-publish","4":"has-post-thumbnail","6":"product_brand-vidanat","7":"product_cat-cerebro-y-memoria","8":"product_cat-productos","9":"product_cat-salud","10":"product_tag-acido-glutamico","12":"first","13":"instock","14":"shipping-taxable","15":"purchasable","16":"product-type-simple"},"_links":{"self":[{"href":"https:\/\/modest-napier.216-250-124-103.plesk.page\/index.php\/wp-json\/wp\/v2\/product\/6015","targetHints":{"allow":["GET"]}}],"collection":[{"href":"https:\/\/modest-napier.216-250-124-103.plesk.page\/index.php\/wp-json\/wp\/v2\/product"}],"about":[{"href":"https:\/\/modest-napier.216-250-124-103.plesk.page\/index.php\/wp-json\/wp\/v2\/types\/product"}],"replies":[{"embeddable":true,"href":"https:\/\/modest-napier.216-250-124-103.plesk.page\/index.php\/wp-json\/wp\/v2\/comments?post=6015"}],"wp:featuredmedia":[{"embeddable":true,"href":"https:\/\/modest-napier.216-250-124-103.plesk.page\/index.php\/wp-json\/wp\/v2\/media\/2568"}],"wp:attachment":[{"href":"https:\/\/modest-napier.216-250-124-103.plesk.page\/index.php\/wp-json\/wp\/v2\/media?parent=6015"}],"wp:term":[{"taxonomy":"product_brand","embeddable":true,"href":"https:\/\/modest-napier.216-250-124-103.plesk.page\/index.php\/wp-json\/wp\/v2\/product_brand?post=6015"},{"taxonomy":"product_cat","embeddable":true,"href":"https:\/\/modest-napier.216-250-124-103.plesk.page\/index.php\/wp-json\/wp\/v2\/product_cat?post=6015"},{"taxonomy":"product_tag","embeddable":true,"href":"https:\/\/modest-napier.216-250-124-103.plesk.page\/index.php\/wp-json\/wp\/v2\/product_tag?post=6015"}],"curies":[{"name":"wp","href":"https:\/\/api.w.org\/{rel}","templated":true}]}}