{"id":6016,"date":"2025-09-24T19:53:21","date_gmt":"2025-09-24T19:53:21","guid":{"rendered":"https:\/\/modest-napier.216-250-124-103.plesk.page\/index.php\/producto\/tab-acido-hialuronico-c-35-novits-shanaturals\/"},"modified":"2025-09-24T20:43:58","modified_gmt":"2025-09-24T20:43:58","slug":"tab-acido-hialuronico-c-35-novits-shanaturals","status":"publish","type":"product","link":"https:\/\/modest-napier.216-250-124-103.plesk.page\/index.php\/producto\/tab-acido-hialuronico-c-35-novits-shanaturals\/","title":{"rendered":"\u00c1cido Hialur\u00f3nico 30 tabletas Novyt&#8217;s"},"content":{"rendered":"<p><strong>Descripci\u00f3n:\u00a0<\/strong><\/p>\n<p>El <strong>\u00e1cido hialur\u00f3nico en tabletas<\/strong> mejora la salud de la piel y articulaciones, brindando al organismo ingredientes naturales que coadyuvan a disminuir la inflamaci\u00f3n y mejorar la lubricaci\u00f3n. Ayuda a restablecer la fuerza, elasticidad y rendimiento para realizar las actividades diarias.\u00a0<\/p>\n<p><strong> Modo de uso:\u00a0<\/strong><\/p>\n<p>Tomar 1 tableta al d\u00eda\u00a0<\/p>\n<p><strong> Contenido:\u00a0<\/strong><\/p>\n<p>35 tabletas.<\/p>\n","protected":false},"excerpt":{"rendered":"<p>Descripci\u00f3n:\u00a0 El \u00e1cido hialur\u00f3nico en tabletas mejora la salud de la piel y articulaciones, brindando al organismo ingredientes naturales que coadyuvan a disminuir la inflamaci\u00f3n y mejorar la lubricaci\u00f3n. Ayuda [&hellip;]<\/p>\n","protected":false},"featured_media":2569,"comment_status":"open","ping_status":"closed","template":"","meta":[],"product_brand":[484],"product_cat":[299,337,318],"product_tag":[105],"class_list":{"0":"post-6016","1":"product","2":"type-product","3":"status-publish","4":"has-post-thumbnail","6":"product_brand-novyts","7":"product_cat-fortalecimiento-de-los-huesos","8":"product_cat-productos","9":"product_cat-salud","10":"product_tag-acido-hialuronico","12":"first","13":"instock","14":"shipping-taxable","15":"purchasable","16":"product-type-simple"},"_links":{"self":[{"href":"https:\/\/modest-napier.216-250-124-103.plesk.page\/index.php\/wp-json\/wp\/v2\/product\/6016","targetHints":{"allow":["GET"]}}],"collection":[{"href":"https:\/\/modest-napier.216-250-124-103.plesk.page\/index.php\/wp-json\/wp\/v2\/product"}],"about":[{"href":"https:\/\/modest-napier.216-250-124-103.plesk.page\/index.php\/wp-json\/wp\/v2\/types\/product"}],"replies":[{"embeddable":true,"href":"https:\/\/modest-napier.216-250-124-103.plesk.page\/index.php\/wp-json\/wp\/v2\/comments?post=6016"}],"wp:featuredmedia":[{"embeddable":true,"href":"https:\/\/modest-napier.216-250-124-103.plesk.page\/index.php\/wp-json\/wp\/v2\/media\/2569"}],"wp:attachment":[{"href":"https:\/\/modest-napier.216-250-124-103.plesk.page\/index.php\/wp-json\/wp\/v2\/media?parent=6016"}],"wp:term":[{"taxonomy":"product_brand","embeddable":true,"href":"https:\/\/modest-napier.216-250-124-103.plesk.page\/index.php\/wp-json\/wp\/v2\/product_brand?post=6016"},{"taxonomy":"product_cat","embeddable":true,"href":"https:\/\/modest-napier.216-250-124-103.plesk.page\/index.php\/wp-json\/wp\/v2\/product_cat?post=6016"},{"taxonomy":"product_tag","embeddable":true,"href":"https:\/\/modest-napier.216-250-124-103.plesk.page\/index.php\/wp-json\/wp\/v2\/product_tag?post=6016"}],"curies":[{"name":"wp","href":"https:\/\/api.w.org\/{rel}","templated":true}]}}