{"id":6024,"date":"2025-09-24T19:53:32","date_gmt":"2025-09-24T19:53:32","guid":{"rendered":"https:\/\/modest-napier.216-250-124-103.plesk.page\/index.php\/producto\/tab-ajo-negro-de-oro-higado-c-60eliminado\/"},"modified":"2025-09-24T19:53:33","modified_gmt":"2025-09-24T19:53:33","slug":"tab-ajo-negro-de-oro-higado-c-60eliminado","status":"publish","type":"product","link":"https:\/\/modest-napier.216-250-124-103.plesk.page\/index.php\/producto\/tab-ajo-negro-de-oro-higado-c-60eliminado\/","title":{"rendered":"TAB AJO NEGRO DE ORO HIGADO C\/60(ELIMINADO)"},"content":{"rendered":"<p data-mce-fragment=\"1\"><strong data-mce-fragment=\"1\">Descripci\u00f3n:<\/strong><\/p>\n<ul>\n<li>Retenci\u00f3n de l\u00edquidos<\/li>\n<li>Desintoxica el h\u00edgado<\/li>\n<li>Normaliza el funcionamiento de la ves\u00edcula biliar<\/li>\n<li>Reduce la grasa\u00a0hep\u00e1tica<\/li>\n<li>Estimula la bilis<\/li>\n<li>Mal aliento<\/li>\n<li>Lengua manchada<\/li>\n<li>Digesti\u00f3n lenta<\/li>\n<li>Temperatura\u00a0alta<\/li>\n<\/ul>\n<p data-mce-fragment=\"1\">\u00a0<\/p>\n<p data-mce-fragment=\"1\"><strong data-mce-fragment=\"1\">Modo de uso:<\/strong><\/p>\n<p data-mce-fragment=\"1\"><span>Tomar 1 c\u00e1psula en la ma\u00f1ana y en la tarde.<\/span><\/p>\n<p data-mce-fragment=\"1\"><strong data-mce-fragment=\"1\">Contenido:<\/strong><\/p>\n<p data-mce-fragment=\"1\">60 tabletas.<\/p>\n","protected":false},"excerpt":{"rendered":"<p>Descripci\u00f3n: Retenci\u00f3n de l\u00edquidos Desintoxica el h\u00edgado Normaliza el funcionamiento de la ves\u00edcula biliar Reduce la grasa\u00a0hep\u00e1tica Estimula la bilis Mal aliento Lengua manchada Digesti\u00f3n lenta Temperatura\u00a0alta \u00a0 Modo de [&hellip;]<\/p>\n","protected":false},"featured_media":2578,"comment_status":"open","ping_status":"closed","template":"","meta":[],"product_brand":[],"product_cat":[337],"product_tag":[],"class_list":{"0":"post-6024","1":"product","2":"type-product","3":"status-publish","4":"has-post-thumbnail","6":"product_cat-productos","8":"first","9":"outofstock","10":"shipping-taxable","11":"purchasable","12":"product-type-simple"},"_links":{"self":[{"href":"https:\/\/modest-napier.216-250-124-103.plesk.page\/index.php\/wp-json\/wp\/v2\/product\/6024","targetHints":{"allow":["GET"]}}],"collection":[{"href":"https:\/\/modest-napier.216-250-124-103.plesk.page\/index.php\/wp-json\/wp\/v2\/product"}],"about":[{"href":"https:\/\/modest-napier.216-250-124-103.plesk.page\/index.php\/wp-json\/wp\/v2\/types\/product"}],"replies":[{"embeddable":true,"href":"https:\/\/modest-napier.216-250-124-103.plesk.page\/index.php\/wp-json\/wp\/v2\/comments?post=6024"}],"wp:featuredmedia":[{"embeddable":true,"href":"https:\/\/modest-napier.216-250-124-103.plesk.page\/index.php\/wp-json\/wp\/v2\/media\/2578"}],"wp:attachment":[{"href":"https:\/\/modest-napier.216-250-124-103.plesk.page\/index.php\/wp-json\/wp\/v2\/media?parent=6024"}],"wp:term":[{"taxonomy":"product_brand","embeddable":true,"href":"https:\/\/modest-napier.216-250-124-103.plesk.page\/index.php\/wp-json\/wp\/v2\/product_brand?post=6024"},{"taxonomy":"product_cat","embeddable":true,"href":"https:\/\/modest-napier.216-250-124-103.plesk.page\/index.php\/wp-json\/wp\/v2\/product_cat?post=6024"},{"taxonomy":"product_tag","embeddable":true,"href":"https:\/\/modest-napier.216-250-124-103.plesk.page\/index.php\/wp-json\/wp\/v2\/product_tag?post=6024"}],"curies":[{"name":"wp","href":"https:\/\/api.w.org\/{rel}","templated":true}]}}