{"id":6027,"date":"2025-09-24T19:53:37","date_gmt":"2025-09-24T19:53:37","guid":{"rendered":"https:\/\/modest-napier.216-250-124-103.plesk.page\/index.php\/producto\/tab-ajo-negro-de-oro-rinones-c-60-omega-nutritioneliminado\/"},"modified":"2025-09-24T19:53:38","modified_gmt":"2025-09-24T19:53:38","slug":"tab-ajo-negro-de-oro-rinones-c-60-omega-nutritioneliminado","status":"publish","type":"product","link":"https:\/\/modest-napier.216-250-124-103.plesk.page\/index.php\/producto\/tab-ajo-negro-de-oro-rinones-c-60-omega-nutritioneliminado\/","title":{"rendered":"TAB AJO NEGRO DE ORO RI\u00d1ONES C\/60 OMEGA NUTRITION(ELIMINADO)"},"content":{"rendered":"<p data-mce-fragment=\"1\"><strong data-mce-fragment=\"1\">Descripci\u00f3n:<\/strong><\/p>\n<ul>\n<li><span face=\"Arial\" style=\"font-family: Arial;\">Antis\u00e9ptico Urinario<\/span><\/li>\n<li><span face=\"Arial\" style=\"font-family: Arial;\">Depurativo hep\u00e1tico y renal<\/span><\/li>\n<li><span face=\"Arial\" style=\"font-family: Arial;\">Ideal para tratar infecciones de as v\u00edas urinarias en hombres y mujeres<\/span><\/li>\n<li><span face=\"Arial\" style=\"font-family: Arial;\">Suplemento alimenticio<\/span><\/li>\n<li><span face=\"Arial\" style=\"font-family: Arial;\">dolor en la parte aja de la espada<\/span><\/li>\n<li><span face=\"Arial\" style=\"font-family: Arial;\">Inflamaci\u00f3n<\/span><\/li>\n<li><span face=\"Arial\" style=\"font-family: Arial;\">Retenci\u00f3n de l\u00edquidos.<\/span><\/li>\n<li><span face=\"Arial\" style=\"font-family: Arial;\">C\u00e1lculos biliares.<\/span><\/li>\n<li><span face=\"Arial\" style=\"font-family: Arial;\">infecciones urinarias.<\/span><\/li>\n<li><span face=\"Arial\" style=\"font-family: Arial;\">dificultad al orinar.<\/span><\/li>\n<li><span face=\"Arial\" style=\"font-family: Arial;\">Arenillas.<\/span><\/li>\n<li><span face=\"Arial\" style=\"font-family: Arial;\">Problemas de pr\u00f3stata.<\/span><\/li>\n<\/ul>\n<p data-mce-fragment=\"1\"><strong data-mce-fragment=\"1\">Modo de uso:<\/strong><\/p>\n<p data-mce-fragment=\"1\"><span>Tomar 1 c\u00e1psula en la ma\u00f1ana y en la tarde.<\/span><\/p>\n<p data-mce-fragment=\"1\"><strong data-mce-fragment=\"1\">Contenido:<\/strong><\/p>\n<p data-mce-fragment=\"1\">60 tabletas.<\/p>\n","protected":false},"excerpt":{"rendered":"<p>Descripci\u00f3n: Antis\u00e9ptico Urinario Depurativo hep\u00e1tico y renal Ideal para tratar infecciones de as v\u00edas urinarias en hombres y mujeres Suplemento alimenticio dolor en la parte aja de la espada Inflamaci\u00f3n [&hellip;]<\/p>\n","protected":false},"featured_media":2581,"comment_status":"open","ping_status":"closed","template":"","meta":[],"product_brand":[],"product_cat":[337],"product_tag":[],"class_list":{"0":"post-6027","1":"product","2":"type-product","3":"status-publish","4":"has-post-thumbnail","6":"product_cat-productos","8":"first","9":"outofstock","10":"shipping-taxable","11":"purchasable","12":"product-type-simple"},"_links":{"self":[{"href":"https:\/\/modest-napier.216-250-124-103.plesk.page\/index.php\/wp-json\/wp\/v2\/product\/6027","targetHints":{"allow":["GET"]}}],"collection":[{"href":"https:\/\/modest-napier.216-250-124-103.plesk.page\/index.php\/wp-json\/wp\/v2\/product"}],"about":[{"href":"https:\/\/modest-napier.216-250-124-103.plesk.page\/index.php\/wp-json\/wp\/v2\/types\/product"}],"replies":[{"embeddable":true,"href":"https:\/\/modest-napier.216-250-124-103.plesk.page\/index.php\/wp-json\/wp\/v2\/comments?post=6027"}],"wp:featuredmedia":[{"embeddable":true,"href":"https:\/\/modest-napier.216-250-124-103.plesk.page\/index.php\/wp-json\/wp\/v2\/media\/2581"}],"wp:attachment":[{"href":"https:\/\/modest-napier.216-250-124-103.plesk.page\/index.php\/wp-json\/wp\/v2\/media?parent=6027"}],"wp:term":[{"taxonomy":"product_brand","embeddable":true,"href":"https:\/\/modest-napier.216-250-124-103.plesk.page\/index.php\/wp-json\/wp\/v2\/product_brand?post=6027"},{"taxonomy":"product_cat","embeddable":true,"href":"https:\/\/modest-napier.216-250-124-103.plesk.page\/index.php\/wp-json\/wp\/v2\/product_cat?post=6027"},{"taxonomy":"product_tag","embeddable":true,"href":"https:\/\/modest-napier.216-250-124-103.plesk.page\/index.php\/wp-json\/wp\/v2\/product_tag?post=6027"}],"curies":[{"name":"wp","href":"https:\/\/api.w.org\/{rel}","templated":true}]}}