{"id":6033,"date":"2025-09-24T19:53:45","date_gmt":"2025-09-24T19:53:45","guid":{"rendered":"https:\/\/modest-napier.216-250-124-103.plesk.page\/index.php\/producto\/tab-ajo-y-omega-bronquios-c-60-omega-nutrition\/"},"modified":"2025-09-24T20:44:44","modified_gmt":"2025-09-24T20:44:44","slug":"tab-ajo-y-omega-bronquios-c-60-omega-nutrition","status":"publish","type":"product","link":"https:\/\/modest-napier.216-250-124-103.plesk.page\/index.php\/producto\/tab-ajo-y-omega-bronquios-c-60-omega-nutrition\/","title":{"rendered":"Ajo y Omega Bronquios 60 tabletas Omega Nutrition"},"content":{"rendered":"<p><strong>Descripci\u00f3n:<\/strong><\/p>\n<p>El <strong>suplemento Ajo y Omega Bronquios<\/strong> ayuda a tratar asma, bronquios, fr\u00edo, tos, debilidad pulmonar, flema y dolor de garganta.<\/p>\n<p><strong>Ingredientes:<\/strong><\/p>\n<p>Pulmonaria, Eucalipto, Sa\u00faco, Bugambilia, Tabachin, For de Anacahuite, Gordolobo, Cuatecomate.<\/p>\n<p><strong>Modo de uso:<\/strong><\/p>\n<p>Tome una 1 tableta de cada botella (t\u00f3melas juntas) antes de cada comida.<\/p>\n<p><strong>Contenido:<\/strong><\/p>\n<p>60 tabletas.<\/p>\n","protected":false},"excerpt":{"rendered":"<p>Descripci\u00f3n: El suplemento Ajo y Omega Bronquios ayuda a tratar asma, bronquios, fr\u00edo, tos, debilidad pulmonar, flema y dolor de garganta. Ingredientes: Pulmonaria, Eucalipto, Sa\u00faco, Bugambilia, Tabachin, For de Anacahuite, [&hellip;]<\/p>\n","protected":false},"featured_media":2587,"comment_status":"open","ping_status":"closed","template":"","meta":[],"product_brand":[358],"product_cat":[337,318,327],"product_tag":[248,64,82,268],"class_list":{"0":"post-6033","1":"product","2":"type-product","3":"status-publish","4":"has-post-thumbnail","6":"product_brand-omega-nutrition","7":"product_cat-productos","8":"product_cat-salud","9":"product_cat-sistema-respiratorio","10":"product_tag-cuatecomate","11":"product_tag-eucalipto","12":"product_tag-gordolobo","13":"product_tag-pulmonaria","15":"first","16":"instock","17":"shipping-taxable","18":"purchasable","19":"product-type-simple"},"_links":{"self":[{"href":"https:\/\/modest-napier.216-250-124-103.plesk.page\/index.php\/wp-json\/wp\/v2\/product\/6033","targetHints":{"allow":["GET"]}}],"collection":[{"href":"https:\/\/modest-napier.216-250-124-103.plesk.page\/index.php\/wp-json\/wp\/v2\/product"}],"about":[{"href":"https:\/\/modest-napier.216-250-124-103.plesk.page\/index.php\/wp-json\/wp\/v2\/types\/product"}],"replies":[{"embeddable":true,"href":"https:\/\/modest-napier.216-250-124-103.plesk.page\/index.php\/wp-json\/wp\/v2\/comments?post=6033"}],"wp:featuredmedia":[{"embeddable":true,"href":"https:\/\/modest-napier.216-250-124-103.plesk.page\/index.php\/wp-json\/wp\/v2\/media\/2587"}],"wp:attachment":[{"href":"https:\/\/modest-napier.216-250-124-103.plesk.page\/index.php\/wp-json\/wp\/v2\/media?parent=6033"}],"wp:term":[{"taxonomy":"product_brand","embeddable":true,"href":"https:\/\/modest-napier.216-250-124-103.plesk.page\/index.php\/wp-json\/wp\/v2\/product_brand?post=6033"},{"taxonomy":"product_cat","embeddable":true,"href":"https:\/\/modest-napier.216-250-124-103.plesk.page\/index.php\/wp-json\/wp\/v2\/product_cat?post=6033"},{"taxonomy":"product_tag","embeddable":true,"href":"https:\/\/modest-napier.216-250-124-103.plesk.page\/index.php\/wp-json\/wp\/v2\/product_tag?post=6033"}],"curies":[{"name":"wp","href":"https:\/\/api.w.org\/{rel}","templated":true}]}}