{"id":6034,"date":"2025-09-24T19:53:46","date_gmt":"2025-09-24T19:53:46","guid":{"rendered":"https:\/\/modest-napier.216-250-124-103.plesk.page\/index.php\/producto\/tab-ajo-y-omega-higado-c-60-omega-nutrition\/"},"modified":"2025-09-24T20:44:08","modified_gmt":"2025-09-24T20:44:08","slug":"tab-ajo-y-omega-higado-c-60-omega-nutrition-1","status":"publish","type":"product","link":"https:\/\/modest-napier.216-250-124-103.plesk.page\/index.php\/producto\/tab-ajo-y-omega-higado-c-60-omega-nutrition-1\/","title":{"rendered":"Ajo y Omega H\u00edgado 60 tabletas Omega Nutrition"},"content":{"rendered":"<style type=\"text\/css\" data-mce-fragment=\"1\"><!--\ntd {border: 1px solid #cccccc;}br {mso-data-placement:same-cell;}\n--><\/style>\n<p><span data-sheets-userformat='{\"2\":15297,\"3\":{\"1\":0},\"9\":1,\"10\":0,\"11\":4,\"12\":0,\"14\":{\"1\":2,\"2\":-1090519040},\"15\":\"Arial\",\"16\":9}' data-sheets-value='{\"1\":2,\"2\":\"Descripci\u00f3n:nnAuxiliar en problemas de cirrosis hep\u00e1tica, cirrosis biliar, intoxicaci\u00f3n e inflamaci\u00f3n de higado y vesicula, asi como calculos.nn Modo de uso:nnTomar 1 tableta  de cada frasco antes de cada alimento.nnContenido:nn60 tabletas.\"}' data-mce-fragment=\"1\"><strong>Descripci\u00f3n:<\/strong><\/span><\/p>\n<p><span data-sheets-userformat='{\"2\":15297,\"3\":{\"1\":0},\"9\":1,\"10\":0,\"11\":4,\"12\":0,\"14\":{\"1\":2,\"2\":-1090519040},\"15\":\"Arial\",\"16\":9}' data-sheets-value='{\"1\":2,\"2\":\"Descripci\u00f3n:nnAuxiliar en problemas de cirrosis hep\u00e1tica, cirrosis biliar, intoxicaci\u00f3n e inflamaci\u00f3n de higado y vesicula, asi como calculos.nn Modo de uso:nnTomar 1 tableta  de cada frasco antes de cada alimento.nnContenido:nn60 tabletas.\"}' data-mce-fragment=\"1\">Auxiliar en problemas de cirrosis hep\u00e1tica, cirrosis biliar, intoxicaci\u00f3n e inflamaci\u00f3n de h\u00edgado y ves\u00edcula, as\u00ed como c\u00e1lculos.<\/span><\/p>\n<p><span data-sheets-userformat='{\"2\":15297,\"3\":{\"1\":0},\"9\":1,\"10\":0,\"11\":4,\"12\":0,\"14\":{\"1\":2,\"2\":-1090519040},\"15\":\"Arial\",\"16\":9}' data-sheets-value='{\"1\":2,\"2\":\"Descripci\u00f3n:nnAuxiliar en problemas de cirrosis hep\u00e1tica, cirrosis biliar, intoxicaci\u00f3n e inflamaci\u00f3n de higado y vesicula, asi como calculos.nn Modo de uso:nnTomar 1 tableta  de cada frasco antes de cada alimento.nnContenido:nn60 tabletas.\"}' data-mce-fragment=\"1\"><strong>Ingredientes:<\/strong><\/span><\/p>\n<p><span data-sheets-userformat='{\"2\":15297,\"3\":{\"1\":0},\"9\":1,\"10\":0,\"11\":4,\"12\":0,\"14\":{\"1\":2,\"2\":-1090519040},\"15\":\"Arial\",\"16\":9}' data-sheets-value='{\"1\":2,\"2\":\"Descripci\u00f3n:nnAuxiliar en problemas de cirrosis hep\u00e1tica, cirrosis biliar, intoxicaci\u00f3n e inflamaci\u00f3n de higado y vesicula, asi como calculos.nn Modo de uso:nnTomar 1 tableta  de cada frasco antes de cada alimento.nnContenido:nn60 tabletas.\"}' data-mce-fragment=\"1\">Ajo Rey, Genciana, Boldo, Hierba Del Sapo, Prodigiosa, Diente de Le\u00f3n, C\u00e1scara Sagrada, Cuachalalate, Semilla de Alholva, Mejorana.<\/span><\/p>\n<p><span data-sheets-userformat='{\"2\":15297,\"3\":{\"1\":0},\"9\":1,\"10\":0,\"11\":4,\"12\":0,\"14\":{\"1\":2,\"2\":-1090519040},\"15\":\"Arial\",\"16\":9}' data-sheets-value='{\"1\":2,\"2\":\"Descripci\u00f3n:nnAuxiliar en problemas de cirrosis hep\u00e1tica, cirrosis biliar, intoxicaci\u00f3n e inflamaci\u00f3n de higado y vesicula, asi como calculos.nn Modo de uso:nnTomar 1 tableta  de cada frasco antes de cada alimento.nnContenido:nn60 tabletas.\"}' data-mce-fragment=\"1\"><strong>Modo de uso:<\/strong><\/span><\/p>\n<p><span data-sheets-userformat='{\"2\":15297,\"3\":{\"1\":0},\"9\":1,\"10\":0,\"11\":4,\"12\":0,\"14\":{\"1\":2,\"2\":-1090519040},\"15\":\"Arial\",\"16\":9}' data-sheets-value='{\"1\":2,\"2\":\"Descripci\u00f3n:nnAuxiliar en problemas de cirrosis hep\u00e1tica, cirrosis biliar, intoxicaci\u00f3n e inflamaci\u00f3n de higado y vesicula, asi como calculos.nn Modo de uso:nnTomar 1 tableta  de cada frasco antes de cada alimento.nnContenido:nn60 tabletas.\"}' data-mce-fragment=\"1\">Tomar 1 tableta de cada frasco antes de cada alimento.<\/span><\/p>\n<p><span data-sheets-userformat='{\"2\":15297,\"3\":{\"1\":0},\"9\":1,\"10\":0,\"11\":4,\"12\":0,\"14\":{\"1\":2,\"2\":-1090519040},\"15\":\"Arial\",\"16\":9}' data-sheets-value='{\"1\":2,\"2\":\"Descripci\u00f3n:nnAuxiliar en problemas de cirrosis hep\u00e1tica, cirrosis biliar, intoxicaci\u00f3n e inflamaci\u00f3n de higado y vesicula, asi como calculos.nn Modo de uso:nnTomar 1 tableta  de cada frasco antes de cada alimento.nnContenido:nn60 tabletas.\"}' data-mce-fragment=\"1\"><strong>Contenido:<\/strong><\/span><\/p>\n<p><span data-sheets-userformat='{\"2\":15297,\"3\":{\"1\":0},\"9\":1,\"10\":0,\"11\":4,\"12\":0,\"14\":{\"1\":2,\"2\":-1090519040},\"15\":\"Arial\",\"16\":9}' data-sheets-value='{\"1\":2,\"2\":\"Descripci\u00f3n:nnAuxiliar en problemas de cirrosis hep\u00e1tica, cirrosis biliar, intoxicaci\u00f3n e inflamaci\u00f3n de higado y vesicula, asi como calculos.nn Modo de uso:nnTomar 1 tableta  de cada frasco antes de cada alimento.nnContenido:nn60 tabletas.\"}' data-mce-fragment=\"1\">60 tabletas.<\/span><\/p>\n","protected":false},"excerpt":{"rendered":"<p>Descripci\u00f3n: Auxiliar en problemas de cirrosis hep\u00e1tica, cirrosis biliar, intoxicaci\u00f3n e inflamaci\u00f3n de h\u00edgado y ves\u00edcula, as\u00ed como c\u00e1lculos. Ingredientes: Ajo Rey, Genciana, Boldo, Hierba Del Sapo, Prodigiosa, Diente de [&hellip;]<\/p>\n","protected":false},"featured_media":2588,"comment_status":"open","ping_status":"closed","template":"","meta":[],"product_brand":[358],"product_cat":[337,318,322],"product_tag":[108,119,229,96,154,132,133],"class_list":{"0":"post-6034","1":"product","2":"type-product","3":"status-publish","4":"has-post-thumbnail","6":"product_brand-omega-nutrition","7":"product_cat-productos","8":"product_cat-salud","9":"product_cat-salud-del-higado","10":"product_tag-ajo","11":"product_tag-boldo","12":"product_tag-cascara-sagrada","13":"product_tag-cuachalalate","14":"product_tag-diente-de-leon","15":"product_tag-hierba-de-sapo","16":"product_tag-omega-3-6-9","18":"first","19":"instock","20":"shipping-taxable","21":"purchasable","22":"product-type-simple"},"_links":{"self":[{"href":"https:\/\/modest-napier.216-250-124-103.plesk.page\/index.php\/wp-json\/wp\/v2\/product\/6034","targetHints":{"allow":["GET"]}}],"collection":[{"href":"https:\/\/modest-napier.216-250-124-103.plesk.page\/index.php\/wp-json\/wp\/v2\/product"}],"about":[{"href":"https:\/\/modest-napier.216-250-124-103.plesk.page\/index.php\/wp-json\/wp\/v2\/types\/product"}],"replies":[{"embeddable":true,"href":"https:\/\/modest-napier.216-250-124-103.plesk.page\/index.php\/wp-json\/wp\/v2\/comments?post=6034"}],"wp:featuredmedia":[{"embeddable":true,"href":"https:\/\/modest-napier.216-250-124-103.plesk.page\/index.php\/wp-json\/wp\/v2\/media\/2588"}],"wp:attachment":[{"href":"https:\/\/modest-napier.216-250-124-103.plesk.page\/index.php\/wp-json\/wp\/v2\/media?parent=6034"}],"wp:term":[{"taxonomy":"product_brand","embeddable":true,"href":"https:\/\/modest-napier.216-250-124-103.plesk.page\/index.php\/wp-json\/wp\/v2\/product_brand?post=6034"},{"taxonomy":"product_cat","embeddable":true,"href":"https:\/\/modest-napier.216-250-124-103.plesk.page\/index.php\/wp-json\/wp\/v2\/product_cat?post=6034"},{"taxonomy":"product_tag","embeddable":true,"href":"https:\/\/modest-napier.216-250-124-103.plesk.page\/index.php\/wp-json\/wp\/v2\/product_tag?post=6034"}],"curies":[{"name":"wp","href":"https:\/\/api.w.org\/{rel}","templated":true}]}}