{"id":6036,"date":"2025-09-24T19:53:49","date_gmt":"2025-09-24T19:53:49","guid":{"rendered":"https:\/\/modest-napier.216-250-124-103.plesk.page\/index.php\/producto\/tab-ajo-y-omega-onco-quistesc-60-omega-nutrition\/"},"modified":"2025-09-24T20:44:44","modified_gmt":"2025-09-24T20:44:44","slug":"tab-ajo-y-omega-onco-quistesc-60-oemga-nutrition","status":"publish","type":"product","link":"https:\/\/modest-napier.216-250-124-103.plesk.page\/index.php\/producto\/tab-ajo-y-omega-onco-quistesc-60-oemga-nutrition\/","title":{"rendered":"Ajo y Omega Onco Quistes 60 tabletas Omega Nutrition"},"content":{"rendered":"<p><strong>Descripci\u00f3n:<\/strong><\/p>\n<p>El suplemento <strong>Ajo y Omega Onco Quistes Matriz<\/strong> elimina el dolor p\u00e9lvico, ayuda a reducir las nauseas y v\u00f3mito, protege la matriz, ayuda a combatir los quistes. Ayuda a tratar quistes, papiloma humano, \u00falceras en la matriz, c\u00e1ncer c\u00e9rvico-uterino, c\u00e9lulas cancerosas, hemorragias de matriz.<\/p>\n<p><strong>Ingredientes:<\/strong><\/p>\n<p>Hojas de guan\u00e1bana, Nanche, Raiz de agracejo, Matico, Llanten, C\u00e1scara sagrada, Tr\u00e9bol rojo, Corteza de Grangula, Ajo, \u00c1cido f\u00f3lico, Hierro<\/p>\n<p data-mce-fragment=\"1\"><strong data-mce-fragment=\"1\">Modo de uso:<\/strong><\/p>\n<p data-mce-fragment=\"1\"><span>Tomar 1 tableta de cada frasco antes de cada alimento.<\/span><\/p>\n<p data-mce-fragment=\"1\"><strong data-mce-fragment=\"1\">Contenido:<\/strong><\/p>\n<p data-mce-fragment=\"1\">60 tabletas.<\/p>\n","protected":false},"excerpt":{"rendered":"<p>Descripci\u00f3n: El suplemento Ajo y Omega Onco Quistes Matriz elimina el dolor p\u00e9lvico, ayuda a reducir las nauseas y v\u00f3mito, protege la matriz, ayuda a combatir los quistes. Ayuda a [&hellip;]<\/p>\n","protected":false},"featured_media":2590,"comment_status":"open","ping_status":"closed","template":"","meta":[],"product_brand":[358],"product_cat":[310,337,318],"product_tag":[169,108,229,175,177,190],"class_list":{"0":"post-6036","1":"product","2":"type-product","3":"status-publish","4":"has-post-thumbnail","6":"product_brand-omega-nutrition","7":"product_cat-padecimientos-cronicos","8":"product_cat-productos","9":"product_cat-salud","10":"product_tag-acido-folico","11":"product_tag-ajo","12":"product_tag-cascara-sagrada","13":"product_tag-guanabana","14":"product_tag-hierro","15":"product_tag-trebol-rojo","17":"first","18":"instock","19":"shipping-taxable","20":"purchasable","21":"product-type-simple"},"_links":{"self":[{"href":"https:\/\/modest-napier.216-250-124-103.plesk.page\/index.php\/wp-json\/wp\/v2\/product\/6036","targetHints":{"allow":["GET"]}}],"collection":[{"href":"https:\/\/modest-napier.216-250-124-103.plesk.page\/index.php\/wp-json\/wp\/v2\/product"}],"about":[{"href":"https:\/\/modest-napier.216-250-124-103.plesk.page\/index.php\/wp-json\/wp\/v2\/types\/product"}],"replies":[{"embeddable":true,"href":"https:\/\/modest-napier.216-250-124-103.plesk.page\/index.php\/wp-json\/wp\/v2\/comments?post=6036"}],"wp:featuredmedia":[{"embeddable":true,"href":"https:\/\/modest-napier.216-250-124-103.plesk.page\/index.php\/wp-json\/wp\/v2\/media\/2590"}],"wp:attachment":[{"href":"https:\/\/modest-napier.216-250-124-103.plesk.page\/index.php\/wp-json\/wp\/v2\/media?parent=6036"}],"wp:term":[{"taxonomy":"product_brand","embeddable":true,"href":"https:\/\/modest-napier.216-250-124-103.plesk.page\/index.php\/wp-json\/wp\/v2\/product_brand?post=6036"},{"taxonomy":"product_cat","embeddable":true,"href":"https:\/\/modest-napier.216-250-124-103.plesk.page\/index.php\/wp-json\/wp\/v2\/product_cat?post=6036"},{"taxonomy":"product_tag","embeddable":true,"href":"https:\/\/modest-napier.216-250-124-103.plesk.page\/index.php\/wp-json\/wp\/v2\/product_tag?post=6036"}],"curies":[{"name":"wp","href":"https:\/\/api.w.org\/{rel}","templated":true}]}}