{"id":6037,"date":"2025-09-24T19:53:51","date_gmt":"2025-09-24T19:53:51","guid":{"rendered":"https:\/\/modest-napier.216-250-124-103.plesk.page\/index.php\/producto\/tab-ajo-y-omega-presion-c-60-omega-nutrition\/"},"modified":"2025-09-24T20:44:44","modified_gmt":"2025-09-24T20:44:44","slug":"tab-ajo-y-omega-presion-c-60-omega-nutrition","status":"publish","type":"product","link":"https:\/\/modest-napier.216-250-124-103.plesk.page\/index.php\/producto\/tab-ajo-y-omega-presion-c-60-omega-nutrition\/","title":{"rendered":"Ajo y Omega Presi\u00f3n 60 tabletas Omega Nutrition"},"content":{"rendered":"<p><strong>Descripci\u00f3n:<\/strong><\/p>\n<p>El <strong>suplemento Ajo y Omega Presi\u00f3n<\/strong> es excelente para problemas de presi\u00f3n alta, estr\u00e9s. mareos, dolor de cabeza, zumbido de o\u00eddos y migra\u00f1a.<\/p>\n<p><strong>Ingredientes:<\/strong><\/p>\n<p>Zapote Blanco, Flor de Manita, Toronjil Blanco, Espino Blanco, Ajo Rey.<\/p>\n<p><strong>Modo de uso:<\/strong><\/p>\n<p><span>Tomar 1 tableta de cada frasco (tomarlas juntas) antes de cada alimento.<\/span><\/p>\n<p><strong>Contenido:<\/strong><\/p>\n<p>60 tabletas.<\/p>\n","protected":false},"excerpt":{"rendered":"<p>Descripci\u00f3n: El suplemento Ajo y Omega Presi\u00f3n es excelente para problemas de presi\u00f3n alta, estr\u00e9s. mareos, dolor de cabeza, zumbido de o\u00eddos y migra\u00f1a. Ingredientes: Zapote Blanco, Flor de Manita, [&hellip;]<\/p>\n","protected":false},"featured_media":2591,"comment_status":"open","ping_status":"closed","template":"","meta":[],"product_brand":[358],"product_cat":[337,318,319],"product_tag":[108,146,187,227],"class_list":{"0":"post-6037","1":"product","2":"type-product","3":"status-publish","4":"has-post-thumbnail","6":"product_brand-omega-nutrition","7":"product_cat-productos","8":"product_cat-salud","9":"product_cat-salud-cardiovascular","10":"product_tag-ajo","11":"product_tag-espino-blanco","12":"product_tag-toronjil","13":"product_tag-zapote-blanco","15":"first","16":"instock","17":"shipping-taxable","18":"purchasable","19":"product-type-simple"},"_links":{"self":[{"href":"https:\/\/modest-napier.216-250-124-103.plesk.page\/index.php\/wp-json\/wp\/v2\/product\/6037","targetHints":{"allow":["GET"]}}],"collection":[{"href":"https:\/\/modest-napier.216-250-124-103.plesk.page\/index.php\/wp-json\/wp\/v2\/product"}],"about":[{"href":"https:\/\/modest-napier.216-250-124-103.plesk.page\/index.php\/wp-json\/wp\/v2\/types\/product"}],"replies":[{"embeddable":true,"href":"https:\/\/modest-napier.216-250-124-103.plesk.page\/index.php\/wp-json\/wp\/v2\/comments?post=6037"}],"wp:featuredmedia":[{"embeddable":true,"href":"https:\/\/modest-napier.216-250-124-103.plesk.page\/index.php\/wp-json\/wp\/v2\/media\/2591"}],"wp:attachment":[{"href":"https:\/\/modest-napier.216-250-124-103.plesk.page\/index.php\/wp-json\/wp\/v2\/media?parent=6037"}],"wp:term":[{"taxonomy":"product_brand","embeddable":true,"href":"https:\/\/modest-napier.216-250-124-103.plesk.page\/index.php\/wp-json\/wp\/v2\/product_brand?post=6037"},{"taxonomy":"product_cat","embeddable":true,"href":"https:\/\/modest-napier.216-250-124-103.plesk.page\/index.php\/wp-json\/wp\/v2\/product_cat?post=6037"},{"taxonomy":"product_tag","embeddable":true,"href":"https:\/\/modest-napier.216-250-124-103.plesk.page\/index.php\/wp-json\/wp\/v2\/product_tag?post=6037"}],"curies":[{"name":"wp","href":"https:\/\/api.w.org\/{rel}","templated":true}]}}