{"id":6038,"date":"2025-09-24T19:53:52","date_gmt":"2025-09-24T19:53:52","guid":{"rendered":"https:\/\/modest-napier.216-250-124-103.plesk.page\/index.php\/producto\/tab-ajo-y-omega-prostata-c-60-omega-nutrition\/"},"modified":"2025-09-24T20:44:44","modified_gmt":"2025-09-24T20:44:44","slug":"tab-ajo-y-omega-prostata-c-60-omega-nutrition","status":"publish","type":"product","link":"https:\/\/modest-napier.216-250-124-103.plesk.page\/index.php\/producto\/tab-ajo-y-omega-prostata-c-60-omega-nutrition\/","title":{"rendered":"Ajo y Omega Pr\u00f3stata 60 tabletas Omega Nutrition"},"content":{"rendered":"<p data-mce-fragment=\"1\"><strong data-mce-fragment=\"1\">Descripci\u00f3n:<\/strong><\/p>\n<p data-mce-fragment=\"1\"><span data-mce-fragment=\"1\">El suplemento <strong>Ajo y Omega Pr\u00f3stata<\/strong> es auxiliar en:\u00a0<\/span><\/p>\n<ul>\n<li><span data-mce-fragment=\"1\">Inflamaci\u00f3n de la pr\u00f3stata.<\/span><\/li>\n<li><span data-mce-fragment=\"1\">Dolor al orinar.<\/span><\/li>\n<li><span data-mce-fragment=\"1\">Goteo al orinar.<\/span><\/li>\n<li><span data-mce-fragment=\"1\">Incontinencia urinaria.<\/span><\/li>\n<li><span data-mce-fragment=\"1\">Dolor de ri\u00f1ones.<\/span><\/li>\n<li><span data-mce-fragment=\"1\">Eyaculaci\u00f3n precoz.<\/span><\/li>\n<li><span data-mce-fragment=\"1\">Impotencia sexual.<\/span><\/li>\n<li><span data-mce-fragment=\"1\">Falta de erecci\u00f3n.<\/span><\/li>\n<\/ul>\n<p data-mce-fragment=\"1\"><strong data-mce-fragment=\"1\">Ingredientes:<\/strong><\/p>\n<p data-mce-fragment=\"1\">Saw Palmetto, Hierba del Negro, Damiana de California, Limpia Plata, Palo Dulce, Gara\u00f1ona, Flor de Piedra, Damiana de San Luis, Bola de Grangel, Semilla Afro.<\/p>\n<p data-mce-fragment=\"1\"><strong data-mce-fragment=\"1\">Modo de uso:<\/strong><\/p>\n<p data-mce-fragment=\"1\"><span>Tomar 1 tableta de cada frasco (tomarlas juntas) antes de cada alimento.<\/span><\/p>\n<p data-mce-fragment=\"1\"><strong data-mce-fragment=\"1\">Contenido:<\/strong><\/p>\n<p data-mce-fragment=\"1\">60 tabletas.<\/p>\n","protected":false},"excerpt":{"rendered":"<p>Descripci\u00f3n: El suplemento Ajo y Omega Pr\u00f3stata es auxiliar en:\u00a0 Inflamaci\u00f3n de la pr\u00f3stata. Dolor al orinar. Goteo al orinar. Incontinencia urinaria. Dolor de ri\u00f1ones. Eyaculaci\u00f3n precoz. Impotencia sexual. Falta [&hellip;]<\/p>\n","protected":false},"featured_media":2592,"comment_status":"open","ping_status":"closed","template":"","meta":[],"product_brand":[358],"product_cat":[337,318,320],"product_tag":[152,197],"class_list":{"0":"post-6038","1":"product","2":"type-product","3":"status-publish","4":"has-post-thumbnail","6":"product_brand-omega-nutrition","7":"product_cat-productos","8":"product_cat-salud","9":"product_cat-salud-de-la-prostata","10":"product_tag-damiana","11":"product_tag-saw-palmetto","13":"first","14":"instock","15":"shipping-taxable","16":"purchasable","17":"product-type-simple"},"_links":{"self":[{"href":"https:\/\/modest-napier.216-250-124-103.plesk.page\/index.php\/wp-json\/wp\/v2\/product\/6038","targetHints":{"allow":["GET"]}}],"collection":[{"href":"https:\/\/modest-napier.216-250-124-103.plesk.page\/index.php\/wp-json\/wp\/v2\/product"}],"about":[{"href":"https:\/\/modest-napier.216-250-124-103.plesk.page\/index.php\/wp-json\/wp\/v2\/types\/product"}],"replies":[{"embeddable":true,"href":"https:\/\/modest-napier.216-250-124-103.plesk.page\/index.php\/wp-json\/wp\/v2\/comments?post=6038"}],"wp:featuredmedia":[{"embeddable":true,"href":"https:\/\/modest-napier.216-250-124-103.plesk.page\/index.php\/wp-json\/wp\/v2\/media\/2592"}],"wp:attachment":[{"href":"https:\/\/modest-napier.216-250-124-103.plesk.page\/index.php\/wp-json\/wp\/v2\/media?parent=6038"}],"wp:term":[{"taxonomy":"product_brand","embeddable":true,"href":"https:\/\/modest-napier.216-250-124-103.plesk.page\/index.php\/wp-json\/wp\/v2\/product_brand?post=6038"},{"taxonomy":"product_cat","embeddable":true,"href":"https:\/\/modest-napier.216-250-124-103.plesk.page\/index.php\/wp-json\/wp\/v2\/product_cat?post=6038"},{"taxonomy":"product_tag","embeddable":true,"href":"https:\/\/modest-napier.216-250-124-103.plesk.page\/index.php\/wp-json\/wp\/v2\/product_tag?post=6038"}],"curies":[{"name":"wp","href":"https:\/\/api.w.org\/{rel}","templated":true}]}}