{"id":6043,"date":"2025-09-24T19:54:00","date_gmt":"2025-09-24T19:54:00","guid":{"rendered":"https:\/\/modest-napier.216-250-124-103.plesk.page\/index.php\/producto\/tab-alga-spirulina-eliminado-c-200-spirel\/"},"modified":"2025-09-24T19:54:01","modified_gmt":"2025-09-24T19:54:01","slug":"tab-alga-spirulina-eliminado-c-200-spirel","status":"publish","type":"product","link":"https:\/\/modest-napier.216-250-124-103.plesk.page\/index.php\/producto\/tab-alga-spirulina-eliminado-c-200-spirel\/","title":{"rendered":"TAB ALGA SPIRULINA (ELIMINADO) C\/200 SPIREL"},"content":{"rendered":"<p data-mce-fragment=\"1\"><strong data-mce-fragment=\"1\">Descripci\u00f3n:<\/strong><\/p>\n<ul class=\"i8Z77e\">\n<li class=\"TrT0Xe\">Potente fuente nutricional.<\/li>\n<li class=\"TrT0Xe\">Eficaz para ayudar a perder peso.<\/li>\n<li class=\"TrT0Xe\">Refuerza el sistema inmunol\u00f3gico.<\/li>\n<li class=\"TrT0Xe\">Controla el colesterol y los triglic\u00e9ridos.<\/li>\n<li class=\"TrT0Xe\">Rica en antioxidantes, combate el envejecimiento celular.<\/li>\n<li class=\"TrT0Xe\">Controla la presi\u00f3n arterial.<\/li>\n<li class=\"TrT0Xe\">Eficaz en los problemas de visi\u00f3n.<\/li>\n<\/ul>\n<p data-mce-fragment=\"1\"><span data-mce-fragment=\"1\"><\/span><strong data-mce-fragment=\"1\">Modo de uso:<\/strong><\/p>\n<p data-mce-fragment=\"1\">Tomar 1 tableta al d\u00eda.<\/p>\n<p data-mce-fragment=\"1\"><span data-mce-fragment=\"1\"><\/span><strong data-mce-fragment=\"1\">Contenido:<\/strong><\/p>\n<p data-mce-fragment=\"1\">200 tabletas.<\/p>\n","protected":false},"excerpt":{"rendered":"<p>Descripci\u00f3n: Potente fuente nutricional. Eficaz para ayudar a perder peso. Refuerza el sistema inmunol\u00f3gico. Controla el colesterol y los triglic\u00e9ridos. Rica en antioxidantes, combate el envejecimiento celular. Controla la presi\u00f3n [&hellip;]<\/p>\n","protected":false},"featured_media":2598,"comment_status":"open","ping_status":"closed","template":"","meta":[],"product_brand":[],"product_cat":[337,318],"product_tag":[],"class_list":{"0":"post-6043","1":"product","2":"type-product","3":"status-publish","4":"has-post-thumbnail","6":"product_cat-productos","7":"product_cat-salud","9":"first","10":"outofstock","11":"shipping-taxable","12":"purchasable","13":"product-type-simple"},"_links":{"self":[{"href":"https:\/\/modest-napier.216-250-124-103.plesk.page\/index.php\/wp-json\/wp\/v2\/product\/6043","targetHints":{"allow":["GET"]}}],"collection":[{"href":"https:\/\/modest-napier.216-250-124-103.plesk.page\/index.php\/wp-json\/wp\/v2\/product"}],"about":[{"href":"https:\/\/modest-napier.216-250-124-103.plesk.page\/index.php\/wp-json\/wp\/v2\/types\/product"}],"replies":[{"embeddable":true,"href":"https:\/\/modest-napier.216-250-124-103.plesk.page\/index.php\/wp-json\/wp\/v2\/comments?post=6043"}],"wp:featuredmedia":[{"embeddable":true,"href":"https:\/\/modest-napier.216-250-124-103.plesk.page\/index.php\/wp-json\/wp\/v2\/media\/2598"}],"wp:attachment":[{"href":"https:\/\/modest-napier.216-250-124-103.plesk.page\/index.php\/wp-json\/wp\/v2\/media?parent=6043"}],"wp:term":[{"taxonomy":"product_brand","embeddable":true,"href":"https:\/\/modest-napier.216-250-124-103.plesk.page\/index.php\/wp-json\/wp\/v2\/product_brand?post=6043"},{"taxonomy":"product_cat","embeddable":true,"href":"https:\/\/modest-napier.216-250-124-103.plesk.page\/index.php\/wp-json\/wp\/v2\/product_cat?post=6043"},{"taxonomy":"product_tag","embeddable":true,"href":"https:\/\/modest-napier.216-250-124-103.plesk.page\/index.php\/wp-json\/wp\/v2\/product_tag?post=6043"}],"curies":[{"name":"wp","href":"https:\/\/api.w.org\/{rel}","templated":true}]}}