{"id":6047,"date":"2025-09-24T19:54:06","date_gmt":"2025-09-24T19:54:06","guid":{"rendered":"https:\/\/modest-napier.216-250-124-103.plesk.page\/index.php\/producto\/tab-anemafin-hierro-c-60-dragon-dorado\/"},"modified":"2025-09-24T20:44:43","modified_gmt":"2025-09-24T20:44:43","slug":"tab-anemafin-hierro-c-60-dragon-dorado","status":"publish","type":"product","link":"https:\/\/modest-napier.216-250-124-103.plesk.page\/index.php\/producto\/tab-anemafin-hierro-c-60-dragon-dorado\/","title":{"rendered":"Anemafin Hierro 60 tabletas Drag\u00f3n Dorado"},"content":{"rendered":"<p><strong>Descripci\u00f3n:<\/strong><\/p>\n<p><span>El suplemento de hierro Anemafin es auxiliar en anemia, fatiga y falta de energ\u00eda. Est\u00e1 mejorado con complejo B, calcio, L-Lisina y levadura.<\/span><\/p>\n<p><meta charset=\"UTF-8\"><\/p>\n<p><span style=\"font-size: 0.875rem;\"><\/span><strong>Modo de uso:<\/strong><\/p>\n<p>2 tabletas antes de cada alimento.<\/p>\n<p><strong>Contenido:<\/strong><\/p>\n<p>60 tabletas.<\/p>\n","protected":false},"excerpt":{"rendered":"<p>Descripci\u00f3n: El suplemento de hierro Anemafin es auxiliar en anemia, fatiga y falta de energ\u00eda. Est\u00e1 mejorado con complejo B, calcio, L-Lisina y levadura. Modo de uso: 2 tabletas antes [&hellip;]<\/p>\n","protected":false},"featured_media":2602,"comment_status":"open","ping_status":"closed","template":"","meta":[],"product_brand":[365],"product_cat":[337,318,326],"product_tag":[193,148,177,269,184],"class_list":{"0":"post-6047","1":"product","2":"type-product","3":"status-publish","4":"has-post-thumbnail","6":"product_brand-dragon-dorado","7":"product_cat-productos","8":"product_cat-salud","9":"product_cat-sistema-inmune","10":"product_tag-calcio","11":"product_tag-complejo-b","12":"product_tag-hierro","13":"product_tag-l-lisina","14":"product_tag-levadura-de-cerveza","16":"first","17":"instock","18":"shipping-taxable","19":"purchasable","20":"product-type-simple"},"_links":{"self":[{"href":"https:\/\/modest-napier.216-250-124-103.plesk.page\/index.php\/wp-json\/wp\/v2\/product\/6047","targetHints":{"allow":["GET"]}}],"collection":[{"href":"https:\/\/modest-napier.216-250-124-103.plesk.page\/index.php\/wp-json\/wp\/v2\/product"}],"about":[{"href":"https:\/\/modest-napier.216-250-124-103.plesk.page\/index.php\/wp-json\/wp\/v2\/types\/product"}],"replies":[{"embeddable":true,"href":"https:\/\/modest-napier.216-250-124-103.plesk.page\/index.php\/wp-json\/wp\/v2\/comments?post=6047"}],"wp:featuredmedia":[{"embeddable":true,"href":"https:\/\/modest-napier.216-250-124-103.plesk.page\/index.php\/wp-json\/wp\/v2\/media\/2602"}],"wp:attachment":[{"href":"https:\/\/modest-napier.216-250-124-103.plesk.page\/index.php\/wp-json\/wp\/v2\/media?parent=6047"}],"wp:term":[{"taxonomy":"product_brand","embeddable":true,"href":"https:\/\/modest-napier.216-250-124-103.plesk.page\/index.php\/wp-json\/wp\/v2\/product_brand?post=6047"},{"taxonomy":"product_cat","embeddable":true,"href":"https:\/\/modest-napier.216-250-124-103.plesk.page\/index.php\/wp-json\/wp\/v2\/product_cat?post=6047"},{"taxonomy":"product_tag","embeddable":true,"href":"https:\/\/modest-napier.216-250-124-103.plesk.page\/index.php\/wp-json\/wp\/v2\/product_tag?post=6047"}],"curies":[{"name":"wp","href":"https:\/\/api.w.org\/{rel}","templated":true}]}}