{"id":6048,"date":"2025-09-24T19:54:07","date_gmt":"2025-09-24T19:54:07","guid":{"rendered":"https:\/\/modest-napier.216-250-124-103.plesk.page\/index.php\/producto\/tab-anemifin-dos-hierros-vitaminado-c-60-the-king\/"},"modified":"2025-09-24T20:44:43","modified_gmt":"2025-09-24T20:44:43","slug":"tab-anemifin-dos-hierros-vitaminado-c-60-the-king","status":"publish","type":"product","link":"https:\/\/modest-napier.216-250-124-103.plesk.page\/index.php\/producto\/tab-anemifin-dos-hierros-vitaminado-c-60-the-king\/","title":{"rendered":"Anemifin Dos Hierros 60 tabletas The King"},"content":{"rendered":"<p data-mce-fragment=\"1\"><strong data-mce-fragment=\"1\">Descripci\u00f3n:<\/strong><\/p>\n<p>El <strong>suplemento Anemifin Dos Hierros Vitaminado Quinado<\/strong> tiene los siguientes beneficios:<\/p>\n<ul>\n<li>Baja el colesterol: el\u00a0boldo\u00a0es una planta adecuada\u00a0para\u00a0disminuir los niveles de colesterol.<\/li>\n<li>Es auxiliar en afecciones de las v\u00edas urinarias, diarreas, disenter\u00edas y enfermedades de la piel.<\/li>\n<li>Promueve la salud de h\u00edgado y ves\u00edcula, ayuda al Aparato digestivo, es remedio para el folor y molestias estomacales, evita gases y flatulencias adem\u00e1s de ser un laxante.<\/li>\n<li>Ayuda a dormir mejor y combate la tos e infecciones respiratorias.<\/li>\n<\/ul>\n<p data-mce-fragment=\"1\"><strong>Modo de uso:<\/strong><\/p>\n<p data-mce-fragment=\"1\">2 tabletas antes de cada alimento.<\/p>\n<p data-mce-fragment=\"1\"><strong data-mce-fragment=\"1\">Contenido:<\/strong><\/p>\n<p data-mce-fragment=\"1\">60 tabletas.<\/p>\n","protected":false},"excerpt":{"rendered":"<p>Descripci\u00f3n: El suplemento Anemifin Dos Hierros Vitaminado Quinado tiene los siguientes beneficios: Baja el colesterol: el\u00a0boldo\u00a0es una planta adecuada\u00a0para\u00a0disminuir los niveles de colesterol. Es auxiliar en afecciones de las v\u00edas [&hellip;]<\/p>\n","protected":false},"featured_media":2604,"comment_status":"open","ping_status":"closed","template":"","meta":[],"product_brand":[391],"product_cat":[337,318,326],"product_tag":[177],"class_list":{"0":"post-6048","1":"product","2":"type-product","3":"status-publish","4":"has-post-thumbnail","6":"product_brand-the-king","7":"product_cat-productos","8":"product_cat-salud","9":"product_cat-sistema-inmune","10":"product_tag-hierro","12":"first","13":"instock","14":"shipping-taxable","15":"purchasable","16":"product-type-simple"},"_links":{"self":[{"href":"https:\/\/modest-napier.216-250-124-103.plesk.page\/index.php\/wp-json\/wp\/v2\/product\/6048","targetHints":{"allow":["GET"]}}],"collection":[{"href":"https:\/\/modest-napier.216-250-124-103.plesk.page\/index.php\/wp-json\/wp\/v2\/product"}],"about":[{"href":"https:\/\/modest-napier.216-250-124-103.plesk.page\/index.php\/wp-json\/wp\/v2\/types\/product"}],"replies":[{"embeddable":true,"href":"https:\/\/modest-napier.216-250-124-103.plesk.page\/index.php\/wp-json\/wp\/v2\/comments?post=6048"}],"wp:featuredmedia":[{"embeddable":true,"href":"https:\/\/modest-napier.216-250-124-103.plesk.page\/index.php\/wp-json\/wp\/v2\/media\/2604"}],"wp:attachment":[{"href":"https:\/\/modest-napier.216-250-124-103.plesk.page\/index.php\/wp-json\/wp\/v2\/media?parent=6048"}],"wp:term":[{"taxonomy":"product_brand","embeddable":true,"href":"https:\/\/modest-napier.216-250-124-103.plesk.page\/index.php\/wp-json\/wp\/v2\/product_brand?post=6048"},{"taxonomy":"product_cat","embeddable":true,"href":"https:\/\/modest-napier.216-250-124-103.plesk.page\/index.php\/wp-json\/wp\/v2\/product_cat?post=6048"},{"taxonomy":"product_tag","embeddable":true,"href":"https:\/\/modest-napier.216-250-124-103.plesk.page\/index.php\/wp-json\/wp\/v2\/product_tag?post=6048"}],"curies":[{"name":"wp","href":"https:\/\/api.w.org\/{rel}","templated":true}]}}