{"id":6055,"date":"2025-09-24T19:54:15","date_gmt":"2025-09-24T19:54:15","guid":{"rendered":"https:\/\/modest-napier.216-250-124-103.plesk.page\/index.php\/producto\/tab-artribion-complex-c-100\/"},"modified":"2025-09-24T20:45:58","modified_gmt":"2025-09-24T20:45:58","slug":"tab-artribion-complex-c-100","status":"publish","type":"product","link":"https:\/\/modest-napier.216-250-124-103.plesk.page\/index.php\/producto\/tab-artribion-complex-c-100\/","title":{"rendered":"Artribion Complex 100 tabletas"},"content":{"rendered":"<p><strong>Descripci\u00f3n:<\/strong><\/p>\n<p>El suplemento <strong>Artribion Complex<\/strong> es \u00fatil en la construcci\u00f3n del cart\u00edlago, Tratamiento en la artritis. Frena el avance de deterioro articular. Analg\u00e9sico y antinflamatorio. Altamente eficaz en problemas de articulaciones de lesiones deportivas. Ayuda a personas que padecen de procesos degenerativos como la artritis y la osteoartritis. Facilita la movilidad y normal funcionamiento de las articulaciones.<\/p>\n<p><strong>Ingredientes:<\/strong><\/p>\n<p>Glucosamina, condroitina, col\u00e1geno, vitamina C, MSM, ajo rey, ajo negro, cloruro de magnesio.<\/p>\n<p><strong>Modo de uso:<\/strong><\/p>\n<p><span>Tomar 2 tabletas 3 veces al d\u00eda.<\/span><\/p>\n<p><strong>Contenido:<\/strong><\/p>\n<p>100 tabletas.<\/p>\n","protected":false},"excerpt":{"rendered":"<p>Descripci\u00f3n: El suplemento Artribion Complex es \u00fatil en la construcci\u00f3n del cart\u00edlago, Tratamiento en la artritis. Frena el avance de deterioro articular. Analg\u00e9sico y antinflamatorio. Altamente eficaz en problemas de [&hellip;]<\/p>\n","protected":false},"featured_media":2612,"comment_status":"open","ping_status":"closed","template":"","meta":[],"product_brand":[351],"product_cat":[297,337,318],"product_tag":[108,75,77,91,92,39,204,86],"class_list":{"0":"post-6055","1":"product","2":"type-product","3":"status-publish","4":"has-post-thumbnail","6":"product_brand-herbomex","7":"product_cat-dolor-en-articulaciones","8":"product_cat-productos","9":"product_cat-salud","10":"product_tag-ajo","11":"product_tag-ajo-negro","12":"product_tag-colageno","13":"product_tag-condroitina","14":"product_tag-glucosamina","15":"product_tag-magnesio","16":"product_tag-msm","17":"product_tag-vitamina-c","19":"first","20":"instock","21":"shipping-taxable","22":"purchasable","23":"product-type-simple"},"_links":{"self":[{"href":"https:\/\/modest-napier.216-250-124-103.plesk.page\/index.php\/wp-json\/wp\/v2\/product\/6055","targetHints":{"allow":["GET"]}}],"collection":[{"href":"https:\/\/modest-napier.216-250-124-103.plesk.page\/index.php\/wp-json\/wp\/v2\/product"}],"about":[{"href":"https:\/\/modest-napier.216-250-124-103.plesk.page\/index.php\/wp-json\/wp\/v2\/types\/product"}],"replies":[{"embeddable":true,"href":"https:\/\/modest-napier.216-250-124-103.plesk.page\/index.php\/wp-json\/wp\/v2\/comments?post=6055"}],"wp:featuredmedia":[{"embeddable":true,"href":"https:\/\/modest-napier.216-250-124-103.plesk.page\/index.php\/wp-json\/wp\/v2\/media\/2612"}],"wp:attachment":[{"href":"https:\/\/modest-napier.216-250-124-103.plesk.page\/index.php\/wp-json\/wp\/v2\/media?parent=6055"}],"wp:term":[{"taxonomy":"product_brand","embeddable":true,"href":"https:\/\/modest-napier.216-250-124-103.plesk.page\/index.php\/wp-json\/wp\/v2\/product_brand?post=6055"},{"taxonomy":"product_cat","embeddable":true,"href":"https:\/\/modest-napier.216-250-124-103.plesk.page\/index.php\/wp-json\/wp\/v2\/product_cat?post=6055"},{"taxonomy":"product_tag","embeddable":true,"href":"https:\/\/modest-napier.216-250-124-103.plesk.page\/index.php\/wp-json\/wp\/v2\/product_tag?post=6055"}],"curies":[{"name":"wp","href":"https:\/\/api.w.org\/{rel}","templated":true}]}}