{"id":6058,"date":"2025-09-24T19:54:20","date_gmt":"2025-09-24T19:54:20","guid":{"rendered":"https:\/\/modest-napier.216-250-124-103.plesk.page\/index.php\/producto\/tab-artrifan-king-curcuma-c-30-omega-nutrition\/"},"modified":"2025-09-24T20:45:58","modified_gmt":"2025-09-24T20:45:58","slug":"artrifan-king","status":"publish","type":"product","link":"https:\/\/modest-napier.216-250-124-103.plesk.page\/index.php\/producto\/artrifan-king\/","title":{"rendered":"Artrifan King con C\u00farcuma 30 tabletas Omega Nutrition"},"content":{"rendered":"<p><strong>Artrifan King con C\u00farcuma<\/strong> es ideal para quienes buscan un enfoque integral para el cuidado de sus articulaciones y huesos. La combinaci\u00f3n de <em>ingredientes naturales de Artifan King<\/em> no solo alivia el dolor y reduce la inflamaci\u00f3n, sino que tambi\u00e9n apoya la regeneraci\u00f3n del cart\u00edlago, mejora la movilidad, y proporciona una protecci\u00f3n adicional contra enfermedades graves como el c\u00e1ncer \u00f3seo.<strong data-mce-fragment=\"1\"><\/strong><\/p>\n","protected":false},"excerpt":{"rendered":"<p>Artrifan King con C\u00farcuma es ideal para quienes buscan un enfoque integral para el cuidado de sus articulaciones y huesos. La combinaci\u00f3n de ingredientes naturales de Artifan King no solo [&hellip;]<\/p>\n","protected":false},"featured_media":2616,"comment_status":"open","ping_status":"closed","template":"","meta":[],"product_brand":[358],"product_cat":[337,318],"product_tag":[194,91,151,92,204],"class_list":{"0":"post-6058","1":"product","2":"type-product","3":"status-publish","4":"has-post-thumbnail","6":"product_brand-omega-nutrition","7":"product_cat-productos","8":"product_cat-salud","9":"product_tag-cartilago-de-tiburon","10":"product_tag-condroitina","11":"product_tag-curcuma","12":"product_tag-glucosamina","13":"product_tag-msm","15":"first","16":"instock","17":"shipping-taxable","18":"purchasable","19":"product-type-simple"},"_links":{"self":[{"href":"https:\/\/modest-napier.216-250-124-103.plesk.page\/index.php\/wp-json\/wp\/v2\/product\/6058","targetHints":{"allow":["GET"]}}],"collection":[{"href":"https:\/\/modest-napier.216-250-124-103.plesk.page\/index.php\/wp-json\/wp\/v2\/product"}],"about":[{"href":"https:\/\/modest-napier.216-250-124-103.plesk.page\/index.php\/wp-json\/wp\/v2\/types\/product"}],"replies":[{"embeddable":true,"href":"https:\/\/modest-napier.216-250-124-103.plesk.page\/index.php\/wp-json\/wp\/v2\/comments?post=6058"}],"wp:featuredmedia":[{"embeddable":true,"href":"https:\/\/modest-napier.216-250-124-103.plesk.page\/index.php\/wp-json\/wp\/v2\/media\/2616"}],"wp:attachment":[{"href":"https:\/\/modest-napier.216-250-124-103.plesk.page\/index.php\/wp-json\/wp\/v2\/media?parent=6058"}],"wp:term":[{"taxonomy":"product_brand","embeddable":true,"href":"https:\/\/modest-napier.216-250-124-103.plesk.page\/index.php\/wp-json\/wp\/v2\/product_brand?post=6058"},{"taxonomy":"product_cat","embeddable":true,"href":"https:\/\/modest-napier.216-250-124-103.plesk.page\/index.php\/wp-json\/wp\/v2\/product_cat?post=6058"},{"taxonomy":"product_tag","embeddable":true,"href":"https:\/\/modest-napier.216-250-124-103.plesk.page\/index.php\/wp-json\/wp\/v2\/product_tag?post=6058"}],"curies":[{"name":"wp","href":"https:\/\/api.w.org\/{rel}","templated":true}]}}