{"id":6059,"date":"2025-09-24T19:54:21","date_gmt":"2025-09-24T19:54:21","guid":{"rendered":"https:\/\/modest-napier.216-250-124-103.plesk.page\/index.php\/producto\/tab-artritis-y-reumatismo-c-100-neutrinus\/"},"modified":"2025-09-24T20:45:57","modified_gmt":"2025-09-24T20:45:57","slug":"tab-artritis-y-reumatismo-c-100-neutrinus","status":"publish","type":"product","link":"https:\/\/modest-napier.216-250-124-103.plesk.page\/index.php\/producto\/tab-artritis-y-reumatismo-c-100-neutrinus\/","title":{"rendered":"Artritis y Reumatismo 100 tabletas Neutrinus"},"content":{"rendered":"<p><strong>Descripci\u00f3n:<\/strong><\/p>\n<p>El suplemento <strong>Artritis &amp; Reumatismo de Neutrinus<\/strong> se recomienda como auxiliar en casos de dolor por artritis, \u00e1cido \u00farico, osteoporosis e inflamaci\u00f3n. Es analg\u00e9sico, antiinflamatorio y anti reum\u00e1tico.<\/p>\n<p><strong>Ingredientes:<\/strong><\/p>\n<p>Glucosamina, condroitina, cart\u00edlago de tibur\u00f3n, c\u00farcuma y MSM.<\/p>\n<p><strong>Modo de uso:<\/strong><\/p>\n<p>Tomar 2 c\u00e1psulas 3 veces al d\u00eda antes de los alimentos.<\/p>\n<p><strong>Contenido:<\/strong><\/p>\n<p>100 tabletas.<\/p>\n","protected":false},"excerpt":{"rendered":"<p>Descripci\u00f3n: El suplemento Artritis &amp; Reumatismo de Neutrinus se recomienda como auxiliar en casos de dolor por artritis, \u00e1cido \u00farico, osteoporosis e inflamaci\u00f3n. Es analg\u00e9sico, antiinflamatorio y anti reum\u00e1tico. Ingredientes: [&hellip;]<\/p>\n","protected":false},"featured_media":2617,"comment_status":"open","ping_status":"closed","template":"","meta":[],"product_brand":[536],"product_cat":[297,337,318],"product_tag":[194,91,151,92,204],"class_list":{"0":"post-6059","1":"product","2":"type-product","3":"status-publish","4":"has-post-thumbnail","6":"product_brand-neutrinus","7":"product_cat-dolor-en-articulaciones","8":"product_cat-productos","9":"product_cat-salud","10":"product_tag-cartilago-de-tiburon","11":"product_tag-condroitina","12":"product_tag-curcuma","13":"product_tag-glucosamina","14":"product_tag-msm","16":"first","17":"instock","18":"shipping-taxable","19":"purchasable","20":"product-type-simple"},"_links":{"self":[{"href":"https:\/\/modest-napier.216-250-124-103.plesk.page\/index.php\/wp-json\/wp\/v2\/product\/6059","targetHints":{"allow":["GET"]}}],"collection":[{"href":"https:\/\/modest-napier.216-250-124-103.plesk.page\/index.php\/wp-json\/wp\/v2\/product"}],"about":[{"href":"https:\/\/modest-napier.216-250-124-103.plesk.page\/index.php\/wp-json\/wp\/v2\/types\/product"}],"replies":[{"embeddable":true,"href":"https:\/\/modest-napier.216-250-124-103.plesk.page\/index.php\/wp-json\/wp\/v2\/comments?post=6059"}],"wp:featuredmedia":[{"embeddable":true,"href":"https:\/\/modest-napier.216-250-124-103.plesk.page\/index.php\/wp-json\/wp\/v2\/media\/2617"}],"wp:attachment":[{"href":"https:\/\/modest-napier.216-250-124-103.plesk.page\/index.php\/wp-json\/wp\/v2\/media?parent=6059"}],"wp:term":[{"taxonomy":"product_brand","embeddable":true,"href":"https:\/\/modest-napier.216-250-124-103.plesk.page\/index.php\/wp-json\/wp\/v2\/product_brand?post=6059"},{"taxonomy":"product_cat","embeddable":true,"href":"https:\/\/modest-napier.216-250-124-103.plesk.page\/index.php\/wp-json\/wp\/v2\/product_cat?post=6059"},{"taxonomy":"product_tag","embeddable":true,"href":"https:\/\/modest-napier.216-250-124-103.plesk.page\/index.php\/wp-json\/wp\/v2\/product_tag?post=6059"}],"curies":[{"name":"wp","href":"https:\/\/api.w.org\/{rel}","templated":true}]}}