{"id":6062,"date":"2025-09-24T19:54:25","date_gmt":"2025-09-24T19:54:25","guid":{"rendered":"https:\/\/modest-napier.216-250-124-103.plesk.page\/index.php\/producto\/tab-avan-flex-c-30-calidad-natural\/"},"modified":"2025-09-24T20:45:57","modified_gmt":"2025-09-24T20:45:57","slug":"tab-avan-flex-c-30-calidad-natural","status":"publish","type":"product","link":"https:\/\/modest-napier.216-250-124-103.plesk.page\/index.php\/producto\/tab-avan-flex-c-30-calidad-natural\/","title":{"rendered":"Avan Flex 30 tabletas Calidad Natural"},"content":{"rendered":"<p data-mce-fragment=\"1\"><strong data-mce-fragment=\"1\">Descripci\u00f3n:<\/strong><\/p>\n<p data-mce-fragment=\"1\">El suplemento <strong>Avan FLEX<\/strong> ayuda a mantener huesos, m\u00fasculos, tendones y articulaciones en buen estado y con mayor flexibilidad.<\/p>\n<p data-mce-fragment=\"1\"><strong>Ingredientes:<\/strong><\/p>\n<p data-mce-fragment=\"1\">Ulmaria, laurel, mu\u00e9rdago, alhova, equiseto mayor, abedul, lavanda, ortiga, ajo, romero, cardo mariano, cart\u00edlago de tibur\u00f3n, \u00e1cido hialur\u00f3nico, MSM, carbonato de calcio, col\u00e1geno hidrolizado, vitamina D, sulfato de glucosamina, sulfato de condoitrina.<\/p>\n<p data-mce-fragment=\"1\"><strong data-mce-fragment=\"1\">Modo de uso:<\/strong><\/p>\n<p data-mce-fragment=\"1\"><span data-mce-fragment=\"1\">Tomar 1 tabletas al d\u00eda con<\/span>\u00a0alimentos.<\/p>\n<p data-mce-fragment=\"1\"><strong data-mce-fragment=\"1\">Contenido:<\/strong><\/p>\n<p data-mce-fragment=\"1\">30 tabletas.<\/p>\n","protected":false},"excerpt":{"rendered":"<p>Descripci\u00f3n: El suplemento Avan FLEX ayuda a mantener huesos, m\u00fasculos, tendones y articulaciones en buen estado y con mayor flexibilidad. Ingredientes: Ulmaria, laurel, mu\u00e9rdago, alhova, equiseto mayor, abedul, lavanda, ortiga, [&hellip;]<\/p>\n","protected":false},"featured_media":2621,"comment_status":"open","ping_status":"closed","template":"","meta":[],"product_brand":[578],"product_cat":[299,337,318],"product_tag":[105,108,193,127,194,91,92,204,93,69],"class_list":{"0":"post-6062","1":"product","2":"type-product","3":"status-publish","4":"has-post-thumbnail","6":"product_brand-calidad-natural","7":"product_cat-fortalecimiento-de-los-huesos","8":"product_cat-productos","9":"product_cat-salud","10":"product_tag-acido-hialuronico","11":"product_tag-ajo","12":"product_tag-calcio","13":"product_tag-cardo-mariano","14":"product_tag-cartilago-de-tiburon","15":"product_tag-condroitina","16":"product_tag-glucosamina","17":"product_tag-msm","18":"product_tag-ortiga","19":"product_tag-romero","21":"first","22":"outofstock","23":"shipping-taxable","24":"purchasable","25":"product-type-simple"},"_links":{"self":[{"href":"https:\/\/modest-napier.216-250-124-103.plesk.page\/index.php\/wp-json\/wp\/v2\/product\/6062","targetHints":{"allow":["GET"]}}],"collection":[{"href":"https:\/\/modest-napier.216-250-124-103.plesk.page\/index.php\/wp-json\/wp\/v2\/product"}],"about":[{"href":"https:\/\/modest-napier.216-250-124-103.plesk.page\/index.php\/wp-json\/wp\/v2\/types\/product"}],"replies":[{"embeddable":true,"href":"https:\/\/modest-napier.216-250-124-103.plesk.page\/index.php\/wp-json\/wp\/v2\/comments?post=6062"}],"wp:featuredmedia":[{"embeddable":true,"href":"https:\/\/modest-napier.216-250-124-103.plesk.page\/index.php\/wp-json\/wp\/v2\/media\/2621"}],"wp:attachment":[{"href":"https:\/\/modest-napier.216-250-124-103.plesk.page\/index.php\/wp-json\/wp\/v2\/media?parent=6062"}],"wp:term":[{"taxonomy":"product_brand","embeddable":true,"href":"https:\/\/modest-napier.216-250-124-103.plesk.page\/index.php\/wp-json\/wp\/v2\/product_brand?post=6062"},{"taxonomy":"product_cat","embeddable":true,"href":"https:\/\/modest-napier.216-250-124-103.plesk.page\/index.php\/wp-json\/wp\/v2\/product_cat?post=6062"},{"taxonomy":"product_tag","embeddable":true,"href":"https:\/\/modest-napier.216-250-124-103.plesk.page\/index.php\/wp-json\/wp\/v2\/product_tag?post=6062"}],"curies":[{"name":"wp","href":"https:\/\/api.w.org\/{rel}","templated":true}]}}