{"id":6065,"date":"2025-09-24T19:54:29","date_gmt":"2025-09-24T19:54:29","guid":{"rendered":"https:\/\/modest-napier.216-250-124-103.plesk.page\/index.php\/producto\/tab-biotina-c-30-evolucion-natural\/"},"modified":"2025-09-24T20:45:18","modified_gmt":"2025-09-24T20:45:18","slug":"tab-biotina-c-30-evolucion-natural","status":"publish","type":"product","link":"https:\/\/modest-napier.216-250-124-103.plesk.page\/index.php\/producto\/tab-biotina-c-30-evolucion-natural\/","title":{"rendered":"Biotina 10,000 mcg 30 tabletas Evoluci\u00f3n Natural"},"content":{"rendered":"<p data-mce-fragment=\"1\"><strong data-mce-fragment=\"1\">Descripci\u00f3n:<\/strong><\/p>\n<p data-mce-fragment=\"1\"><span>La <strong>biotina<\/strong> es un duplemento alimenticio completo, ya que sus ingredientes, y bio-disponibilidad en nuestro cuerpo, se complementan para el fortalecimiento adecuado de la piel, unas, huesos, ligamentos, tendones y cart\u00edlagos. Con \u00e1cido hialur\u00f3nico, col\u00e1geno, vitamina A, zinc, vitamina C y selenio.<\/span><\/p>\n<p data-mce-fragment=\"1\"><strong data-mce-fragment=\"1\">Modo de uso:<\/strong><\/p>\n<p data-mce-fragment=\"1\">1 tableta por la ma\u00f1ana y 1 por la noche.<\/p>\n<p data-mce-fragment=\"1\"><strong data-mce-fragment=\"1\">Contenido:<\/strong><\/p>\n<p data-mce-fragment=\"1\">30 tabletas.<\/p>\n","protected":false},"excerpt":{"rendered":"<p>Descripci\u00f3n: La biotina es un duplemento alimenticio completo, ya que sus ingredientes, y bio-disponibilidad en nuestro cuerpo, se complementan para el fortalecimiento adecuado de la piel, unas, huesos, ligamentos, tendones [&hellip;]<\/p>\n","protected":false},"featured_media":2624,"comment_status":"open","ping_status":"closed","template":"","meta":[],"product_brand":[549],"product_cat":[289,337,318,330],"product_tag":[105,73,77,207,85,86,179],"class_list":{"0":"post-6065","1":"product","2":"type-product","3":"status-publish","4":"has-post-thumbnail","6":"product_brand-evolucion-natural","7":"product_cat-belleza","8":"product_cat-productos","9":"product_cat-salud","10":"product_cat-suplementos-para-la-piel","11":"product_tag-acido-hialuronico","12":"product_tag-biotina","13":"product_tag-colageno","14":"product_tag-selenio","15":"product_tag-vitamina-a","16":"product_tag-vitamina-c","17":"product_tag-zinc","19":"first","20":"instock","21":"shipping-taxable","22":"purchasable","23":"product-type-simple"},"_links":{"self":[{"href":"https:\/\/modest-napier.216-250-124-103.plesk.page\/index.php\/wp-json\/wp\/v2\/product\/6065","targetHints":{"allow":["GET"]}}],"collection":[{"href":"https:\/\/modest-napier.216-250-124-103.plesk.page\/index.php\/wp-json\/wp\/v2\/product"}],"about":[{"href":"https:\/\/modest-napier.216-250-124-103.plesk.page\/index.php\/wp-json\/wp\/v2\/types\/product"}],"replies":[{"embeddable":true,"href":"https:\/\/modest-napier.216-250-124-103.plesk.page\/index.php\/wp-json\/wp\/v2\/comments?post=6065"}],"wp:featuredmedia":[{"embeddable":true,"href":"https:\/\/modest-napier.216-250-124-103.plesk.page\/index.php\/wp-json\/wp\/v2\/media\/2624"}],"wp:attachment":[{"href":"https:\/\/modest-napier.216-250-124-103.plesk.page\/index.php\/wp-json\/wp\/v2\/media?parent=6065"}],"wp:term":[{"taxonomy":"product_brand","embeddable":true,"href":"https:\/\/modest-napier.216-250-124-103.plesk.page\/index.php\/wp-json\/wp\/v2\/product_brand?post=6065"},{"taxonomy":"product_cat","embeddable":true,"href":"https:\/\/modest-napier.216-250-124-103.plesk.page\/index.php\/wp-json\/wp\/v2\/product_cat?post=6065"},{"taxonomy":"product_tag","embeddable":true,"href":"https:\/\/modest-napier.216-250-124-103.plesk.page\/index.php\/wp-json\/wp\/v2\/product_tag?post=6065"}],"curies":[{"name":"wp","href":"https:\/\/api.w.org\/{rel}","templated":true}]}}