{"id":6067,"date":"2025-09-24T19:54:31","date_gmt":"2025-09-24T19:54:31","guid":{"rendered":"https:\/\/modest-napier.216-250-124-103.plesk.page\/index.php\/producto\/tab-biotina-colageno-y-vitamina-c-c-180-vidanat\/"},"modified":"2025-09-24T20:44:06","modified_gmt":"2025-09-24T20:44:06","slug":"tab-biotina-colageno-y-vitamina-c-c-180-vidanat","status":"publish","type":"product","link":"https:\/\/modest-napier.216-250-124-103.plesk.page\/index.php\/producto\/tab-biotina-colageno-y-vitamina-c-c-180-vidanat\/","title":{"rendered":"Biotina, Col\u00e1geno y Vitamina C 180 tabletas Vidanat"},"content":{"rendered":"<style type=\"text\/css\" data-mce-fragment=\"1\"><!--\ntd {border: 1px solid #cccccc;}br {mso-data-placement:same-cell;}\n--><\/style>\n<p><strong>Descripci\u00f3n:<\/strong><\/p>\n<p><span data-sheets-userformat='{\"2\":15299,\"3\":{\"1\":0},\"4\":{\"1\":3,\"3\":2},\"9\":1,\"10\":0,\"11\":4,\"12\":0,\"14\":{\"1\":2,\"2\":0},\"15\":\"Arial\",\"16\":9}' data-sheets-value='{\"1\":2,\"2\":\"Descripci\u00f3n:nAporta brillo a cabellerarnmejora la firmeza y la elasticidad de la pielrnfortalece las u\u00f1as y el cabello mejorando su aspectornpreviene y retarda la aparici\u00f3n de arrugas, l\u00edneas de expresi\u00f3n y celulitisrnayuda a las articulaciones, tendones y ligamentos.nnn Modo de uso:nnTomar 2 tabletas al dia.nnContenido:nn180 Tabletas.\"}' data-mce-fragment=\"1\">El suplemento de <strong>biotina con col\u00e1geno y vitamina C<\/strong> en tabletas tiene los siguientes beneficios:<\/span><\/p>\n<ul>\n<li><span data-sheets-userformat='{\"2\":15299,\"3\":{\"1\":0},\"4\":{\"1\":3,\"3\":2},\"9\":1,\"10\":0,\"11\":4,\"12\":0,\"14\":{\"1\":2,\"2\":0},\"15\":\"Arial\",\"16\":9}' data-sheets-value='{\"1\":2,\"2\":\"Descripci\u00f3n:nAporta brillo a cabellerarnmejora la firmeza y la elasticidad de la pielrnfortalece las u\u00f1as y el cabello mejorando su aspectornpreviene y retarda la aparici\u00f3n de arrugas, l\u00edneas de expresi\u00f3n y celulitisrnayuda a las articulaciones, tendones y ligamentos.nnn Modo de uso:nnTomar 2 tabletas al dia.nnContenido:nn180 Tabletas.\"}' data-mce-fragment=\"1\">Aporta brillo a cabellera. <\/span><\/li>\n<li><span data-sheets-userformat='{\"2\":15299,\"3\":{\"1\":0},\"4\":{\"1\":3,\"3\":2},\"9\":1,\"10\":0,\"11\":4,\"12\":0,\"14\":{\"1\":2,\"2\":0},\"15\":\"Arial\",\"16\":9}' data-sheets-value='{\"1\":2,\"2\":\"Descripci\u00f3n:nAporta brillo a cabellerarnmejora la firmeza y la elasticidad de la pielrnfortalece las u\u00f1as y el cabello mejorando su aspectornpreviene y retarda la aparici\u00f3n de arrugas, l\u00edneas de expresi\u00f3n y celulitisrnayuda a las articulaciones, tendones y ligamentos.nnn Modo de uso:nnTomar 2 tabletas al dia.nnContenido:nn180 Tabletas.\"}' data-mce-fragment=\"1\">Mejora la firmeza y la elasticidad de la piel. <\/span><\/li>\n<li><span data-sheets-userformat='{\"2\":15299,\"3\":{\"1\":0},\"4\":{\"1\":3,\"3\":2},\"9\":1,\"10\":0,\"11\":4,\"12\":0,\"14\":{\"1\":2,\"2\":0},\"15\":\"Arial\",\"16\":9}' data-sheets-value='{\"1\":2,\"2\":\"Descripci\u00f3n:nAporta brillo a cabellerarnmejora la firmeza y la elasticidad de la pielrnfortalece las u\u00f1as y el cabello mejorando su aspectornpreviene y retarda la aparici\u00f3n de arrugas, l\u00edneas de expresi\u00f3n y celulitisrnayuda a las articulaciones, tendones y ligamentos.nnn Modo de uso:nnTomar 2 tabletas al dia.nnContenido:nn180 Tabletas.\"}' data-mce-fragment=\"1\">Fortalece las u\u00f1as y el cabello mejorando su aspecto. <\/span><\/li>\n<li><span data-sheets-userformat='{\"2\":15299,\"3\":{\"1\":0},\"4\":{\"1\":3,\"3\":2},\"9\":1,\"10\":0,\"11\":4,\"12\":0,\"14\":{\"1\":2,\"2\":0},\"15\":\"Arial\",\"16\":9}' data-sheets-value='{\"1\":2,\"2\":\"Descripci\u00f3n:nAporta brillo a cabellerarnmejora la firmeza y la elasticidad de la pielrnfortalece las u\u00f1as y el cabello mejorando su aspectornpreviene y retarda la aparici\u00f3n de arrugas, l\u00edneas de expresi\u00f3n y celulitisrnayuda a las articulaciones, tendones y ligamentos.nnn Modo de uso:nnTomar 2 tabletas al dia.nnContenido:nn180 Tabletas.\"}' data-mce-fragment=\"1\">Previene y retarda la aparici\u00f3n de arrugas, l\u00edneas de expresi\u00f3n y celulitis. <\/span><\/li>\n<li><span data-sheets-userformat='{\"2\":15299,\"3\":{\"1\":0},\"4\":{\"1\":3,\"3\":2},\"9\":1,\"10\":0,\"11\":4,\"12\":0,\"14\":{\"1\":2,\"2\":0},\"15\":\"Arial\",\"16\":9}' data-sheets-value='{\"1\":2,\"2\":\"Descripci\u00f3n:nAporta brillo a cabellerarnmejora la firmeza y la elasticidad de la pielrnfortalece las u\u00f1as y el cabello mejorando su aspectornpreviene y retarda la aparici\u00f3n de arrugas, l\u00edneas de expresi\u00f3n y celulitisrnayuda a las articulaciones, tendones y ligamentos.nnn Modo de uso:nnTomar 2 tabletas al dia.nnContenido:nn180 Tabletas.\"}' data-mce-fragment=\"1\">Ayuda a las articulaciones, tendones y ligamentos.<\/span><\/li>\n<\/ul>\n<p><strong>Modo de uso: <\/strong><\/p>\n<p><span data-sheets-userformat='{\"2\":15299,\"3\":{\"1\":0},\"4\":{\"1\":3,\"3\":2},\"9\":1,\"10\":0,\"11\":4,\"12\":0,\"14\":{\"1\":2,\"2\":0},\"15\":\"Arial\",\"16\":9}' data-sheets-value='{\"1\":2,\"2\":\"Descripci\u00f3n:nAporta brillo a cabellerarnmejora la firmeza y la elasticidad de la pielrnfortalece las u\u00f1as y el cabello mejorando su aspectornpreviene y retarda la aparici\u00f3n de arrugas, l\u00edneas de expresi\u00f3n y celulitisrnayuda a las articulaciones, tendones y ligamentos.nnn Modo de uso:nnTomar 2 tabletas al dia.nnContenido:nn180 Tabletas.\"}' data-mce-fragment=\"1\">Tomar 2 tabletas al d\u00eda.<\/span><\/p>\n<p><strong>Contenido: <\/strong><\/p>\n<p><span data-sheets-userformat='{\"2\":15299,\"3\":{\"1\":0},\"4\":{\"1\":3,\"3\":2},\"9\":1,\"10\":0,\"11\":4,\"12\":0,\"14\":{\"1\":2,\"2\":0},\"15\":\"Arial\",\"16\":9}' data-sheets-value='{\"1\":2,\"2\":\"Descripci\u00f3n:nAporta brillo a cabellerarnmejora la firmeza y la elasticidad de la pielrnfortalece las u\u00f1as y el cabello mejorando su aspectornpreviene y retarda la aparici\u00f3n de arrugas, l\u00edneas de expresi\u00f3n y celulitisrnayuda a las articulaciones, tendones y ligamentos.nnn Modo de uso:nnTomar 2 tabletas al dia.nnContenido:nn180 Tabletas.\"}' data-mce-fragment=\"1\">180 tabletas.<\/span><\/p>\n","protected":false},"excerpt":{"rendered":"<p>Descripci\u00f3n: El suplemento de biotina con col\u00e1geno y vitamina C en tabletas tiene los siguientes beneficios: Aporta brillo a cabellera. Mejora la firmeza y la elasticidad de la piel. Fortalece [&hellip;]<\/p>\n","protected":false},"featured_media":2626,"comment_status":"open","ping_status":"closed","template":"","meta":[],"product_brand":[354],"product_cat":[337,318,330],"product_tag":[73,77,86],"class_list":{"0":"post-6067","1":"product","2":"type-product","3":"status-publish","4":"has-post-thumbnail","6":"product_brand-vidanat","7":"product_cat-productos","8":"product_cat-salud","9":"product_cat-suplementos-para-la-piel","10":"product_tag-biotina","11":"product_tag-colageno","12":"product_tag-vitamina-c","14":"first","15":"instock","16":"shipping-taxable","17":"purchasable","18":"product-type-simple"},"_links":{"self":[{"href":"https:\/\/modest-napier.216-250-124-103.plesk.page\/index.php\/wp-json\/wp\/v2\/product\/6067","targetHints":{"allow":["GET"]}}],"collection":[{"href":"https:\/\/modest-napier.216-250-124-103.plesk.page\/index.php\/wp-json\/wp\/v2\/product"}],"about":[{"href":"https:\/\/modest-napier.216-250-124-103.plesk.page\/index.php\/wp-json\/wp\/v2\/types\/product"}],"replies":[{"embeddable":true,"href":"https:\/\/modest-napier.216-250-124-103.plesk.page\/index.php\/wp-json\/wp\/v2\/comments?post=6067"}],"wp:featuredmedia":[{"embeddable":true,"href":"https:\/\/modest-napier.216-250-124-103.plesk.page\/index.php\/wp-json\/wp\/v2\/media\/2626"}],"wp:attachment":[{"href":"https:\/\/modest-napier.216-250-124-103.plesk.page\/index.php\/wp-json\/wp\/v2\/media?parent=6067"}],"wp:term":[{"taxonomy":"product_brand","embeddable":true,"href":"https:\/\/modest-napier.216-250-124-103.plesk.page\/index.php\/wp-json\/wp\/v2\/product_brand?post=6067"},{"taxonomy":"product_cat","embeddable":true,"href":"https:\/\/modest-napier.216-250-124-103.plesk.page\/index.php\/wp-json\/wp\/v2\/product_cat?post=6067"},{"taxonomy":"product_tag","embeddable":true,"href":"https:\/\/modest-napier.216-250-124-103.plesk.page\/index.php\/wp-json\/wp\/v2\/product_tag?post=6067"}],"curies":[{"name":"wp","href":"https:\/\/api.w.org\/{rel}","templated":true}]}}