{"id":6069,"date":"2025-09-24T19:54:35","date_gmt":"2025-09-24T19:54:35","guid":{"rendered":"https:\/\/modest-napier.216-250-124-103.plesk.page\/index.php\/producto\/tab-biotina-y-colageno-c-60-organiks\/"},"modified":"2025-09-24T20:44:14","modified_gmt":"2025-09-24T20:44:14","slug":"tab-biotina-y-colageno-c-60-organiks","status":"publish","type":"product","link":"https:\/\/modest-napier.216-250-124-103.plesk.page\/index.php\/producto\/tab-biotina-y-colageno-c-60-organiks\/","title":{"rendered":"Biotina y Col\u00e1geno 60 tabletas Organik&#8217;s"},"content":{"rendered":"<p data-mce-fragment=\"1\">\ufeff<strong data-mce-fragment=\"1\">Descripci\u00f3n:<\/strong><br data-mce-fragment=\"1\">El suplemento de <strong>Biotina y Col\u00e1geno en tabletas<\/strong> mejora la firmeza y la elasticidad de la piel, al mismo tiempo que fortalece las u\u00f1as y el cabello y mejora su aspecto. Adem\u00e1s, previene y retarda la aparici\u00f3n de arrugas, l\u00edneas de expresi\u00f3n y celulitis. Tambi\u00e9n ayuda a las articulaciones, tendones y ligamentos.<\/p>\n<p data-mce-fragment=\"1\"><strong data-mce-fragment=\"1\">Modo de uso:<\/strong><\/p>\n<p data-mce-fragment=\"1\"><span data-mce-fragment=\"1\">Tomar 2 tabletas \u00b4por la noche con suficiente agua.<\/span><\/p>\n<p data-mce-fragment=\"1\"><strong data-mce-fragment=\"1\">Contenido:<\/strong><\/p>\n<p data-mce-fragment=\"1\">60 tabletas.<\/p>\n","protected":false},"excerpt":{"rendered":"<p>\ufeffDescripci\u00f3n:El suplemento de Biotina y Col\u00e1geno en tabletas mejora la firmeza y la elasticidad de la piel, al mismo tiempo que fortalece las u\u00f1as y el cabello y mejora su [&hellip;]<\/p>\n","protected":false},"featured_media":2628,"comment_status":"open","ping_status":"closed","template":"","meta":[],"product_brand":[436],"product_cat":[289,337,318,330],"product_tag":[73,77],"class_list":{"0":"post-6069","1":"product","2":"type-product","3":"status-publish","4":"has-post-thumbnail","6":"product_brand-organiks","7":"product_cat-belleza","8":"product_cat-productos","9":"product_cat-salud","10":"product_cat-suplementos-para-la-piel","11":"product_tag-biotina","12":"product_tag-colageno","14":"first","15":"instock","16":"shipping-taxable","17":"purchasable","18":"product-type-simple"},"_links":{"self":[{"href":"https:\/\/modest-napier.216-250-124-103.plesk.page\/index.php\/wp-json\/wp\/v2\/product\/6069","targetHints":{"allow":["GET"]}}],"collection":[{"href":"https:\/\/modest-napier.216-250-124-103.plesk.page\/index.php\/wp-json\/wp\/v2\/product"}],"about":[{"href":"https:\/\/modest-napier.216-250-124-103.plesk.page\/index.php\/wp-json\/wp\/v2\/types\/product"}],"replies":[{"embeddable":true,"href":"https:\/\/modest-napier.216-250-124-103.plesk.page\/index.php\/wp-json\/wp\/v2\/comments?post=6069"}],"wp:featuredmedia":[{"embeddable":true,"href":"https:\/\/modest-napier.216-250-124-103.plesk.page\/index.php\/wp-json\/wp\/v2\/media\/2628"}],"wp:attachment":[{"href":"https:\/\/modest-napier.216-250-124-103.plesk.page\/index.php\/wp-json\/wp\/v2\/media?parent=6069"}],"wp:term":[{"taxonomy":"product_brand","embeddable":true,"href":"https:\/\/modest-napier.216-250-124-103.plesk.page\/index.php\/wp-json\/wp\/v2\/product_brand?post=6069"},{"taxonomy":"product_cat","embeddable":true,"href":"https:\/\/modest-napier.216-250-124-103.plesk.page\/index.php\/wp-json\/wp\/v2\/product_cat?post=6069"},{"taxonomy":"product_tag","embeddable":true,"href":"https:\/\/modest-napier.216-250-124-103.plesk.page\/index.php\/wp-json\/wp\/v2\/product_tag?post=6069"}],"curies":[{"name":"wp","href":"https:\/\/api.w.org\/{rel}","templated":true}]}}