{"id":6074,"date":"2025-09-24T19:54:41","date_gmt":"2025-09-24T19:54:41","guid":{"rendered":"https:\/\/modest-napier.216-250-124-103.plesk.page\/index.php\/producto\/tab-calcio-c-90-vitamorin\/"},"modified":"2025-09-24T20:45:57","modified_gmt":"2025-09-24T20:45:57","slug":"tab-calcio-c-90-vitamorin","status":"publish","type":"product","link":"https:\/\/modest-napier.216-250-124-103.plesk.page\/index.php\/producto\/tab-calcio-c-90-vitamorin\/","title":{"rendered":"Calcio 90 tabletas Vitamorin Labs"},"content":{"rendered":"<p><strong>Descripci\u00f3n:<\/strong><\/p>\n<p>El suplemento de <strong>calcio en tabletas<\/strong> fortalece el material duro del cuerpo: huesos, dientes y cabello. Aporta flexibilidad a los tejidos blandos del cuerpo. Hace que los pulmones, coraz\u00f3n y venas realicen \u00f3ptimamente sus funciones. Previene las enfermedades cardio-vasculares. Induce el sue\u00f1o reparador.<\/p>\n<p><strong>Modo de uso:<\/strong><\/p>\n<p>Tomar 2 tabletas al d\u00eda con suficiente agua.<\/p>\n<p><strong>Contenido:<\/strong><\/p>\n<p>90 tabletas.<\/p>\n","protected":false},"excerpt":{"rendered":"<p>Descripci\u00f3n: El suplemento de calcio en tabletas fortalece el material duro del cuerpo: huesos, dientes y cabello. Aporta flexibilidad a los tejidos blandos del cuerpo. Hace que los pulmones, coraz\u00f3n [&hellip;]<\/p>\n","protected":false},"featured_media":2634,"comment_status":"open","ping_status":"closed","template":"","meta":[],"product_brand":[395],"product_cat":[299,337,318],"product_tag":[193],"class_list":{"0":"post-6074","1":"product","2":"type-product","3":"status-publish","4":"has-post-thumbnail","6":"product_brand-vitamorin","7":"product_cat-fortalecimiento-de-los-huesos","8":"product_cat-productos","9":"product_cat-salud","10":"product_tag-calcio","12":"first","13":"outofstock","14":"shipping-taxable","15":"purchasable","16":"product-type-simple"},"_links":{"self":[{"href":"https:\/\/modest-napier.216-250-124-103.plesk.page\/index.php\/wp-json\/wp\/v2\/product\/6074","targetHints":{"allow":["GET"]}}],"collection":[{"href":"https:\/\/modest-napier.216-250-124-103.plesk.page\/index.php\/wp-json\/wp\/v2\/product"}],"about":[{"href":"https:\/\/modest-napier.216-250-124-103.plesk.page\/index.php\/wp-json\/wp\/v2\/types\/product"}],"replies":[{"embeddable":true,"href":"https:\/\/modest-napier.216-250-124-103.plesk.page\/index.php\/wp-json\/wp\/v2\/comments?post=6074"}],"wp:featuredmedia":[{"embeddable":true,"href":"https:\/\/modest-napier.216-250-124-103.plesk.page\/index.php\/wp-json\/wp\/v2\/media\/2634"}],"wp:attachment":[{"href":"https:\/\/modest-napier.216-250-124-103.plesk.page\/index.php\/wp-json\/wp\/v2\/media?parent=6074"}],"wp:term":[{"taxonomy":"product_brand","embeddable":true,"href":"https:\/\/modest-napier.216-250-124-103.plesk.page\/index.php\/wp-json\/wp\/v2\/product_brand?post=6074"},{"taxonomy":"product_cat","embeddable":true,"href":"https:\/\/modest-napier.216-250-124-103.plesk.page\/index.php\/wp-json\/wp\/v2\/product_cat?post=6074"},{"taxonomy":"product_tag","embeddable":true,"href":"https:\/\/modest-napier.216-250-124-103.plesk.page\/index.php\/wp-json\/wp\/v2\/product_tag?post=6074"}],"curies":[{"name":"wp","href":"https:\/\/api.w.org\/{rel}","templated":true}]}}