{"id":6075,"date":"2025-09-24T19:54:43","date_gmt":"2025-09-24T19:54:43","guid":{"rendered":"https:\/\/modest-napier.216-250-124-103.plesk.page\/index.php\/producto\/tab-calcio-de-coral-3-en-1-cart-tiburon-glucosamina-c-60-the-king\/"},"modified":"2025-09-24T20:44:49","modified_gmt":"2025-09-24T20:44:49","slug":"tab-calcio-de-coral-3-en-1-cart-tiburon-glucosamina-c-60-the-king","status":"publish","type":"product","link":"https:\/\/modest-napier.216-250-124-103.plesk.page\/index.php\/producto\/tab-calcio-de-coral-3-en-1-cart-tiburon-glucosamina-c-60-the-king\/","title":{"rendered":"Calcio de Coral 3 en 1 60 tabletas The King"},"content":{"rendered":"<p><strong>Descripci\u00f3n:<\/strong><\/p>\n<p>El suplemento alimenticio de <strong>Calcio de Coral 3 en 1 con cart\u00edlago de tibur\u00f3n y glucosamina<\/strong> tiene los siguientes beneficios:<\/p>\n<ul>\n<li>Fortalece los huesos y dientes.<\/li>\n<li>Desinflama y lubrica las articulaciones.<\/li>\n<li>\u00datil en casos de artritis, reumas descalcificaci\u00f3n.<\/li>\n<\/ul>\n<p><strong>Modo de uso:<\/strong><\/p>\n<p>Tomar 2 tabletas 3 veces al d\u00eda, antes de los alimentos.<\/p>\n<p><strong>Contenido:<\/strong><\/p>\n<p>60 tabletas.<\/p>\n","protected":false},"excerpt":{"rendered":"<p>Descripci\u00f3n: El suplemento alimenticio de Calcio de Coral 3 en 1 con cart\u00edlago de tibur\u00f3n y glucosamina tiene los siguientes beneficios: Fortalece los huesos y dientes. Desinflama y lubrica las [&hellip;]<\/p>\n","protected":false},"featured_media":2635,"comment_status":"open","ping_status":"closed","template":"","meta":[],"product_brand":[391],"product_cat":[299,337,318],"product_tag":[202,194,92],"class_list":{"0":"post-6075","1":"product","2":"type-product","3":"status-publish","4":"has-post-thumbnail","6":"product_brand-the-king","7":"product_cat-fortalecimiento-de-los-huesos","8":"product_cat-productos","9":"product_cat-salud","10":"product_tag-calcio-de-coral","11":"product_tag-cartilago-de-tiburon","12":"product_tag-glucosamina","14":"first","15":"instock","16":"shipping-taxable","17":"purchasable","18":"product-type-simple"},"_links":{"self":[{"href":"https:\/\/modest-napier.216-250-124-103.plesk.page\/index.php\/wp-json\/wp\/v2\/product\/6075","targetHints":{"allow":["GET"]}}],"collection":[{"href":"https:\/\/modest-napier.216-250-124-103.plesk.page\/index.php\/wp-json\/wp\/v2\/product"}],"about":[{"href":"https:\/\/modest-napier.216-250-124-103.plesk.page\/index.php\/wp-json\/wp\/v2\/types\/product"}],"replies":[{"embeddable":true,"href":"https:\/\/modest-napier.216-250-124-103.plesk.page\/index.php\/wp-json\/wp\/v2\/comments?post=6075"}],"wp:featuredmedia":[{"embeddable":true,"href":"https:\/\/modest-napier.216-250-124-103.plesk.page\/index.php\/wp-json\/wp\/v2\/media\/2635"}],"wp:attachment":[{"href":"https:\/\/modest-napier.216-250-124-103.plesk.page\/index.php\/wp-json\/wp\/v2\/media?parent=6075"}],"wp:term":[{"taxonomy":"product_brand","embeddable":true,"href":"https:\/\/modest-napier.216-250-124-103.plesk.page\/index.php\/wp-json\/wp\/v2\/product_brand?post=6075"},{"taxonomy":"product_cat","embeddable":true,"href":"https:\/\/modest-napier.216-250-124-103.plesk.page\/index.php\/wp-json\/wp\/v2\/product_cat?post=6075"},{"taxonomy":"product_tag","embeddable":true,"href":"https:\/\/modest-napier.216-250-124-103.plesk.page\/index.php\/wp-json\/wp\/v2\/product_tag?post=6075"}],"curies":[{"name":"wp","href":"https:\/\/api.w.org\/{rel}","templated":true}]}}