{"id":6076,"date":"2025-09-24T19:54:44","date_gmt":"2025-09-24T19:54:44","guid":{"rendered":"https:\/\/modest-napier.216-250-124-103.plesk.page\/index.php\/producto\/tab-calcio-de-coral-4-en-1-ajo-chino-c-60-the-king\/"},"modified":"2025-09-24T20:44:32","modified_gmt":"2025-09-24T20:44:32","slug":"tab-calcio-de-coral-4-en-1-ajo-chino-c-60-the-king","status":"publish","type":"product","link":"https:\/\/modest-napier.216-250-124-103.plesk.page\/index.php\/producto\/tab-calcio-de-coral-4-en-1-ajo-chino-c-60-the-king\/","title":{"rendered":"Calcio de Coral 4 en 1 con Ajo Chino 60 tabletas"},"content":{"rendered":"<p data-mce-fragment=\"1\">El suplemento\u00a0<strong>Calcio de coral 4 en 1 con cart\u00edlago de tibur\u00f3n, glucosamina y ajo chino<\/strong> se utiliza para el tratamiento de enfermedades como la artritis, c\u00e1ncer, s\u00edndrome de fatiga cr\u00f3nica, hipercolesterolemia, osteoporosis, hipertensi\u00f3n, dolores musculares articulares, gota y reuma.<strong data-mce-fragment=\"1\"><\/strong><\/p>\n<p data-mce-fragment=\"1\"><\/p>\n","protected":false},"excerpt":{"rendered":"<p>El suplemento\u00a0Calcio de coral 4 en 1 con cart\u00edlago de tibur\u00f3n, glucosamina y ajo chino se utiliza para el tratamiento de enfermedades como la artritis, c\u00e1ncer, s\u00edndrome de fatiga cr\u00f3nica, [&hellip;]<\/p>\n","protected":false},"featured_media":2636,"comment_status":"open","ping_status":"closed","template":"","meta":[],"product_brand":[391],"product_cat":[299,337,318],"product_tag":[108,202,194,92],"class_list":{"0":"post-6076","1":"product","2":"type-product","3":"status-publish","4":"has-post-thumbnail","6":"product_brand-the-king","7":"product_cat-fortalecimiento-de-los-huesos","8":"product_cat-productos","9":"product_cat-salud","10":"product_tag-ajo","11":"product_tag-calcio-de-coral","12":"product_tag-cartilago-de-tiburon","13":"product_tag-glucosamina","15":"first","16":"instock","17":"shipping-taxable","18":"purchasable","19":"product-type-simple"},"_links":{"self":[{"href":"https:\/\/modest-napier.216-250-124-103.plesk.page\/index.php\/wp-json\/wp\/v2\/product\/6076","targetHints":{"allow":["GET"]}}],"collection":[{"href":"https:\/\/modest-napier.216-250-124-103.plesk.page\/index.php\/wp-json\/wp\/v2\/product"}],"about":[{"href":"https:\/\/modest-napier.216-250-124-103.plesk.page\/index.php\/wp-json\/wp\/v2\/types\/product"}],"replies":[{"embeddable":true,"href":"https:\/\/modest-napier.216-250-124-103.plesk.page\/index.php\/wp-json\/wp\/v2\/comments?post=6076"}],"wp:featuredmedia":[{"embeddable":true,"href":"https:\/\/modest-napier.216-250-124-103.plesk.page\/index.php\/wp-json\/wp\/v2\/media\/2636"}],"wp:attachment":[{"href":"https:\/\/modest-napier.216-250-124-103.plesk.page\/index.php\/wp-json\/wp\/v2\/media?parent=6076"}],"wp:term":[{"taxonomy":"product_brand","embeddable":true,"href":"https:\/\/modest-napier.216-250-124-103.plesk.page\/index.php\/wp-json\/wp\/v2\/product_brand?post=6076"},{"taxonomy":"product_cat","embeddable":true,"href":"https:\/\/modest-napier.216-250-124-103.plesk.page\/index.php\/wp-json\/wp\/v2\/product_cat?post=6076"},{"taxonomy":"product_tag","embeddable":true,"href":"https:\/\/modest-napier.216-250-124-103.plesk.page\/index.php\/wp-json\/wp\/v2\/product_tag?post=6076"}],"curies":[{"name":"wp","href":"https:\/\/api.w.org\/{rel}","templated":true}]}}