{"id":6083,"date":"2025-09-24T19:54:54","date_gmt":"2025-09-24T19:54:54","guid":{"rendered":"https:\/\/modest-napier.216-250-124-103.plesk.page\/index.php\/producto\/tab-cardisan-c-60-corazon-rojo\/"},"modified":"2025-09-24T20:45:17","modified_gmt":"2025-09-24T20:45:17","slug":"tab-cardisan-c-60-corazon-rojo","status":"publish","type":"product","link":"https:\/\/modest-napier.216-250-124-103.plesk.page\/index.php\/producto\/tab-cardisan-c-60-corazon-rojo\/","title":{"rendered":"Cardisan 60 tabletas Coraz\u00f3n Rojo"},"content":{"rendered":"<p data-mce-fragment=\"1\"><strong data-mce-fragment=\"1\">Descripci\u00f3n:<\/strong><\/p>\n<p data-mce-fragment=\"1\"><span>Auxiliar en el tratamiento de afecciones cardiacas y circulatorias.<\/span><\/p>\n<p data-mce-fragment=\"1\"><span><strong class=\"tituloDescripcion\">Ingredientes:<\/strong><\/span><\/p>\n<p data-mce-fragment=\"1\"><span>\u00c1cidos Omega 3, \u00c1cidos Omega 9, Lecitina de Soya, T\u00e9 Rojo, T\u00e9 Blanco, Resveratrol, Aceite de Salm\u00f3n, Semilla de Ch\u00eda, Gotu Kola, Gingko Biloba, Salvado de Avena, T\u00e9 Verde, Semilla de Uva, C\u00e1scara de Uva Roja, Br\u00f3coli, Cebolla Morada, Ajo Macho, Perejil, Berenjena, Co-enzima Q10, Vitaminas A, C, D y E, Aceite de Oliva, Canola.<\/span><\/p>\n<p data-mce-fragment=\"1\"><strong data-mce-fragment=\"1\">Modo de uso:<\/strong><\/p>\n<p data-mce-fragment=\"1\"><span>Tomar de una a dos tabletas por la noche antes de dormir con suficiente agua.<\/span><\/p>\n<p data-mce-fragment=\"1\"><strong data-mce-fragment=\"1\">Contenido:<\/strong><\/p>\n<p data-mce-fragment=\"1\">60 tabletas.<\/p>\n","protected":false},"excerpt":{"rendered":"<p>Descripci\u00f3n: Auxiliar en el tratamiento de afecciones cardiacas y circulatorias. Ingredientes: \u00c1cidos Omega 3, \u00c1cidos Omega 9, Lecitina de Soya, T\u00e9 Rojo, T\u00e9 Blanco, Resveratrol, Aceite de Salm\u00f3n, Semilla de [&hellip;]<\/p>\n","protected":false},"featured_media":2646,"comment_status":"open","ping_status":"closed","template":"","meta":[],"product_brand":[550],"product_cat":[337,318,319],"product_tag":[108,131,114,76,88,167,133,103,62,142,153,138,85,86,87,72],"class_list":{"0":"post-6083","1":"product","2":"type-product","3":"status-publish","4":"has-post-thumbnail","6":"product_brand-corazon-rojo","7":"product_cat-productos","8":"product_cat-salud","9":"product_cat-salud-cardiovascular","10":"product_tag-ajo","11":"product_tag-avena","12":"product_tag-chia","13":"product_tag-coenzima-q10","14":"product_tag-ginkgo-biloba","15":"product_tag-lecitina-de-soya","16":"product_tag-omega-3-6-9","17":"product_tag-resveratrol","18":"product_tag-semilla-de-uva","19":"product_tag-te-blanco","20":"product_tag-te-rojo","21":"product_tag-te-verde","22":"product_tag-vitamina-a","23":"product_tag-vitamina-c","24":"product_tag-vitamina-d","25":"product_tag-vitamina-e","27":"first","28":"outofstock","29":"shipping-taxable","30":"purchasable","31":"product-type-simple"},"_links":{"self":[{"href":"https:\/\/modest-napier.216-250-124-103.plesk.page\/index.php\/wp-json\/wp\/v2\/product\/6083","targetHints":{"allow":["GET"]}}],"collection":[{"href":"https:\/\/modest-napier.216-250-124-103.plesk.page\/index.php\/wp-json\/wp\/v2\/product"}],"about":[{"href":"https:\/\/modest-napier.216-250-124-103.plesk.page\/index.php\/wp-json\/wp\/v2\/types\/product"}],"replies":[{"embeddable":true,"href":"https:\/\/modest-napier.216-250-124-103.plesk.page\/index.php\/wp-json\/wp\/v2\/comments?post=6083"}],"wp:featuredmedia":[{"embeddable":true,"href":"https:\/\/modest-napier.216-250-124-103.plesk.page\/index.php\/wp-json\/wp\/v2\/media\/2646"}],"wp:attachment":[{"href":"https:\/\/modest-napier.216-250-124-103.plesk.page\/index.php\/wp-json\/wp\/v2\/media?parent=6083"}],"wp:term":[{"taxonomy":"product_brand","embeddable":true,"href":"https:\/\/modest-napier.216-250-124-103.plesk.page\/index.php\/wp-json\/wp\/v2\/product_brand?post=6083"},{"taxonomy":"product_cat","embeddable":true,"href":"https:\/\/modest-napier.216-250-124-103.plesk.page\/index.php\/wp-json\/wp\/v2\/product_cat?post=6083"},{"taxonomy":"product_tag","embeddable":true,"href":"https:\/\/modest-napier.216-250-124-103.plesk.page\/index.php\/wp-json\/wp\/v2\/product_tag?post=6083"}],"curies":[{"name":"wp","href":"https:\/\/api.w.org\/{rel}","templated":true}]}}