{"id":6089,"date":"2025-09-24T19:55:05","date_gmt":"2025-09-24T19:55:05","guid":{"rendered":"https:\/\/modest-napier.216-250-124-103.plesk.page\/index.php\/producto\/tab-citrato-de-magnesio-4-en-1-c-30-o-c-60-evolucion-natural\/"},"modified":"2025-09-24T20:45:17","modified_gmt":"2025-09-24T20:45:17","slug":"tab-citrato-de-magnesio-4-en-1-c-30-evolucion-natural","status":"publish","type":"product","link":"https:\/\/modest-napier.216-250-124-103.plesk.page\/index.php\/producto\/tab-citrato-de-magnesio-4-en-1-c-30-evolucion-natural\/","title":{"rendered":"Citrato de Magnesio 4 en 1 30 o 60 tabletas"},"content":{"rendered":"<p data-mce-fragment=\"1\"><strong data-mce-fragment=\"1\">Descripci\u00f3n:<\/strong><\/p>\n<p data-mce-fragment=\"1\"><span>El suplemento de <strong>citrato de magnesio 4 en 1<\/strong>, con glutamina, \u00e1cido c\u00edtrico y grenetina, es Auxiliar para contracci\u00f3n y relajaci\u00f3n muscular, coadyuvante para el control de la glucosa sangu\u00ednea, estimula la digesti\u00f3n.<\/span><\/p>\n<p data-mce-fragment=\"1\"><strong data-mce-fragment=\"1\">Modo de uso:<\/strong><\/p>\n<p data-mce-fragment=\"1\">Tomar 1 tableta al d\u00eda con los alimentos.<\/p>\n<p data-mce-fragment=\"1\"><strong data-mce-fragment=\"1\">Contenido:<\/strong><\/p>\n<p data-mce-fragment=\"1\">30 Tabletas.<\/p>\n","protected":false},"excerpt":{"rendered":"<p>Descripci\u00f3n: El suplemento de citrato de magnesio 4 en 1, con glutamina, \u00e1cido c\u00edtrico y grenetina, es Auxiliar para contracci\u00f3n y relajaci\u00f3n muscular, coadyuvante para el control de la glucosa [&hellip;]<\/p>\n","protected":false},"featured_media":2654,"comment_status":"open","ping_status":"closed","template":"","meta":[],"product_brand":[549],"product_cat":[337,318,335],"product_tag":[39],"class_list":{"0":"post-6089","1":"product","2":"type-product","3":"status-publish","4":"has-post-thumbnail","6":"product_brand-evolucion-natural","7":"product_cat-productos","8":"product_cat-salud","9":"product_cat-vitaminas-y-minerales","10":"product_tag-magnesio","12":"first","13":"instock","14":"shipping-taxable","15":"purchasable","16":"product-type-simple"},"_links":{"self":[{"href":"https:\/\/modest-napier.216-250-124-103.plesk.page\/index.php\/wp-json\/wp\/v2\/product\/6089","targetHints":{"allow":["GET"]}}],"collection":[{"href":"https:\/\/modest-napier.216-250-124-103.plesk.page\/index.php\/wp-json\/wp\/v2\/product"}],"about":[{"href":"https:\/\/modest-napier.216-250-124-103.plesk.page\/index.php\/wp-json\/wp\/v2\/types\/product"}],"replies":[{"embeddable":true,"href":"https:\/\/modest-napier.216-250-124-103.plesk.page\/index.php\/wp-json\/wp\/v2\/comments?post=6089"}],"wp:featuredmedia":[{"embeddable":true,"href":"https:\/\/modest-napier.216-250-124-103.plesk.page\/index.php\/wp-json\/wp\/v2\/media\/2654"}],"wp:attachment":[{"href":"https:\/\/modest-napier.216-250-124-103.plesk.page\/index.php\/wp-json\/wp\/v2\/media?parent=6089"}],"wp:term":[{"taxonomy":"product_brand","embeddable":true,"href":"https:\/\/modest-napier.216-250-124-103.plesk.page\/index.php\/wp-json\/wp\/v2\/product_brand?post=6089"},{"taxonomy":"product_cat","embeddable":true,"href":"https:\/\/modest-napier.216-250-124-103.plesk.page\/index.php\/wp-json\/wp\/v2\/product_cat?post=6089"},{"taxonomy":"product_tag","embeddable":true,"href":"https:\/\/modest-napier.216-250-124-103.plesk.page\/index.php\/wp-json\/wp\/v2\/product_tag?post=6089"}],"curies":[{"name":"wp","href":"https:\/\/api.w.org\/{rel}","templated":true}]}}