{"id":6091,"date":"2025-09-24T19:55:07","date_gmt":"2025-09-24T19:55:07","guid":{"rendered":"https:\/\/modest-napier.216-250-124-103.plesk.page\/index.php\/producto\/tab-citrato-de-magnesio-con-zinc-c-60-vidanat\/"},"modified":"2025-09-24T20:44:18","modified_gmt":"2025-09-24T20:44:18","slug":"tab-citrato-de-magnesio-con-zinc-c-60-vidanat","status":"publish","type":"product","link":"https:\/\/modest-napier.216-250-124-103.plesk.page\/index.php\/producto\/tab-citrato-de-magnesio-con-zinc-c-60-vidanat\/","title":{"rendered":"Citrato de Magnesio con Zinc 60 tabletas Vidanat"},"content":{"rendered":"<p data-mce-fragment=\"1\"><span>El suplemento de\u00a0<strong>citrato de magnesio<\/strong> contiene la combinaci\u00f3n adecuada para auxiliar en el buen mantenimiento de los huesos y en la regulaci\u00f3n de las funciones nerviosas musculares, ademas promueve un sistema inmunol\u00f3gico saludable.<\/span><\/p>\n","protected":false},"excerpt":{"rendered":"<p>El suplemento de\u00a0citrato de magnesio contiene la combinaci\u00f3n adecuada para auxiliar en el buen mantenimiento de los huesos y en la regulaci\u00f3n de las funciones nerviosas musculares, ademas promueve un [&hellip;]<\/p>\n","protected":false},"featured_media":2657,"comment_status":"open","ping_status":"closed","template":"","meta":[],"product_brand":[354],"product_cat":[308,337,318,335],"product_tag":[39,179],"class_list":{"0":"post-6091","1":"product","2":"type-product","3":"status-publish","4":"has-post-thumbnail","6":"product_brand-vidanat","7":"product_cat-nutricion","8":"product_cat-productos","9":"product_cat-salud","10":"product_cat-vitaminas-y-minerales","11":"product_tag-magnesio","12":"product_tag-zinc","14":"first","15":"instock","16":"shipping-taxable","17":"purchasable","18":"product-type-simple"},"_links":{"self":[{"href":"https:\/\/modest-napier.216-250-124-103.plesk.page\/index.php\/wp-json\/wp\/v2\/product\/6091","targetHints":{"allow":["GET"]}}],"collection":[{"href":"https:\/\/modest-napier.216-250-124-103.plesk.page\/index.php\/wp-json\/wp\/v2\/product"}],"about":[{"href":"https:\/\/modest-napier.216-250-124-103.plesk.page\/index.php\/wp-json\/wp\/v2\/types\/product"}],"replies":[{"embeddable":true,"href":"https:\/\/modest-napier.216-250-124-103.plesk.page\/index.php\/wp-json\/wp\/v2\/comments?post=6091"}],"wp:featuredmedia":[{"embeddable":true,"href":"https:\/\/modest-napier.216-250-124-103.plesk.page\/index.php\/wp-json\/wp\/v2\/media\/2657"}],"wp:attachment":[{"href":"https:\/\/modest-napier.216-250-124-103.plesk.page\/index.php\/wp-json\/wp\/v2\/media?parent=6091"}],"wp:term":[{"taxonomy":"product_brand","embeddable":true,"href":"https:\/\/modest-napier.216-250-124-103.plesk.page\/index.php\/wp-json\/wp\/v2\/product_brand?post=6091"},{"taxonomy":"product_cat","embeddable":true,"href":"https:\/\/modest-napier.216-250-124-103.plesk.page\/index.php\/wp-json\/wp\/v2\/product_cat?post=6091"},{"taxonomy":"product_tag","embeddable":true,"href":"https:\/\/modest-napier.216-250-124-103.plesk.page\/index.php\/wp-json\/wp\/v2\/product_tag?post=6091"}],"curies":[{"name":"wp","href":"https:\/\/api.w.org\/{rel}","templated":true}]}}