{"id":6092,"date":"2025-09-24T19:55:08","date_gmt":"2025-09-24T19:55:08","guid":{"rendered":"https:\/\/modest-napier.216-250-124-103.plesk.page\/index.php\/producto\/tab-citrato-de-magnesio-y-potasio-g-g-c-30-cataleya\/"},"modified":"2025-09-24T20:43:31","modified_gmt":"2025-09-24T20:43:31","slug":"citrato-de-magnesio-y-potasio","status":"publish","type":"product","link":"https:\/\/modest-napier.216-250-124-103.plesk.page\/index.php\/producto\/citrato-de-magnesio-y-potasio\/","title":{"rendered":"Citrato de magnesio y potasio 30 c\u00e1psulas G&#038;G Y CATALEYA"},"content":{"rendered":"<p><strong>Descripci\u00f3n:<\/strong><br \/>Las tabletas de citrato de magnesio con citrato de potasio regulan la presi\u00f3n arterial, eliminando el exceso de sodio, disminuyendo la resistencia vascular y ayuda a mantener una masa muscular saludable, as\u00ed mismo, contribuye a tener mas energ\u00eda. Reduce la presi\u00f3n arterial en personas que padecen hipertensi\u00f3n.<\/p>\n<p><strong>Modo de uso:<\/strong><br \/>Tomar dos tabletas al d\u00eda.<\/p>\n<p><strong>Contenido:<\/strong><br \/>30 tabletas.<\/p>\n<p><!----><\/p>\n","protected":false},"excerpt":{"rendered":"<p>Descripci\u00f3n:Las tabletas de citrato de magnesio con citrato de potasio regulan la presi\u00f3n arterial, eliminando el exceso de sodio, disminuyendo la resistencia vascular y ayuda a mantener una masa muscular [&hellip;]<\/p>\n","protected":false},"featured_media":2658,"comment_status":"open","ping_status":"closed","template":"","meta":[],"product_brand":[446],"product_cat":[337,318,335],"product_tag":[39,143],"class_list":{"0":"post-6092","1":"product","2":"type-product","3":"status-publish","4":"has-post-thumbnail","6":"product_brand-gg","7":"product_cat-productos","8":"product_cat-salud","9":"product_cat-vitaminas-y-minerales","10":"product_tag-magnesio","11":"product_tag-potasio","13":"first","14":"instock","15":"shipping-taxable","16":"purchasable","17":"product-type-simple"},"_links":{"self":[{"href":"https:\/\/modest-napier.216-250-124-103.plesk.page\/index.php\/wp-json\/wp\/v2\/product\/6092","targetHints":{"allow":["GET"]}}],"collection":[{"href":"https:\/\/modest-napier.216-250-124-103.plesk.page\/index.php\/wp-json\/wp\/v2\/product"}],"about":[{"href":"https:\/\/modest-napier.216-250-124-103.plesk.page\/index.php\/wp-json\/wp\/v2\/types\/product"}],"replies":[{"embeddable":true,"href":"https:\/\/modest-napier.216-250-124-103.plesk.page\/index.php\/wp-json\/wp\/v2\/comments?post=6092"}],"wp:featuredmedia":[{"embeddable":true,"href":"https:\/\/modest-napier.216-250-124-103.plesk.page\/index.php\/wp-json\/wp\/v2\/media\/2658"}],"wp:attachment":[{"href":"https:\/\/modest-napier.216-250-124-103.plesk.page\/index.php\/wp-json\/wp\/v2\/media?parent=6092"}],"wp:term":[{"taxonomy":"product_brand","embeddable":true,"href":"https:\/\/modest-napier.216-250-124-103.plesk.page\/index.php\/wp-json\/wp\/v2\/product_brand?post=6092"},{"taxonomy":"product_cat","embeddable":true,"href":"https:\/\/modest-napier.216-250-124-103.plesk.page\/index.php\/wp-json\/wp\/v2\/product_cat?post=6092"},{"taxonomy":"product_tag","embeddable":true,"href":"https:\/\/modest-napier.216-250-124-103.plesk.page\/index.php\/wp-json\/wp\/v2\/product_tag?post=6092"}],"curies":[{"name":"wp","href":"https:\/\/api.w.org\/{rel}","templated":true}]}}