{"id":6093,"date":"2025-09-24T19:55:11","date_gmt":"2025-09-24T19:55:11","guid":{"rendered":"https:\/\/modest-napier.216-250-124-103.plesk.page\/index.php\/producto\/tab-citrato-de-potasio-g-g-c-30-cataleya\/"},"modified":"2025-09-24T20:43:31","modified_gmt":"2025-09-24T20:43:31","slug":"citrato-de-potasio","status":"publish","type":"product","link":"https:\/\/modest-napier.216-250-124-103.plesk.page\/index.php\/producto\/citrato-de-potasio\/","title":{"rendered":"Citrato de potasio 30 c\u00e1psulas G&#038;G Y CATALEYA"},"content":{"rendered":"<p><strong>Descripci\u00f3n:<\/strong><br \/>El citrato de potasio se emplea contra las piedras en el ri\u00f1\u00f3n, alcaliniza la orina. El citrato evita la cristalizaci\u00f3n y formaci\u00f3n de sales de calcio y la formaci\u00f3n de los c\u00e1lculos renales. Alivio de la acidez estomacal.<\/p>\n<p><strong>Modo de uso:<\/strong><br \/>Tomar dos tabletas al d\u00eda.<\/p>\n<p><strong>Contenido:<\/strong><br \/>30 tabletas.<\/p>\n<p><!----><\/p>\n","protected":false},"excerpt":{"rendered":"<p>Descripci\u00f3n:El citrato de potasio se emplea contra las piedras en el ri\u00f1\u00f3n, alcaliniza la orina. El citrato evita la cristalizaci\u00f3n y formaci\u00f3n de sales de calcio y la formaci\u00f3n de [&hellip;]<\/p>\n","protected":false},"featured_media":2660,"comment_status":"open","ping_status":"closed","template":"","meta":[],"product_brand":[446],"product_cat":[337,318,335],"product_tag":[143],"class_list":{"0":"post-6093","1":"product","2":"type-product","3":"status-publish","4":"has-post-thumbnail","6":"product_brand-gg","7":"product_cat-productos","8":"product_cat-salud","9":"product_cat-vitaminas-y-minerales","10":"product_tag-potasio","12":"first","13":"instock","14":"shipping-taxable","15":"purchasable","16":"product-type-simple"},"_links":{"self":[{"href":"https:\/\/modest-napier.216-250-124-103.plesk.page\/index.php\/wp-json\/wp\/v2\/product\/6093","targetHints":{"allow":["GET"]}}],"collection":[{"href":"https:\/\/modest-napier.216-250-124-103.plesk.page\/index.php\/wp-json\/wp\/v2\/product"}],"about":[{"href":"https:\/\/modest-napier.216-250-124-103.plesk.page\/index.php\/wp-json\/wp\/v2\/types\/product"}],"replies":[{"embeddable":true,"href":"https:\/\/modest-napier.216-250-124-103.plesk.page\/index.php\/wp-json\/wp\/v2\/comments?post=6093"}],"wp:featuredmedia":[{"embeddable":true,"href":"https:\/\/modest-napier.216-250-124-103.plesk.page\/index.php\/wp-json\/wp\/v2\/media\/2660"}],"wp:attachment":[{"href":"https:\/\/modest-napier.216-250-124-103.plesk.page\/index.php\/wp-json\/wp\/v2\/media?parent=6093"}],"wp:term":[{"taxonomy":"product_brand","embeddable":true,"href":"https:\/\/modest-napier.216-250-124-103.plesk.page\/index.php\/wp-json\/wp\/v2\/product_brand?post=6093"},{"taxonomy":"product_cat","embeddable":true,"href":"https:\/\/modest-napier.216-250-124-103.plesk.page\/index.php\/wp-json\/wp\/v2\/product_cat?post=6093"},{"taxonomy":"product_tag","embeddable":true,"href":"https:\/\/modest-napier.216-250-124-103.plesk.page\/index.php\/wp-json\/wp\/v2\/product_tag?post=6093"}],"curies":[{"name":"wp","href":"https:\/\/api.w.org\/{rel}","templated":true}]}}