{"id":6094,"date":"2025-09-24T19:55:12","date_gmt":"2025-09-24T19:55:12","guid":{"rendered":"https:\/\/modest-napier.216-250-124-103.plesk.page\/index.php\/producto\/tab-citrazem-citrato-de-magnesio-c-100-natuzem\/"},"modified":"2025-09-24T20:43:52","modified_gmt":"2025-09-24T20:43:52","slug":"citrazem","status":"publish","type":"product","link":"https:\/\/modest-napier.216-250-124-103.plesk.page\/index.php\/producto\/citrazem\/","title":{"rendered":"Citrazem Citrato de Magnesio 100 tabletas"},"content":{"rendered":"<p><strong>Descripci\u00f3n:<\/strong><br \/>El <strong>suplemento de citrato de magnesio Citrazem<\/strong> ayuda a prevenir la degeneraci\u00f3n de los cart\u00edlagos y aparici\u00f3n de enfermedades como la artrosis y dolores articulares. Regula los ritmos anormales del coraz\u00f3n. Combate la hipertensi\u00f3n arterial. Regula el estre\u00f1imiento, facilitando naturalmente el movimiento intestinal. Su deficiencia esta relacionada con dolores musculares, alteraciones nerviosas, v\u00e9rtigos, problemas articulares o migra\u00f1as.<\/p>\n<p><strong>Modo de uso:<\/strong><br \/>Tomar una tableta por la ma\u00f1ana, tarde y noche.<\/p>\n<p><strong>Contenido:<\/strong><br \/>100 tabletas.<\/p>\n","protected":false},"excerpt":{"rendered":"<p>Descripci\u00f3n:El suplemento de citrato de magnesio Citrazem ayuda a prevenir la degeneraci\u00f3n de los cart\u00edlagos y aparici\u00f3n de enfermedades como la artrosis y dolores articulares. Regula los ritmos anormales del [&hellip;]<\/p>\n","protected":false},"featured_media":2662,"comment_status":"open","ping_status":"closed","template":"","meta":[],"product_brand":[352],"product_cat":[337,318,335],"product_tag":[39],"class_list":{"0":"post-6094","1":"product","2":"type-product","3":"status-publish","4":"has-post-thumbnail","6":"product_brand-natuzem","7":"product_cat-productos","8":"product_cat-salud","9":"product_cat-vitaminas-y-minerales","10":"product_tag-magnesio","12":"first","13":"instock","14":"shipping-taxable","15":"purchasable","16":"product-type-simple"},"_links":{"self":[{"href":"https:\/\/modest-napier.216-250-124-103.plesk.page\/index.php\/wp-json\/wp\/v2\/product\/6094","targetHints":{"allow":["GET"]}}],"collection":[{"href":"https:\/\/modest-napier.216-250-124-103.plesk.page\/index.php\/wp-json\/wp\/v2\/product"}],"about":[{"href":"https:\/\/modest-napier.216-250-124-103.plesk.page\/index.php\/wp-json\/wp\/v2\/types\/product"}],"replies":[{"embeddable":true,"href":"https:\/\/modest-napier.216-250-124-103.plesk.page\/index.php\/wp-json\/wp\/v2\/comments?post=6094"}],"wp:featuredmedia":[{"embeddable":true,"href":"https:\/\/modest-napier.216-250-124-103.plesk.page\/index.php\/wp-json\/wp\/v2\/media\/2662"}],"wp:attachment":[{"href":"https:\/\/modest-napier.216-250-124-103.plesk.page\/index.php\/wp-json\/wp\/v2\/media?parent=6094"}],"wp:term":[{"taxonomy":"product_brand","embeddable":true,"href":"https:\/\/modest-napier.216-250-124-103.plesk.page\/index.php\/wp-json\/wp\/v2\/product_brand?post=6094"},{"taxonomy":"product_cat","embeddable":true,"href":"https:\/\/modest-napier.216-250-124-103.plesk.page\/index.php\/wp-json\/wp\/v2\/product_cat?post=6094"},{"taxonomy":"product_tag","embeddable":true,"href":"https:\/\/modest-napier.216-250-124-103.plesk.page\/index.php\/wp-json\/wp\/v2\/product_tag?post=6094"}],"curies":[{"name":"wp","href":"https:\/\/api.w.org\/{rel}","templated":true}]}}