{"id":6096,"date":"2025-09-24T19:55:14","date_gmt":"2025-09-24T19:55:14","guid":{"rendered":"https:\/\/modest-napier.216-250-124-103.plesk.page\/index.php\/producto\/tab-cloruzem-cloruro-de-magnesio-c-100-natuzem\/"},"modified":"2025-09-24T20:43:52","modified_gmt":"2025-09-24T20:43:52","slug":"cloruzem","status":"publish","type":"product","link":"https:\/\/modest-napier.216-250-124-103.plesk.page\/index.php\/producto\/cloruzem\/","title":{"rendered":"Cloruzem Cloruro de Magnesio 100 tabletas"},"content":{"rendered":"<p><strong>Descripci\u00f3n:<\/strong><br \/>Previene osteoporosis mejorando la densidad \u00f3sea, as\u00ed como promoviendo un buen funcionamiento del sistema cardiovascular. Favorece la prevenci\u00f3n de calambres y lesiones musculares ocasionadas por la actividad f\u00edsica.<\/p>\n<p><strong>Modo de uso:<\/strong><br \/>Tomar una tableta por la ma\u00f1ana, tarde y noche.<\/p>\n<p><strong>Contenido:<\/strong><br \/>100 tab.<\/p>\n","protected":false},"excerpt":{"rendered":"<p>Descripci\u00f3n:Previene osteoporosis mejorando la densidad \u00f3sea, as\u00ed como promoviendo un buen funcionamiento del sistema cardiovascular. Favorece la prevenci\u00f3n de calambres y lesiones musculares ocasionadas por la actividad f\u00edsica. Modo de [&hellip;]<\/p>\n","protected":false},"featured_media":2664,"comment_status":"open","ping_status":"closed","template":"","meta":[],"product_brand":[352],"product_cat":[337,318],"product_tag":[],"class_list":{"0":"post-6096","1":"product","2":"type-product","3":"status-publish","4":"has-post-thumbnail","6":"product_brand-natuzem","7":"product_cat-productos","8":"product_cat-salud","10":"first","11":"instock","12":"shipping-taxable","13":"purchasable","14":"product-type-simple"},"_links":{"self":[{"href":"https:\/\/modest-napier.216-250-124-103.plesk.page\/index.php\/wp-json\/wp\/v2\/product\/6096","targetHints":{"allow":["GET"]}}],"collection":[{"href":"https:\/\/modest-napier.216-250-124-103.plesk.page\/index.php\/wp-json\/wp\/v2\/product"}],"about":[{"href":"https:\/\/modest-napier.216-250-124-103.plesk.page\/index.php\/wp-json\/wp\/v2\/types\/product"}],"replies":[{"embeddable":true,"href":"https:\/\/modest-napier.216-250-124-103.plesk.page\/index.php\/wp-json\/wp\/v2\/comments?post=6096"}],"wp:featuredmedia":[{"embeddable":true,"href":"https:\/\/modest-napier.216-250-124-103.plesk.page\/index.php\/wp-json\/wp\/v2\/media\/2664"}],"wp:attachment":[{"href":"https:\/\/modest-napier.216-250-124-103.plesk.page\/index.php\/wp-json\/wp\/v2\/media?parent=6096"}],"wp:term":[{"taxonomy":"product_brand","embeddable":true,"href":"https:\/\/modest-napier.216-250-124-103.plesk.page\/index.php\/wp-json\/wp\/v2\/product_brand?post=6096"},{"taxonomy":"product_cat","embeddable":true,"href":"https:\/\/modest-napier.216-250-124-103.plesk.page\/index.php\/wp-json\/wp\/v2\/product_cat?post=6096"},{"taxonomy":"product_tag","embeddable":true,"href":"https:\/\/modest-napier.216-250-124-103.plesk.page\/index.php\/wp-json\/wp\/v2\/product_tag?post=6096"}],"curies":[{"name":"wp","href":"https:\/\/api.w.org\/{rel}","templated":true}]}}