{"id":6098,"date":"2025-09-24T19:55:18","date_gmt":"2025-09-24T19:55:18","guid":{"rendered":"https:\/\/modest-napier.216-250-124-103.plesk.page\/index.php\/producto\/tab-colageno-adicionado-con-acido-hialuronico-vit-b1-b2-b6-c-d-e-c-60-mega-life\/"},"modified":"2025-09-24T20:44:29","modified_gmt":"2025-09-24T20:44:29","slug":"tab-colageno-adicionado-con-acido-hialuronico-vit-b1-b2-b6-c-d-e-c-60-mega-life","status":"publish","type":"product","link":"https:\/\/modest-napier.216-250-124-103.plesk.page\/index.php\/producto\/tab-colageno-adicionado-con-acido-hialuronico-vit-b1-b2-b6-c-d-e-c-60-mega-life\/","title":{"rendered":"Col\u00e1geno con \u00c1cido Hialur\u00f3nico 60 tabletas"},"content":{"rendered":"<p data-mce-fragment=\"1\"><strong data-mce-fragment=\"1\">Descripci\u00f3n:<\/strong><\/p>\n<p data-mce-fragment=\"1\">El suplemento de <strong>col\u00e1geno adicionado con \u00e1cido hialur\u00f3nico<\/strong> promueve una piel sana, fortalece cabello, u\u00f1as y articulaciones.<\/p>\n<p data-mce-fragment=\"1\"><strong data-mce-fragment=\"1\">Modo de uso:<\/strong><\/p>\n<p data-mce-fragment=\"1\">Tomar 3 tabletas\u00a0 al d\u00eda 1 acompa\u00f1ada de los alimentos.<\/p>\n<p data-mce-fragment=\"1\"><strong data-mce-fragment=\"1\">Contenido:<\/strong><\/p>\n<p data-mce-fragment=\"1\">60 tabletas.<\/p>\n","protected":false},"excerpt":{"rendered":"<p>Descripci\u00f3n: El suplemento de col\u00e1geno adicionado con \u00e1cido hialur\u00f3nico promueve una piel sana, fortalece cabello, u\u00f1as y articulaciones. Modo de uso: Tomar 3 tabletas\u00a0 al d\u00eda 1 acompa\u00f1ada de los [&hellip;]<\/p>\n","protected":false},"featured_media":2666,"comment_status":"open","ping_status":"closed","template":"","meta":[],"product_brand":[516],"product_cat":[289,337,318,330],"product_tag":[105,77,148],"class_list":{"0":"post-6098","1":"product","2":"type-product","3":"status-publish","4":"has-post-thumbnail","6":"product_brand-mega-life","7":"product_cat-belleza","8":"product_cat-productos","9":"product_cat-salud","10":"product_cat-suplementos-para-la-piel","11":"product_tag-acido-hialuronico","12":"product_tag-colageno","13":"product_tag-complejo-b","15":"first","16":"instock","17":"shipping-taxable","18":"purchasable","19":"product-type-simple"},"_links":{"self":[{"href":"https:\/\/modest-napier.216-250-124-103.plesk.page\/index.php\/wp-json\/wp\/v2\/product\/6098","targetHints":{"allow":["GET"]}}],"collection":[{"href":"https:\/\/modest-napier.216-250-124-103.plesk.page\/index.php\/wp-json\/wp\/v2\/product"}],"about":[{"href":"https:\/\/modest-napier.216-250-124-103.plesk.page\/index.php\/wp-json\/wp\/v2\/types\/product"}],"replies":[{"embeddable":true,"href":"https:\/\/modest-napier.216-250-124-103.plesk.page\/index.php\/wp-json\/wp\/v2\/comments?post=6098"}],"wp:featuredmedia":[{"embeddable":true,"href":"https:\/\/modest-napier.216-250-124-103.plesk.page\/index.php\/wp-json\/wp\/v2\/media\/2666"}],"wp:attachment":[{"href":"https:\/\/modest-napier.216-250-124-103.plesk.page\/index.php\/wp-json\/wp\/v2\/media?parent=6098"}],"wp:term":[{"taxonomy":"product_brand","embeddable":true,"href":"https:\/\/modest-napier.216-250-124-103.plesk.page\/index.php\/wp-json\/wp\/v2\/product_brand?post=6098"},{"taxonomy":"product_cat","embeddable":true,"href":"https:\/\/modest-napier.216-250-124-103.plesk.page\/index.php\/wp-json\/wp\/v2\/product_cat?post=6098"},{"taxonomy":"product_tag","embeddable":true,"href":"https:\/\/modest-napier.216-250-124-103.plesk.page\/index.php\/wp-json\/wp\/v2\/product_tag?post=6098"}],"curies":[{"name":"wp","href":"https:\/\/api.w.org\/{rel}","templated":true}]}}