{"id":6100,"date":"2025-09-24T19:55:20","date_gmt":"2025-09-24T19:55:20","guid":{"rendered":"https:\/\/modest-napier.216-250-124-103.plesk.page\/index.php\/producto\/tab-colageno-hidrolizado-c-120-vidanat\/"},"modified":"2025-09-24T20:43:37","modified_gmt":"2025-09-24T20:43:37","slug":"colageno-hidrolizado-vidanat","status":"publish","type":"product","link":"https:\/\/modest-napier.216-250-124-103.plesk.page\/index.php\/producto\/colageno-hidrolizado-vidanat\/","title":{"rendered":"Col\u00e1geno Hidrolizado 120 tabletas Vidanat"},"content":{"rendered":"<p><strong>Descripci\u00f3n:<\/strong><br data-mce-fragment=\"1\">El suplemento de <strong>col\u00e1geno hidrolizado en tabletas\u00a0<\/strong>previene y mitiga los s\u00edntomas de la osteoporsis, previene y retarda la aparici\u00f3n de arrugas, l\u00edneas de expresi\u00f3n y celulitis, tonifica las articulaciones, tendones y ligamentos, controla la presi\u00f3n arterial y previene la aparici\u00f3n de \u00falceras g\u00e1stricas.<\/p>\n<p><strong>Modo de uso:<\/strong><br data-mce-fragment=\"1\">Tomar dos tabletas tres veces al d\u00eda.<br data-mce-fragment=\"1\"><br data-mce-fragment=\"1\"><strong>Contenido:<\/strong><br data-mce-fragment=\"1\"> 120 tabletas.<\/p>\n","protected":false},"excerpt":{"rendered":"<p>Descripci\u00f3n:El suplemento de col\u00e1geno hidrolizado en tabletas\u00a0previene y mitiga los s\u00edntomas de la osteoporsis, previene y retarda la aparici\u00f3n de arrugas, l\u00edneas de expresi\u00f3n y celulitis, tonifica las articulaciones, tendones [&hellip;]<\/p>\n","protected":false},"featured_media":2668,"comment_status":"open","ping_status":"closed","template":"","meta":[],"product_brand":[354],"product_cat":[308,337,318],"product_tag":[77],"class_list":{"0":"post-6100","1":"product","2":"type-product","3":"status-publish","4":"has-post-thumbnail","6":"product_brand-vidanat","7":"product_cat-nutricion","8":"product_cat-productos","9":"product_cat-salud","10":"product_tag-colageno","12":"first","13":"instock","14":"shipping-taxable","15":"purchasable","16":"product-type-simple"},"_links":{"self":[{"href":"https:\/\/modest-napier.216-250-124-103.plesk.page\/index.php\/wp-json\/wp\/v2\/product\/6100","targetHints":{"allow":["GET"]}}],"collection":[{"href":"https:\/\/modest-napier.216-250-124-103.plesk.page\/index.php\/wp-json\/wp\/v2\/product"}],"about":[{"href":"https:\/\/modest-napier.216-250-124-103.plesk.page\/index.php\/wp-json\/wp\/v2\/types\/product"}],"replies":[{"embeddable":true,"href":"https:\/\/modest-napier.216-250-124-103.plesk.page\/index.php\/wp-json\/wp\/v2\/comments?post=6100"}],"wp:featuredmedia":[{"embeddable":true,"href":"https:\/\/modest-napier.216-250-124-103.plesk.page\/index.php\/wp-json\/wp\/v2\/media\/2668"}],"wp:attachment":[{"href":"https:\/\/modest-napier.216-250-124-103.plesk.page\/index.php\/wp-json\/wp\/v2\/media?parent=6100"}],"wp:term":[{"taxonomy":"product_brand","embeddable":true,"href":"https:\/\/modest-napier.216-250-124-103.plesk.page\/index.php\/wp-json\/wp\/v2\/product_brand?post=6100"},{"taxonomy":"product_cat","embeddable":true,"href":"https:\/\/modest-napier.216-250-124-103.plesk.page\/index.php\/wp-json\/wp\/v2\/product_cat?post=6100"},{"taxonomy":"product_tag","embeddable":true,"href":"https:\/\/modest-napier.216-250-124-103.plesk.page\/index.php\/wp-json\/wp\/v2\/product_tag?post=6100"}],"curies":[{"name":"wp","href":"https:\/\/api.w.org\/{rel}","templated":true}]}}