{"id":6101,"date":"2025-09-24T19:55:21","date_gmt":"2025-09-24T19:55:21","guid":{"rendered":"https:\/\/modest-napier.216-250-124-103.plesk.page\/index.php\/producto\/tab-colesterol-y-trigliceridos-con-omega-369-c-100-tab-la-fuerza-de-la-salud\/"},"modified":"2025-09-24T20:47:09","modified_gmt":"2025-09-24T20:47:09","slug":"tabletas-para-colesterol-trigliceridos","status":"publish","type":"product","link":"https:\/\/modest-napier.216-250-124-103.plesk.page\/index.php\/producto\/tabletas-para-colesterol-trigliceridos\/","title":{"rendered":"Colesterol y Triglic\u00e9ridos Omega 3-6-9 100 tabletas"},"content":{"rendered":"<p data-mce-fragment=\"1\">Conoce el suplemento para\u00a0<strong>Colesterol y Triglic\u00e9rdos<\/strong>. El pescado graso tiene altos niveles de \u00e1cidos grasos omega-3, que pueden reducir los triglic\u00e9ridos, un tipo de grasa que se encuentra en la sangre, as\u00ed como reducir la presi\u00f3n arterial y el riesgo de que se formen co\u00e1gulos sangu\u00edneos.<\/p>\n","protected":false},"excerpt":{"rendered":"<p>Conoce el suplemento para\u00a0Colesterol y Triglic\u00e9rdos. El pescado graso tiene altos niveles de \u00e1cidos grasos omega-3, que pueden reducir los triglic\u00e9ridos, un tipo de grasa que se encuentra en la [&hellip;]<\/p>\n","protected":false},"featured_media":2669,"comment_status":"open","ping_status":"closed","template":"","meta":[],"product_brand":[387],"product_cat":[337,318,319],"product_tag":[133],"class_list":{"0":"post-6101","1":"product","2":"type-product","3":"status-publish","4":"has-post-thumbnail","6":"product_brand-la-fuerza-de-la-salud","7":"product_cat-productos","8":"product_cat-salud","9":"product_cat-salud-cardiovascular","10":"product_tag-omega-3-6-9","12":"first","13":"instock","14":"shipping-taxable","15":"purchasable","16":"product-type-simple"},"_links":{"self":[{"href":"https:\/\/modest-napier.216-250-124-103.plesk.page\/index.php\/wp-json\/wp\/v2\/product\/6101","targetHints":{"allow":["GET"]}}],"collection":[{"href":"https:\/\/modest-napier.216-250-124-103.plesk.page\/index.php\/wp-json\/wp\/v2\/product"}],"about":[{"href":"https:\/\/modest-napier.216-250-124-103.plesk.page\/index.php\/wp-json\/wp\/v2\/types\/product"}],"replies":[{"embeddable":true,"href":"https:\/\/modest-napier.216-250-124-103.plesk.page\/index.php\/wp-json\/wp\/v2\/comments?post=6101"}],"wp:featuredmedia":[{"embeddable":true,"href":"https:\/\/modest-napier.216-250-124-103.plesk.page\/index.php\/wp-json\/wp\/v2\/media\/2669"}],"wp:attachment":[{"href":"https:\/\/modest-napier.216-250-124-103.plesk.page\/index.php\/wp-json\/wp\/v2\/media?parent=6101"}],"wp:term":[{"taxonomy":"product_brand","embeddable":true,"href":"https:\/\/modest-napier.216-250-124-103.plesk.page\/index.php\/wp-json\/wp\/v2\/product_brand?post=6101"},{"taxonomy":"product_cat","embeddable":true,"href":"https:\/\/modest-napier.216-250-124-103.plesk.page\/index.php\/wp-json\/wp\/v2\/product_cat?post=6101"},{"taxonomy":"product_tag","embeddable":true,"href":"https:\/\/modest-napier.216-250-124-103.plesk.page\/index.php\/wp-json\/wp\/v2\/product_tag?post=6101"}],"curies":[{"name":"wp","href":"https:\/\/api.w.org\/{rel}","templated":true}]}}