{"id":6113,"date":"2025-09-24T19:55:38","date_gmt":"2025-09-24T19:55:38","guid":{"rendered":"https:\/\/modest-napier.216-250-124-103.plesk.page\/index.php\/producto\/tab-el-milagro-de-la-ortiga-c-30-rn\/"},"modified":"2025-09-24T20:47:08","modified_gmt":"2025-09-24T20:47:08","slug":"tab-el-milagro-de-la-ortiga-c-30-rn","status":"publish","type":"product","link":"https:\/\/modest-napier.216-250-124-103.plesk.page\/index.php\/producto\/tab-el-milagro-de-la-ortiga-c-30-rn\/","title":{"rendered":"El Milagro de la Ortiga 30 tabletas RN"},"content":{"rendered":"<p><strong>Descripci\u00f3n:<\/strong><\/p>\n<p>El suplemento El Milagro de la Ortiga reduce la inflamaci\u00f3n y el dolor del nervio ci\u00e1tico. Auxiliar para dolores reum\u00e1ticos. Destruye la formaci\u00f3n de \u00e1cido \u00farico en las articulaciones (Gota).<\/p>\n<p><strong>Ingredientes:<\/strong><\/p>\n<p>Ortiga mayor, nogal, matarique, retamilla, consuelda, encino, abedul, guasima, cancerina, cart\u00edlago de tibur\u00f3n y calcio.<\/p>\n<p><strong>Modo de uso:<\/strong><\/p>\n<p>Tomar una tableta cada 12 horas.<\/p>\n<p><strong>Contenido:<\/strong><\/p>\n<p>30 tabletas.<\/p>\n","protected":false},"excerpt":{"rendered":"<p>Descripci\u00f3n: El suplemento El Milagro de la Ortiga reduce la inflamaci\u00f3n y el dolor del nervio ci\u00e1tico. Auxiliar para dolores reum\u00e1ticos. Destruye la formaci\u00f3n de \u00e1cido \u00farico en las articulaciones [&hellip;]<\/p>\n","protected":false},"featured_media":2683,"comment_status":"open","ping_status":"closed","template":"","meta":[],"product_brand":[535],"product_cat":[297,337,318],"product_tag":[193,125,194,205,206,93],"class_list":{"0":"post-6113","1":"product","2":"type-product","3":"status-publish","4":"has-post-thumbnail","6":"product_brand-rn","7":"product_cat-dolor-en-articulaciones","8":"product_cat-productos","9":"product_cat-salud","10":"product_tag-calcio","11":"product_tag-cancerina","12":"product_tag-cartilago-de-tiburon","13":"product_tag-encino-blanco","14":"product_tag-guasima","15":"product_tag-ortiga","17":"first","18":"instock","19":"shipping-taxable","20":"purchasable","21":"product-type-simple"},"_links":{"self":[{"href":"https:\/\/modest-napier.216-250-124-103.plesk.page\/index.php\/wp-json\/wp\/v2\/product\/6113","targetHints":{"allow":["GET"]}}],"collection":[{"href":"https:\/\/modest-napier.216-250-124-103.plesk.page\/index.php\/wp-json\/wp\/v2\/product"}],"about":[{"href":"https:\/\/modest-napier.216-250-124-103.plesk.page\/index.php\/wp-json\/wp\/v2\/types\/product"}],"replies":[{"embeddable":true,"href":"https:\/\/modest-napier.216-250-124-103.plesk.page\/index.php\/wp-json\/wp\/v2\/comments?post=6113"}],"wp:featuredmedia":[{"embeddable":true,"href":"https:\/\/modest-napier.216-250-124-103.plesk.page\/index.php\/wp-json\/wp\/v2\/media\/2683"}],"wp:attachment":[{"href":"https:\/\/modest-napier.216-250-124-103.plesk.page\/index.php\/wp-json\/wp\/v2\/media?parent=6113"}],"wp:term":[{"taxonomy":"product_brand","embeddable":true,"href":"https:\/\/modest-napier.216-250-124-103.plesk.page\/index.php\/wp-json\/wp\/v2\/product_brand?post=6113"},{"taxonomy":"product_cat","embeddable":true,"href":"https:\/\/modest-napier.216-250-124-103.plesk.page\/index.php\/wp-json\/wp\/v2\/product_cat?post=6113"},{"taxonomy":"product_tag","embeddable":true,"href":"https:\/\/modest-napier.216-250-124-103.plesk.page\/index.php\/wp-json\/wp\/v2\/product_tag?post=6113"}],"curies":[{"name":"wp","href":"https:\/\/api.w.org\/{rel}","templated":true}]}}