{"id":6114,"date":"2025-09-24T19:55:39","date_gmt":"2025-09-24T19:55:39","guid":{"rendered":"https:\/\/modest-napier.216-250-124-103.plesk.page\/index.php\/producto\/tab-enzimax-bromelina-y-papaina-c-100-vidanat\/"},"modified":"2025-09-24T20:44:03","modified_gmt":"2025-09-24T20:44:03","slug":"tab-enzimax-bromelina-y-papina-c-100-vidanat","status":"publish","type":"product","link":"https:\/\/modest-napier.216-250-124-103.plesk.page\/index.php\/producto\/tab-enzimax-bromelina-y-papina-c-100-vidanat\/","title":{"rendered":"Enzimax Bromelina y Papa\u00edna 100 tabletas Vidanat"},"content":{"rendered":"<p><meta charset=\"utf-8\"><\/p>\n<p><strong>Descripci\u00f3n:\u00a0<\/strong><\/p>\n<p><span data-sheets-value='{\"1\":2,\"2\":\"Descripci\u00f3n:n cuando nuestro cuerpo no genera las enzimas necesaria este suplemento ayuda adescomponer los alimnetos para asi pode digerir y asimilar los nutrientes, evitandola inflamacion y dolor que puede ocasionar no tener una buena digestion .nModo de uso:nnTomar 1 tableta 3 veces al dia. nnContenido:nn100 Tabletas\"}' data-sheets-userformat='{\"2\":14913,\"3\":{\"1\":0},\"9\":1,\"12\":0,\"14\":{\"1\":2,\"2\":2173750},\"15\":\"Arial\",\"16\":9}'>\u00a1Conoce el suplemento <strong>Enzimax con bromelina y papa\u00edna<\/strong>! Cuando nuestro cuerpo no genera las enzimas necesarias, este suplemento ayuda a descomponer los alimentos para que as\u00ed pueda digerir y asimilar los nutrientes, evitando la inflamaci\u00f3n y dolor que puede ocasionar no tener una buena digesti\u00f3n.<\/span><\/p>\n<p><span data-sheets-value='{\"1\":2,\"2\":\"Descripci\u00f3n:n cuando nuestro cuerpo no genera las enzimas necesaria este suplemento ayuda adescomponer los alimnetos para asi pode digerir y asimilar los nutrientes, evitandola inflamacion y dolor que puede ocasionar no tener una buena digestion .nModo de uso:nnTomar 1 tableta 3 veces al dia. nnContenido:nn100 Tabletas\"}' data-sheets-userformat='{\"2\":14913,\"3\":{\"1\":0},\"9\":1,\"12\":0,\"14\":{\"1\":2,\"2\":2173750},\"15\":\"Arial\",\"16\":9}'><strong>Modo de uso:\u00a0<\/strong><\/span><\/p>\n<p><span data-sheets-value='{\"1\":2,\"2\":\"Descripci\u00f3n:n cuando nuestro cuerpo no genera las enzimas necesaria este suplemento ayuda adescomponer los alimnetos para asi pode digerir y asimilar los nutrientes, evitandola inflamacion y dolor que puede ocasionar no tener una buena digestion .nModo de uso:nnTomar 1 tableta 3 veces al dia. nnContenido:nn100 Tabletas\"}' data-sheets-userformat='{\"2\":14913,\"3\":{\"1\":0},\"9\":1,\"12\":0,\"14\":{\"1\":2,\"2\":2173750},\"15\":\"Arial\",\"16\":9}'>Tomar 1 tableta 3 veces al d\u00eda.<\/p>\n<p><strong>Contenido:\u00a0<\/strong><\/span><\/p>\n<p><span data-sheets-value='{\"1\":2,\"2\":\"Descripci\u00f3n:n cuando nuestro cuerpo no genera las enzimas necesaria este suplemento ayuda adescomponer los alimnetos para asi pode digerir y asimilar los nutrientes, evitandola inflamacion y dolor que puede ocasionar no tener una buena digestion .nModo de uso:nnTomar 1 tableta 3 veces al dia. nnContenido:nn100 Tabletas\"}' data-sheets-userformat='{\"2\":14913,\"3\":{\"1\":0},\"9\":1,\"12\":0,\"14\":{\"1\":2,\"2\":2173750},\"15\":\"Arial\",\"16\":9}'>100 tabletas.<\/span><\/p>\n","protected":false},"excerpt":{"rendered":"<p>Descripci\u00f3n:\u00a0 \u00a1Conoce el suplemento Enzimax con bromelina y papa\u00edna! Cuando nuestro cuerpo no genera las enzimas necesarias, este suplemento ayuda a descomponer los alimentos para que as\u00ed pueda digerir y [&hellip;]<\/p>\n","protected":false},"featured_media":2684,"comment_status":"open","ping_status":"closed","template":"","meta":[],"product_brand":[354],"product_cat":[308,337,318,323],"product_tag":[],"class_list":{"0":"post-6114","1":"product","2":"type-product","3":"status-publish","4":"has-post-thumbnail","6":"product_brand-vidanat","7":"product_cat-nutricion","8":"product_cat-productos","9":"product_cat-salud","10":"product_cat-salud-intestinal","12":"first","13":"instock","14":"shipping-taxable","15":"purchasable","16":"product-type-simple"},"_links":{"self":[{"href":"https:\/\/modest-napier.216-250-124-103.plesk.page\/index.php\/wp-json\/wp\/v2\/product\/6114","targetHints":{"allow":["GET"]}}],"collection":[{"href":"https:\/\/modest-napier.216-250-124-103.plesk.page\/index.php\/wp-json\/wp\/v2\/product"}],"about":[{"href":"https:\/\/modest-napier.216-250-124-103.plesk.page\/index.php\/wp-json\/wp\/v2\/types\/product"}],"replies":[{"embeddable":true,"href":"https:\/\/modest-napier.216-250-124-103.plesk.page\/index.php\/wp-json\/wp\/v2\/comments?post=6114"}],"wp:featuredmedia":[{"embeddable":true,"href":"https:\/\/modest-napier.216-250-124-103.plesk.page\/index.php\/wp-json\/wp\/v2\/media\/2684"}],"wp:attachment":[{"href":"https:\/\/modest-napier.216-250-124-103.plesk.page\/index.php\/wp-json\/wp\/v2\/media?parent=6114"}],"wp:term":[{"taxonomy":"product_brand","embeddable":true,"href":"https:\/\/modest-napier.216-250-124-103.plesk.page\/index.php\/wp-json\/wp\/v2\/product_brand?post=6114"},{"taxonomy":"product_cat","embeddable":true,"href":"https:\/\/modest-napier.216-250-124-103.plesk.page\/index.php\/wp-json\/wp\/v2\/product_cat?post=6114"},{"taxonomy":"product_tag","embeddable":true,"href":"https:\/\/modest-napier.216-250-124-103.plesk.page\/index.php\/wp-json\/wp\/v2\/product_tag?post=6114"}],"curies":[{"name":"wp","href":"https:\/\/api.w.org\/{rel}","templated":true}]}}