{"id":6118,"date":"2025-09-24T19:55:45","date_gmt":"2025-09-24T19:55:45","guid":{"rendered":"https:\/\/modest-napier.216-250-124-103.plesk.page\/index.php\/producto\/tab-equinacea-vit-c-propoleo-c-100-the-king\/"},"modified":"2025-09-24T20:44:49","modified_gmt":"2025-09-24T20:44:49","slug":"tab-equinacea-vit-c-propoleo-c-100-the-king","status":"publish","type":"product","link":"https:\/\/modest-napier.216-250-124-103.plesk.page\/index.php\/producto\/tab-equinacea-vit-c-propoleo-c-100-the-king\/","title":{"rendered":"Equin\u00e1cea, Vitamina C y Prop\u00f3leo 100 tabs. The King"},"content":{"rendered":"<p><span data-mce-fragment=\"1\"><strong data-mce-fragment=\"1\">Descripci\u00f3n:<\/strong><\/span><\/p>\n<p><span data-mce-fragment=\"1\">El suplemento de <strong>Equin\u00e1cea con Vitamina C y Prop\u00f3leo<\/strong> es auxiliar para g<\/span><span data-mce-fragment=\"1\">ripe com\u00fan, flujo, nasal, alergias y fortalece el sistema inmune.<\/span><\/p>\n<p data-mce-fragment=\"1\"><strong data-mce-fragment=\"1\">Modo de uso:<\/strong><\/p>\n<p data-mce-fragment=\"1\">Tomar 2 tabletas antes de cada alimento.<\/p>\n<p data-mce-fragment=\"1\"><strong data-mce-fragment=\"1\">Contenido:<\/strong><\/p>\n<p data-mce-fragment=\"1\">100 tabletas.<\/p>\n","protected":false},"excerpt":{"rendered":"<p>Descripci\u00f3n: El suplemento de Equin\u00e1cea con Vitamina C y Prop\u00f3leo es auxiliar para gripe com\u00fan, flujo, nasal, alergias y fortalece el sistema inmune. Modo de uso: Tomar 2 tabletas antes [&hellip;]<\/p>\n","protected":false},"featured_media":2689,"comment_status":"open","ping_status":"closed","template":"","meta":[],"product_brand":[391],"product_cat":[337,318,326],"product_tag":[178,84,86],"class_list":{"0":"post-6118","1":"product","2":"type-product","3":"status-publish","4":"has-post-thumbnail","6":"product_brand-the-king","7":"product_cat-productos","8":"product_cat-salud","9":"product_cat-sistema-inmune","10":"product_tag-equinacea","11":"product_tag-propoleo","12":"product_tag-vitamina-c","14":"first","15":"instock","16":"shipping-taxable","17":"purchasable","18":"product-type-simple"},"_links":{"self":[{"href":"https:\/\/modest-napier.216-250-124-103.plesk.page\/index.php\/wp-json\/wp\/v2\/product\/6118","targetHints":{"allow":["GET"]}}],"collection":[{"href":"https:\/\/modest-napier.216-250-124-103.plesk.page\/index.php\/wp-json\/wp\/v2\/product"}],"about":[{"href":"https:\/\/modest-napier.216-250-124-103.plesk.page\/index.php\/wp-json\/wp\/v2\/types\/product"}],"replies":[{"embeddable":true,"href":"https:\/\/modest-napier.216-250-124-103.plesk.page\/index.php\/wp-json\/wp\/v2\/comments?post=6118"}],"wp:featuredmedia":[{"embeddable":true,"href":"https:\/\/modest-napier.216-250-124-103.plesk.page\/index.php\/wp-json\/wp\/v2\/media\/2689"}],"wp:attachment":[{"href":"https:\/\/modest-napier.216-250-124-103.plesk.page\/index.php\/wp-json\/wp\/v2\/media?parent=6118"}],"wp:term":[{"taxonomy":"product_brand","embeddable":true,"href":"https:\/\/modest-napier.216-250-124-103.plesk.page\/index.php\/wp-json\/wp\/v2\/product_brand?post=6118"},{"taxonomy":"product_cat","embeddable":true,"href":"https:\/\/modest-napier.216-250-124-103.plesk.page\/index.php\/wp-json\/wp\/v2\/product_cat?post=6118"},{"taxonomy":"product_tag","embeddable":true,"href":"https:\/\/modest-napier.216-250-124-103.plesk.page\/index.php\/wp-json\/wp\/v2\/product_tag?post=6118"}],"curies":[{"name":"wp","href":"https:\/\/api.w.org\/{rel}","templated":true}]}}