{"id":6120,"date":"2025-09-24T19:55:47","date_gmt":"2025-09-24T19:55:47","guid":{"rendered":"https:\/\/modest-napier.216-250-124-103.plesk.page\/index.php\/producto\/tab-estrogerbal-c-30-com-vida-herbal\/"},"modified":"2025-09-24T20:45:32","modified_gmt":"2025-09-24T20:45:32","slug":"tab-estrogerbal-c-30-com-vida-herbal","status":"publish","type":"product","link":"https:\/\/modest-napier.216-250-124-103.plesk.page\/index.php\/producto\/tab-estrogerbal-c-30-com-vida-herbal\/","title":{"rendered":"Estrogerbal 30 tabletas Vida Herbal"},"content":{"rendered":"<p><strong data-mce-fragment=\"1\">Descripci\u00f3n:<\/strong><\/p>\n<p><span data-mce-fragment=\"1\">El suplemento <strong>Estrogerbal<\/strong> es auxiliar en el tratamiento de los trastornos provocados por la pre menopausia, menopausia y post menopausia.<\/span><\/p>\n<p><strong>Ingredientes:<\/strong><\/p>\n<p>Barbasco wild yam, calcio de coral, diente de le\u00f3n , salvia, fenogreco, black cohosh, retinol, alfa-tocoferol, vitamina D, \u00e1cido f\u00f3lico, vitamina B1, vitamina B2, vitamina B6, vitamina B12, cobre, hierro, yodo y zinc.<br data-mce-fragment=\"1\"><br data-mce-fragment=\"1\"><strong data-mce-fragment=\"1\">Modo de uso:<\/strong><br data-mce-fragment=\"1\"><\/p>\n<p>Tomar 1 c\u00e1psula por la ma\u00f1ana\u00a0y por la tarde, entre comidas.<\/p>\n<p><strong data-mce-fragment=\"1\">Contenido:<\/strong><\/p>\n<p>30 comprimidos.<\/p>\n","protected":false},"excerpt":{"rendered":"<p>Descripci\u00f3n: El suplemento Estrogerbal es auxiliar en el tratamiento de los trastornos provocados por la pre menopausia, menopausia y post menopausia. Ingredientes: Barbasco wild yam, calcio de coral, diente de [&hellip;]<\/p>\n","protected":false},"featured_media":2691,"comment_status":"open","ping_status":"closed","template":"","meta":[],"product_brand":[562],"product_cat":[337,318,329],"product_tag":[169,202,189,148,154,42,177,87,215,179],"class_list":{"0":"post-6120","1":"product","2":"type-product","3":"status-publish","4":"has-post-thumbnail","6":"product_brand-vida-herbal","7":"product_cat-productos","8":"product_cat-salud","9":"product_cat-suplementos-para-la-mujer","10":"product_tag-acido-folico","11":"product_tag-calcio-de-coral","12":"product_tag-camote-silvestre","13":"product_tag-complejo-b","14":"product_tag-diente-de-leon","15":"product_tag-fenogreco","16":"product_tag-hierro","17":"product_tag-vitamina-d","18":"product_tag-yodo","19":"product_tag-zinc","21":"first","22":"instock","23":"shipping-taxable","24":"purchasable","25":"product-type-simple"},"_links":{"self":[{"href":"https:\/\/modest-napier.216-250-124-103.plesk.page\/index.php\/wp-json\/wp\/v2\/product\/6120","targetHints":{"allow":["GET"]}}],"collection":[{"href":"https:\/\/modest-napier.216-250-124-103.plesk.page\/index.php\/wp-json\/wp\/v2\/product"}],"about":[{"href":"https:\/\/modest-napier.216-250-124-103.plesk.page\/index.php\/wp-json\/wp\/v2\/types\/product"}],"replies":[{"embeddable":true,"href":"https:\/\/modest-napier.216-250-124-103.plesk.page\/index.php\/wp-json\/wp\/v2\/comments?post=6120"}],"wp:featuredmedia":[{"embeddable":true,"href":"https:\/\/modest-napier.216-250-124-103.plesk.page\/index.php\/wp-json\/wp\/v2\/media\/2691"}],"wp:attachment":[{"href":"https:\/\/modest-napier.216-250-124-103.plesk.page\/index.php\/wp-json\/wp\/v2\/media?parent=6120"}],"wp:term":[{"taxonomy":"product_brand","embeddable":true,"href":"https:\/\/modest-napier.216-250-124-103.plesk.page\/index.php\/wp-json\/wp\/v2\/product_brand?post=6120"},{"taxonomy":"product_cat","embeddable":true,"href":"https:\/\/modest-napier.216-250-124-103.plesk.page\/index.php\/wp-json\/wp\/v2\/product_cat?post=6120"},{"taxonomy":"product_tag","embeddable":true,"href":"https:\/\/modest-napier.216-250-124-103.plesk.page\/index.php\/wp-json\/wp\/v2\/product_tag?post=6120"}],"curies":[{"name":"wp","href":"https:\/\/api.w.org\/{rel}","templated":true}]}}