{"id":6121,"date":"2025-09-24T19:55:48","date_gmt":"2025-09-24T19:55:48","guid":{"rendered":"https:\/\/modest-napier.216-250-124-103.plesk.page\/index.php\/producto\/tab-ex-ray-huesos-fuertes-c-30-green-remedies\/"},"modified":"2025-09-24T20:45:28","modified_gmt":"2025-09-24T20:45:28","slug":"tab-ex-ray-huesos-fuertes-c-30-green-remedies","status":"publish","type":"product","link":"https:\/\/modest-napier.216-250-124-103.plesk.page\/index.php\/producto\/tab-ex-ray-huesos-fuertes-c-30-green-remedies\/","title":{"rendered":"Ex-Rey Huesos Fuertes 30 tabletas Green Remedies"},"content":{"rendered":"<p data-mce-fragment=\"1\"><strong data-mce-fragment=\"1\">Descripci\u00f3n:<\/strong><\/p>\n<p>El suplemento <strong>Ex-Rey Huesos Fuertes<\/strong> tiene los siguientes beneficios:<\/p>\n<ul>\n<li>Ayuda principalmente en la regeneraci\u00f3n y cuidado del cart\u00edlago para la funci\u00f3n de articulaciones saludables.<\/li>\n<li>Apoya a la salud y a la movilidad de las articulaciones despu\u00e9s del ejercicio.<\/li>\n<li>Apoya el funcionamiento normal de los tejidos conectivos de tu cuerpo.<\/li>\n<li>Promueve la flexibilidad normal del cuerpo.<\/li>\n<li>Apoya la movilidad, flexibilidad y funcionamiento de las articulaciones.<\/li>\n<\/ul>\n<p data-mce-fragment=\"1\"><strong data-mce-fragment=\"1\">Ingredientes:<\/strong><\/p>\n<p data-mce-fragment=\"1\">Cart\u00edlago de Tibur\u00f3n, Glucosamina, Calcio, Cloruro de Magnesio, Diente de Ajo, Sauce, Bromelina, C\u00farcuma, Vitamina B12, Magnesio, Hierro.<strong data-mce-fragment=\"1\"><br \/><\/strong><\/p>\n<p data-mce-fragment=\"1\"><strong data-mce-fragment=\"1\">Modo de uso:<\/strong><\/p>\n<p data-mce-fragment=\"1\"><span>Tomar 1 tableta al d\u00eda despu\u00e9s de los alimentos con suficiente agua.<\/span><\/p>\n<p data-mce-fragment=\"1\"><strong data-mce-fragment=\"1\">Contenido:<\/strong><\/p>\n<p data-mce-fragment=\"1\">30 tabletas.<\/p>\n","protected":false},"excerpt":{"rendered":"<p>Descripci\u00f3n: El suplemento Ex-Rey Huesos Fuertes tiene los siguientes beneficios: Ayuda principalmente en la regeneraci\u00f3n y cuidado del cart\u00edlago para la funci\u00f3n de articulaciones saludables. Apoya a la salud y [&hellip;]<\/p>\n","protected":false},"featured_media":2692,"comment_status":"open","ping_status":"closed","template":"","meta":[],"product_brand":[560],"product_cat":[299,337,318],"product_tag":[108,193,194,148,151,92,177,39],"class_list":{"0":"post-6121","1":"product","2":"type-product","3":"status-publish","4":"has-post-thumbnail","6":"product_brand-green-remedies","7":"product_cat-fortalecimiento-de-los-huesos","8":"product_cat-productos","9":"product_cat-salud","10":"product_tag-ajo","11":"product_tag-calcio","12":"product_tag-cartilago-de-tiburon","13":"product_tag-complejo-b","14":"product_tag-curcuma","15":"product_tag-glucosamina","16":"product_tag-hierro","17":"product_tag-magnesio","19":"first","20":"outofstock","21":"shipping-taxable","22":"purchasable","23":"product-type-simple"},"_links":{"self":[{"href":"https:\/\/modest-napier.216-250-124-103.plesk.page\/index.php\/wp-json\/wp\/v2\/product\/6121","targetHints":{"allow":["GET"]}}],"collection":[{"href":"https:\/\/modest-napier.216-250-124-103.plesk.page\/index.php\/wp-json\/wp\/v2\/product"}],"about":[{"href":"https:\/\/modest-napier.216-250-124-103.plesk.page\/index.php\/wp-json\/wp\/v2\/types\/product"}],"replies":[{"embeddable":true,"href":"https:\/\/modest-napier.216-250-124-103.plesk.page\/index.php\/wp-json\/wp\/v2\/comments?post=6121"}],"wp:featuredmedia":[{"embeddable":true,"href":"https:\/\/modest-napier.216-250-124-103.plesk.page\/index.php\/wp-json\/wp\/v2\/media\/2692"}],"wp:attachment":[{"href":"https:\/\/modest-napier.216-250-124-103.plesk.page\/index.php\/wp-json\/wp\/v2\/media?parent=6121"}],"wp:term":[{"taxonomy":"product_brand","embeddable":true,"href":"https:\/\/modest-napier.216-250-124-103.plesk.page\/index.php\/wp-json\/wp\/v2\/product_brand?post=6121"},{"taxonomy":"product_cat","embeddable":true,"href":"https:\/\/modest-napier.216-250-124-103.plesk.page\/index.php\/wp-json\/wp\/v2\/product_cat?post=6121"},{"taxonomy":"product_tag","embeddable":true,"href":"https:\/\/modest-napier.216-250-124-103.plesk.page\/index.php\/wp-json\/wp\/v2\/product_tag?post=6121"}],"curies":[{"name":"wp","href":"https:\/\/api.w.org\/{rel}","templated":true}]}}