{"id":6125,"date":"2025-09-24T19:55:54","date_gmt":"2025-09-24T19:55:54","guid":{"rendered":"https:\/\/modest-napier.216-250-124-103.plesk.page\/index.php\/producto\/tab-gastroplus-gastritis-colitis-c-60-margarita-natural\/"},"modified":"2025-09-24T20:46:04","modified_gmt":"2025-09-24T20:46:04","slug":"tab-gastroplus-gastritis-colitis-c-60-margarita-natural","status":"publish","type":"product","link":"https:\/\/modest-napier.216-250-124-103.plesk.page\/index.php\/producto\/tab-gastroplus-gastritis-colitis-c-60-margarita-natural\/","title":{"rendered":"GastroPlus Gastritis Colitis 60 tabletas"},"content":{"rendered":"<p data-mce-fragment=\"1\"><strong data-mce-fragment=\"1\">Descripci\u00f3n:<\/strong><\/p>\n<p data-mce-fragment=\"1\"><span>El suplemento <strong>GastroPlus<\/strong> es auxiliar en el tratamiento de los problemas digestivos como gastritis, colitis, \u00falceras g\u00e1stricas, gases, flatulencias y digesti\u00f3n lenta.<\/span><\/p>\n<p data-mce-fragment=\"1\"><strong>Ingredientes:<\/strong><\/p>\n<p data-mce-fragment=\"1\"><span>Germen de trigo, Cuachalalate, Copalquin, Ra\u00edz de ang\u00e9lica, Cancerina, Acahuatl.<\/span><\/p>\n<p data-mce-fragment=\"1\"><strong data-mce-fragment=\"1\">Modo de uso:<\/strong><\/p>\n<p data-mce-fragment=\"1\">Tomar 1 a 2 tabletas despu\u00e9s\u00a0de cada comida.<\/p>\n<p data-mce-fragment=\"1\"><strong data-mce-fragment=\"1\">Contenido:<\/strong><\/p>\n<p data-mce-fragment=\"1\">60 tabletas.<\/p>\n","protected":false},"excerpt":{"rendered":"<p>Descripci\u00f3n: El suplemento GastroPlus es auxiliar en el tratamiento de los problemas digestivos como gastritis, colitis, \u00falceras g\u00e1stricas, gases, flatulencias y digesti\u00f3n lenta. Ingredientes: Germen de trigo, Cuachalalate, Copalquin, Ra\u00edz [&hellip;]<\/p>\n","protected":false},"featured_media":2696,"comment_status":"open","ping_status":"closed","template":"","meta":[],"product_brand":[524],"product_cat":[337,318,323],"product_tag":[125,149,96,67],"class_list":{"0":"post-6125","1":"product","2":"type-product","3":"status-publish","4":"has-post-thumbnail","6":"product_brand-margarita-natural","7":"product_cat-productos","8":"product_cat-salud","9":"product_cat-salud-intestinal","10":"product_tag-cancerina","11":"product_tag-copalquin","12":"product_tag-cuachalalate","13":"product_tag-germen-de-trigo","15":"first","16":"outofstock","17":"shipping-taxable","18":"purchasable","19":"product-type-simple"},"_links":{"self":[{"href":"https:\/\/modest-napier.216-250-124-103.plesk.page\/index.php\/wp-json\/wp\/v2\/product\/6125","targetHints":{"allow":["GET"]}}],"collection":[{"href":"https:\/\/modest-napier.216-250-124-103.plesk.page\/index.php\/wp-json\/wp\/v2\/product"}],"about":[{"href":"https:\/\/modest-napier.216-250-124-103.plesk.page\/index.php\/wp-json\/wp\/v2\/types\/product"}],"replies":[{"embeddable":true,"href":"https:\/\/modest-napier.216-250-124-103.plesk.page\/index.php\/wp-json\/wp\/v2\/comments?post=6125"}],"wp:featuredmedia":[{"embeddable":true,"href":"https:\/\/modest-napier.216-250-124-103.plesk.page\/index.php\/wp-json\/wp\/v2\/media\/2696"}],"wp:attachment":[{"href":"https:\/\/modest-napier.216-250-124-103.plesk.page\/index.php\/wp-json\/wp\/v2\/media?parent=6125"}],"wp:term":[{"taxonomy":"product_brand","embeddable":true,"href":"https:\/\/modest-napier.216-250-124-103.plesk.page\/index.php\/wp-json\/wp\/v2\/product_brand?post=6125"},{"taxonomy":"product_cat","embeddable":true,"href":"https:\/\/modest-napier.216-250-124-103.plesk.page\/index.php\/wp-json\/wp\/v2\/product_cat?post=6125"},{"taxonomy":"product_tag","embeddable":true,"href":"https:\/\/modest-napier.216-250-124-103.plesk.page\/index.php\/wp-json\/wp\/v2\/product_tag?post=6125"}],"curies":[{"name":"wp","href":"https:\/\/api.w.org\/{rel}","templated":true}]}}