{"id":6128,"date":"2025-09-24T19:55:58","date_gmt":"2025-09-24T19:55:58","guid":{"rendered":"https:\/\/modest-napier.216-250-124-103.plesk.page\/index.php\/producto\/tab-gluconato-de-magnesio-calcio-de-coral-c-90-dos-mundos\/"},"modified":"2025-09-24T20:44:06","modified_gmt":"2025-09-24T20:44:06","slug":"tab-gluconato-de-magnesio-calcio-de-coral-c-90-dos-mundos","status":"publish","type":"product","link":"https:\/\/modest-napier.216-250-124-103.plesk.page\/index.php\/producto\/tab-gluconato-de-magnesio-calcio-de-coral-c-90-dos-mundos\/","title":{"rendered":"Gluconato de Magnesio Calcio de Coral 90 tabletas"},"content":{"rendered":"<style type=\"text\/css\" data-mce-fragment=\"1\"><!--\ntd {border: 1px solid #cccccc;}br {mso-data-placement:same-cell;}\n--><\/style>\n<p><strong>Descripci\u00f3n:<\/strong><\/p>\n<p><span data-sheets-value='{\"1\":2,\"2\":\"Descripci\u00f3n:nSe usa para tratar la disminuci\u00f3n del nivel de magnesio en la sangre. Esta condici\u00f3n es provocada por trastornos del aparato digestivo, v\u00f3mitos o diarrea por un per\u00edodo prolongado de tiempo, enfermedades al ri\u00f1\u00f3n u otras afecciones.nnn Modo de uso:nnTomar una tableta al dia.nnContenido:nn90 tabletas.\"}' data-sheets-userformat='{\"2\":15299,\"3\":{\"1\":0},\"4\":{\"1\":3,\"3\":2},\"9\":1,\"10\":0,\"11\":4,\"12\":0,\"14\":{\"1\":2,\"2\":0},\"15\":\"Arial\",\"16\":9}' data-mce-fragment=\"1\">El <strong>gluconato de magnesio<\/strong> se usa para tratar la disminuci\u00f3n del nivel de magnesio en la sangre. Esta condici\u00f3n es provocada por trastornos del aparato digestivo, v\u00f3mitos o diarrea por un per\u00edodo prolongado de tiempo, enfermedades al ri\u00f1\u00f3n u otras afecciones.<\/span><\/p>\n<p><strong>Modo de uso: <\/strong><\/p>\n<p><span data-sheets-value='{\"1\":2,\"2\":\"Descripci\u00f3n:nSe usa para tratar la disminuci\u00f3n del nivel de magnesio en la sangre. Esta condici\u00f3n es provocada por trastornos del aparato digestivo, v\u00f3mitos o diarrea por un per\u00edodo prolongado de tiempo, enfermedades al ri\u00f1\u00f3n u otras afecciones.nnn Modo de uso:nnTomar una tableta al dia.nnContenido:nn90 tabletas.\"}' data-sheets-userformat='{\"2\":15299,\"3\":{\"1\":0},\"4\":{\"1\":3,\"3\":2},\"9\":1,\"10\":0,\"11\":4,\"12\":0,\"14\":{\"1\":2,\"2\":0},\"15\":\"Arial\",\"16\":9}' data-mce-fragment=\"1\">Tomar una tableta al d\u00eda.<\/span><\/p>\n<p><strong>Contenido:<\/strong><\/p>\n<p><span data-sheets-value='{\"1\":2,\"2\":\"Descripci\u00f3n:nSe usa para tratar la disminuci\u00f3n del nivel de magnesio en la sangre. Esta condici\u00f3n es provocada por trastornos del aparato digestivo, v\u00f3mitos o diarrea por un per\u00edodo prolongado de tiempo, enfermedades al ri\u00f1\u00f3n u otras afecciones.nnn Modo de uso:nnTomar una tableta al dia.nnContenido:nn90 tabletas.\"}' data-sheets-userformat='{\"2\":15299,\"3\":{\"1\":0},\"4\":{\"1\":3,\"3\":2},\"9\":1,\"10\":0,\"11\":4,\"12\":0,\"14\":{\"1\":2,\"2\":0},\"15\":\"Arial\",\"16\":9}' data-mce-fragment=\"1\">90 tabletas.<\/span><\/p>\n","protected":false},"excerpt":{"rendered":"<p>Descripci\u00f3n: El gluconato de magnesio se usa para tratar la disminuci\u00f3n del nivel de magnesio en la sangre. Esta condici\u00f3n es provocada por trastornos del aparato digestivo, v\u00f3mitos o diarrea [&hellip;]<\/p>\n","protected":false},"featured_media":2699,"comment_status":"open","ping_status":"closed","template":"","meta":[],"product_brand":[491],"product_cat":[337,318,335],"product_tag":[202,39],"class_list":{"0":"post-6128","1":"product","2":"type-product","3":"status-publish","4":"has-post-thumbnail","6":"product_brand-dos-mundos","7":"product_cat-productos","8":"product_cat-salud","9":"product_cat-vitaminas-y-minerales","10":"product_tag-calcio-de-coral","11":"product_tag-magnesio","13":"first","14":"instock","15":"shipping-taxable","16":"purchasable","17":"product-type-simple"},"_links":{"self":[{"href":"https:\/\/modest-napier.216-250-124-103.plesk.page\/index.php\/wp-json\/wp\/v2\/product\/6128","targetHints":{"allow":["GET"]}}],"collection":[{"href":"https:\/\/modest-napier.216-250-124-103.plesk.page\/index.php\/wp-json\/wp\/v2\/product"}],"about":[{"href":"https:\/\/modest-napier.216-250-124-103.plesk.page\/index.php\/wp-json\/wp\/v2\/types\/product"}],"replies":[{"embeddable":true,"href":"https:\/\/modest-napier.216-250-124-103.plesk.page\/index.php\/wp-json\/wp\/v2\/comments?post=6128"}],"wp:featuredmedia":[{"embeddable":true,"href":"https:\/\/modest-napier.216-250-124-103.plesk.page\/index.php\/wp-json\/wp\/v2\/media\/2699"}],"wp:attachment":[{"href":"https:\/\/modest-napier.216-250-124-103.plesk.page\/index.php\/wp-json\/wp\/v2\/media?parent=6128"}],"wp:term":[{"taxonomy":"product_brand","embeddable":true,"href":"https:\/\/modest-napier.216-250-124-103.plesk.page\/index.php\/wp-json\/wp\/v2\/product_brand?post=6128"},{"taxonomy":"product_cat","embeddable":true,"href":"https:\/\/modest-napier.216-250-124-103.plesk.page\/index.php\/wp-json\/wp\/v2\/product_cat?post=6128"},{"taxonomy":"product_tag","embeddable":true,"href":"https:\/\/modest-napier.216-250-124-103.plesk.page\/index.php\/wp-json\/wp\/v2\/product_tag?post=6128"}],"curies":[{"name":"wp","href":"https:\/\/api.w.org\/{rel}","templated":true}]}}