{"id":6131,"date":"2025-09-24T19:56:02","date_gmt":"2025-09-24T19:56:02","guid":{"rendered":"https:\/\/modest-napier.216-250-124-103.plesk.page\/index.php\/producto\/tab-glucosamina-c-60-dragon-dorado-y-the-king\/"},"modified":"2025-09-24T20:44:48","modified_gmt":"2025-09-24T20:44:48","slug":"tab-glucosamina-c-60-dragon-dorado","status":"publish","type":"product","link":"https:\/\/modest-napier.216-250-124-103.plesk.page\/index.php\/producto\/tab-glucosamina-c-60-dragon-dorado\/","title":{"rendered":"Glucosamina 60 tabletas Drag\u00f3n Dorado"},"content":{"rendered":"<p><strong>Descripci\u00f3n:<\/strong><\/p>\n<ul>\n<li><span>Auxiliar en afecciones como artritis, osteoporosis, cart\u00edlago.<\/span><\/li>\n<li><span>Su acci\u00f3n y la funcionalidad permiten mantener a las articulaciones sanas y saludables, evitando calambres por lo que es recomendable para personas que practican ejercicio. <\/span><\/li>\n<li><span>Permite prevenir lesiones articulares o el agravamiento de las mismas contribuyendo a la disminuci\u00f3n de dolores en caso de artritis y artrosis.<\/span><\/li>\n<\/ul>\n<p><strong>Modo de uso:<\/strong><\/p>\n<p>Tomar 2 tabletas antes de cada alimento.<\/p>\n<p><strong>Contenido:<\/strong><\/p>\n<p>60 tabletas.<\/p>\n","protected":false},"excerpt":{"rendered":"<p>Descripci\u00f3n: Auxiliar en afecciones como artritis, osteoporosis, cart\u00edlago. Su acci\u00f3n y la funcionalidad permiten mantener a las articulaciones sanas y saludables, evitando calambres por lo que es recomendable para personas [&hellip;]<\/p>\n","protected":false},"featured_media":2702,"comment_status":"open","ping_status":"closed","template":"","meta":[],"product_brand":[365],"product_cat":[297,337,318],"product_tag":[92],"class_list":{"0":"post-6131","1":"product","2":"type-product","3":"status-publish","4":"has-post-thumbnail","6":"product_brand-dragon-dorado","7":"product_cat-dolor-en-articulaciones","8":"product_cat-productos","9":"product_cat-salud","10":"product_tag-glucosamina","12":"first","13":"instock","14":"shipping-taxable","15":"purchasable","16":"product-type-simple"},"_links":{"self":[{"href":"https:\/\/modest-napier.216-250-124-103.plesk.page\/index.php\/wp-json\/wp\/v2\/product\/6131","targetHints":{"allow":["GET"]}}],"collection":[{"href":"https:\/\/modest-napier.216-250-124-103.plesk.page\/index.php\/wp-json\/wp\/v2\/product"}],"about":[{"href":"https:\/\/modest-napier.216-250-124-103.plesk.page\/index.php\/wp-json\/wp\/v2\/types\/product"}],"replies":[{"embeddable":true,"href":"https:\/\/modest-napier.216-250-124-103.plesk.page\/index.php\/wp-json\/wp\/v2\/comments?post=6131"}],"wp:featuredmedia":[{"embeddable":true,"href":"https:\/\/modest-napier.216-250-124-103.plesk.page\/index.php\/wp-json\/wp\/v2\/media\/2702"}],"wp:attachment":[{"href":"https:\/\/modest-napier.216-250-124-103.plesk.page\/index.php\/wp-json\/wp\/v2\/media?parent=6131"}],"wp:term":[{"taxonomy":"product_brand","embeddable":true,"href":"https:\/\/modest-napier.216-250-124-103.plesk.page\/index.php\/wp-json\/wp\/v2\/product_brand?post=6131"},{"taxonomy":"product_cat","embeddable":true,"href":"https:\/\/modest-napier.216-250-124-103.plesk.page\/index.php\/wp-json\/wp\/v2\/product_cat?post=6131"},{"taxonomy":"product_tag","embeddable":true,"href":"https:\/\/modest-napier.216-250-124-103.plesk.page\/index.php\/wp-json\/wp\/v2\/product_tag?post=6131"}],"curies":[{"name":"wp","href":"https:\/\/api.w.org\/{rel}","templated":true}]}}