{"id":6132,"date":"2025-09-24T19:56:03","date_gmt":"2025-09-24T19:56:03","guid":{"rendered":"https:\/\/modest-napier.216-250-124-103.plesk.page\/index.php\/producto\/tab-hepatek-c-30-well-health\/"},"modified":"2025-09-24T20:45:54","modified_gmt":"2025-09-24T20:45:54","slug":"tab-hepatek-c-30-well-health","status":"publish","type":"product","link":"https:\/\/modest-napier.216-250-124-103.plesk.page\/index.php\/producto\/tab-hepatek-c-30-well-health\/","title":{"rendered":"Hepatek 30 tabletas Well Health"},"content":{"rendered":"<p dir=\"ltr\" id=\"docs-internal-guid-ad648ec9-7fff-2c22-5be5-1648fbbc4087\"><strong>Hepatek<\/strong><span> es un suplemento alimenticio que combina ingredientes naturales\u00a0 seleccionados para promover la salud y regeneraci\u00f3n hep\u00e1tica. Ya sea como parte de un tratamiento para hepatitis o cirrosis, para eliminar toxinas acumuladas por el alcoholismo, o para mejorar la digesti\u00f3n y aliviar el estre\u00f1imiento cr\u00f3nico.<\/span><\/p>\n","protected":false},"excerpt":{"rendered":"<p>Hepatek es un suplemento alimenticio que combina ingredientes naturales\u00a0 seleccionados para promover la salud y regeneraci\u00f3n hep\u00e1tica. Ya sea como parte de un tratamiento para hepatitis o cirrosis, para eliminar [&hellip;]<\/p>\n","protected":false},"featured_media":2705,"comment_status":"open","ping_status":"closed","template":"","meta":[],"product_brand":[576],"product_cat":[337,318,322],"product_tag":[119,151,136],"class_list":{"0":"post-6132","1":"product","2":"type-product","3":"status-publish","4":"has-post-thumbnail","6":"product_brand-wellhealth","7":"product_cat-productos","8":"product_cat-salud","9":"product_cat-salud-del-higado","10":"product_tag-boldo","11":"product_tag-curcuma","12":"product_tag-jengibre","14":"first","15":"outofstock","16":"shipping-taxable","17":"purchasable","18":"product-type-simple"},"_links":{"self":[{"href":"https:\/\/modest-napier.216-250-124-103.plesk.page\/index.php\/wp-json\/wp\/v2\/product\/6132","targetHints":{"allow":["GET"]}}],"collection":[{"href":"https:\/\/modest-napier.216-250-124-103.plesk.page\/index.php\/wp-json\/wp\/v2\/product"}],"about":[{"href":"https:\/\/modest-napier.216-250-124-103.plesk.page\/index.php\/wp-json\/wp\/v2\/types\/product"}],"replies":[{"embeddable":true,"href":"https:\/\/modest-napier.216-250-124-103.plesk.page\/index.php\/wp-json\/wp\/v2\/comments?post=6132"}],"wp:featuredmedia":[{"embeddable":true,"href":"https:\/\/modest-napier.216-250-124-103.plesk.page\/index.php\/wp-json\/wp\/v2\/media\/2705"}],"wp:attachment":[{"href":"https:\/\/modest-napier.216-250-124-103.plesk.page\/index.php\/wp-json\/wp\/v2\/media?parent=6132"}],"wp:term":[{"taxonomy":"product_brand","embeddable":true,"href":"https:\/\/modest-napier.216-250-124-103.plesk.page\/index.php\/wp-json\/wp\/v2\/product_brand?post=6132"},{"taxonomy":"product_cat","embeddable":true,"href":"https:\/\/modest-napier.216-250-124-103.plesk.page\/index.php\/wp-json\/wp\/v2\/product_cat?post=6132"},{"taxonomy":"product_tag","embeddable":true,"href":"https:\/\/modest-napier.216-250-124-103.plesk.page\/index.php\/wp-json\/wp\/v2\/product_tag?post=6132"}],"curies":[{"name":"wp","href":"https:\/\/api.w.org\/{rel}","templated":true}]}}