{"id":6134,"date":"2025-09-24T19:56:07","date_gmt":"2025-09-24T19:56:07","guid":{"rendered":"https:\/\/modest-napier.216-250-124-103.plesk.page\/index.php\/producto\/tab-hierro-bedoyecta-3-en-1-neurobion-b12-c-100-la-fuerza-de-la-salud\/"},"modified":"2025-09-24T20:44:29","modified_gmt":"2025-09-24T20:44:29","slug":"hierro-bedoyecta","status":"publish","type":"product","link":"https:\/\/modest-napier.216-250-124-103.plesk.page\/index.php\/producto\/hierro-bedoyecta\/","title":{"rendered":"Hierro Bedoyecta 3 en 1 Neurobi\u00f3n B12 100 tabletas"},"content":{"rendered":"<p>\u00bfSientes fatiga constante, falta de apetito o dificultad para concentrarte? Con la f\u00f3rmula de <em>Hierro Bedoyecta<\/em>, Neurobi\u00f3n B12, puedes recuperar tu energ\u00eda y vitalidad. \u00a1Empieza a disfrutar de la vida al m\u00e1ximo con este suplemento excepcional!<\/p>\n","protected":false},"excerpt":{"rendered":"<p>\u00bfSientes fatiga constante, falta de apetito o dificultad para concentrarte? Con la f\u00f3rmula de Hierro Bedoyecta, Neurobi\u00f3n B12, puedes recuperar tu energ\u00eda y vitalidad. \u00a1Empieza a disfrutar de la vida [&hellip;]<\/p>\n","protected":false},"featured_media":2707,"comment_status":"open","ping_status":"closed","template":"","meta":[],"product_brand":[387],"product_cat":[337,318,335],"product_tag":[169,193,148,177,269,184],"class_list":{"0":"post-6134","1":"product","2":"type-product","3":"status-publish","4":"has-post-thumbnail","6":"product_brand-la-fuerza-de-la-salud","7":"product_cat-productos","8":"product_cat-salud","9":"product_cat-vitaminas-y-minerales","10":"product_tag-acido-folico","11":"product_tag-calcio","12":"product_tag-complejo-b","13":"product_tag-hierro","14":"product_tag-l-lisina","15":"product_tag-levadura-de-cerveza","17":"first","18":"instock","19":"shipping-taxable","20":"purchasable","21":"product-type-simple"},"_links":{"self":[{"href":"https:\/\/modest-napier.216-250-124-103.plesk.page\/index.php\/wp-json\/wp\/v2\/product\/6134","targetHints":{"allow":["GET"]}}],"collection":[{"href":"https:\/\/modest-napier.216-250-124-103.plesk.page\/index.php\/wp-json\/wp\/v2\/product"}],"about":[{"href":"https:\/\/modest-napier.216-250-124-103.plesk.page\/index.php\/wp-json\/wp\/v2\/types\/product"}],"replies":[{"embeddable":true,"href":"https:\/\/modest-napier.216-250-124-103.plesk.page\/index.php\/wp-json\/wp\/v2\/comments?post=6134"}],"wp:featuredmedia":[{"embeddable":true,"href":"https:\/\/modest-napier.216-250-124-103.plesk.page\/index.php\/wp-json\/wp\/v2\/media\/2707"}],"wp:attachment":[{"href":"https:\/\/modest-napier.216-250-124-103.plesk.page\/index.php\/wp-json\/wp\/v2\/media?parent=6134"}],"wp:term":[{"taxonomy":"product_brand","embeddable":true,"href":"https:\/\/modest-napier.216-250-124-103.plesk.page\/index.php\/wp-json\/wp\/v2\/product_brand?post=6134"},{"taxonomy":"product_cat","embeddable":true,"href":"https:\/\/modest-napier.216-250-124-103.plesk.page\/index.php\/wp-json\/wp\/v2\/product_cat?post=6134"},{"taxonomy":"product_tag","embeddable":true,"href":"https:\/\/modest-napier.216-250-124-103.plesk.page\/index.php\/wp-json\/wp\/v2\/product_tag?post=6134"}],"curies":[{"name":"wp","href":"https:\/\/api.w.org\/{rel}","templated":true}]}}